{"id":25681,"date":"2025-02-10T15:54:05","date_gmt":"2025-02-10T15:54:05","guid":{"rendered":"https:\/\/gigionestrumentimusicali.it\/index.php\/product\/mooer-ge150-pro-pedaliera-multieffetto-per-chitarra-elettrica\/"},"modified":"2026-04-04T22:01:02","modified_gmt":"2026-04-04T22:01:02","slug":"mooer-ge150-pro-pedaliera-multieffetto-per-chitarra-elettrica","status":"publish","type":"product","link":"https:\/\/gigionestrumentimusicali.it\/index.php\/product\/mooer-ge150-pro-pedaliera-multieffetto-per-chitarra-elettrica\/","title":{"rendered":"MOOER GE150 PRO &#8211; PEDALIERA MULTIEFFETTO PER CHITARRA ELETTRICA &#8211;"},"content":{"rendered":"<p>Basandosi sulle impressionanti caratteristiche della GE150 originale, la nuova GE150 Pro offre ora ai chitarristi ben 200 preset di fabbrica, garantendo quindi una giusta catena di effetti per qualsiasi scenario musicale. Sono inoltre disponibili 55 preamp modellati con precisione, e 26 simulazioni di cabinet di alta qualit\u00e0, il che significa che qualsiasi catena di effetti pu\u00f2 essere perfezionata con il suo tono di amplificazione ottimale; la pedaliera supporta anche il caricamento di un massimo di 10 simulazioni di cabinet IR di terze parti, aumentandone di fatto la versatilit\u00e0. L&#8217;upgrade pi\u00f9 importante \u00e8 che la GE150 Pro \u00e8 dotata di quattro footswitch anzich\u00e9 due: questa scelta \u00e8 stata abbinata ad una logica di controllo della catena degli effetti migliorata, per una maggiore flessibilit\u00e0 quando si passa da una patch all&#8217;altra durante l&#8217;esecuzione. L&#8217;interfaccia utente del pedale \u00e8 stata arricchita di funzioni multiple, per soddisfare ancora una volta le crescenti esigenze di controllo dei chitarristi. Oltre ai quattro footswitch, all&#8217;interfaccia intuitiva e allo schermo LCD da 2,8\u201d di alta qualit\u00e0, la GE150 Pro include anche un pedale di espressione, punto fermo della serie GE, che pu\u00f2 essere mappato sui parametri degli effetti per un controllo dinamico dal vivo, e che dispone anche di una funzione \u201ctoe tap\u201d per passare dalla modalit\u00e0 di mappatura \u201cExpression\u201d alla modalit\u00e0 di controllo \u201cVolume\u201d. Come il suo predecessore, anche la GE150 Pro \u00e8 dotata di un looper stereo da 80 secondi, oltre a 40 pattern di drum machine e 10 diversi metronomi. Tutte queste funzioni ritmiche e di looping possono essere ora controllate attraverso i quattro footswitch multiuso, assicurando che le sessioni possano essere integrate senza problemi sia nelle performance dal vivo che durante la pratica. L&#8217;uscita USB-C consente di effettuare registrazioni OTG in tempo reale, e permette il collegamento del dispositivo ad un pc, consentendo all&#8217;utente di gestire i preset, gli effetti, caricare IR cab di terze parti ed aggiornare il firmware; inoltre, sono incluse tutte le connessioni standard, come le uscite stereo da \u00bc\u201d, oltre all&#8217;ingresso aux da ?\u201c per sorgenti esterne, e l&#8217;uscita per cuffie da ?\u201d.<\/p>\n<p>Caratteristiche<br \/>Preset: 200<br \/>Modelli preamp: 55<br \/>Simulazioni di cabinet: 26<br \/>Input footswitch: 4<br \/>Schermo LCD da 2,8\u201d<br \/>Looper stereo da 80 secondi<br \/>Pattern drum: 40<br \/>Metronomi: 10<br \/>Usb-C Interfaccia audio per recording e OTG<br \/>Ingresso jack mono da 6,3 mm<br \/>2 uscite jack mono da 6,3 mm (L \/ R)<br \/>Ingresso AUX stereo da 3,5 mm<br \/>Uscita cuffie stereo jack da 3,5 mm<br \/>Alimentazione tramite alimentatore da 9 V CC incluso<br \/>Dimensioni (LxPxA): 310 x 153 x 55 mm<br \/>Peso: 1,1 Kg<\/p>\n","protected":false},"excerpt":{"rendered":"<p>Basandosi sulle impressionanti caratteristiche della GE150 originale, la nuova GE150 Pro offre ora ai chitarristi ben 200 preset di fabbrica, garantendo quindi una giusta catena di effetti per qualsiasi scenario musicale. Sono inoltre disponibili 55 preamp modellati con precisione, e 26 simulazioni di cabinet di alta qualit\u00e0, il che significa che qualsiasi catena di effetti [&hellip;]<\/p>\n","protected":false},"featured_media":25682,"template":"","meta":{"site-sidebar-layout":"default","site-content-layout":"","ast-site-content-layout":"default","site-content-style":"default","site-sidebar-style":"default","ast-global-header-display":"","ast-banner-title-visibility":"","ast-main-header-display":"","ast-hfb-above-header-display":"","ast-hfb-below-header-display":"","ast-hfb-mobile-header-display":"","site-post-title":"","ast-breadcrumbs-content":"","ast-featured-img":"","footer-sml-layout":"","theme-transparent-header-meta":"","adv-header-id-meta":"","stick-header-meta":"","header-above-stick-meta":"","header-main-stick-meta":"","header-below-stick-meta":"","astra-migrate-meta-layouts":"default","ast-page-background-enabled":"default","ast-page-background-meta":{"desktop":{"background-color":"var(--ast-global-color-4)","background-image":"","background-repeat":"repeat","background-position":"center center","background-size":"auto","background-attachment":"scroll","background-type":"","background-media":"","overlay-type":"","overlay-color":"","overlay-opacity":"","overlay-gradient":""},"tablet":{"background-color":"","background-image":"","background-repeat":"repeat","background-position":"center center","background-size":"auto","background-attachment":"scroll","background-type":"","background-media":"","overlay-type":"","overlay-color":"","overlay-opacity":"","overlay-gradient":""},"mobile":{"background-color":"","background-image":"","background-repeat":"repeat","background-position":"center center","background-size":"auto","background-attachment":"scroll","background-type":"","background-media":"","overlay-type":"","overlay-color":"","overlay-opacity":"","overlay-gradient":""}},"ast-content-background-meta":{"desktop":{"background-color":"var(--ast-global-color-5)","background-image":"","background-repeat":"repeat","background-position":"center center","background-size":"auto","background-attachment":"scroll","background-type":"","background-media":"","overlay-type":"","overlay-color":"","overlay-opacity":"","overlay-gradient":""},"tablet":{"background-color":"var(--ast-global-color-5)","background-image":"","background-repeat":"repeat","background-position":"center center","background-size":"auto","background-attachment":"scroll","background-type":"","background-media":"","overlay-type":"","overlay-color":"","overlay-opacity":"","overlay-gradient":""},"mobile":{"background-color":"var(--ast-global-color-5)","background-image":"","background-repeat":"repeat","background-position":"center center","background-size":"auto","background-attachment":"scroll","background-type":"","background-media":"","overlay-type":"","overlay-color":"","overlay-opacity":"","overlay-gradient":""}}},"product_brand":[],"product_cat":[457],"product_tag":[],"class_list":{"0":"post-25681","1":"product","2":"type-product","3":"status-publish","4":"has-post-thumbnail","6":"product_cat-multieffetto-per-chitarra","7":"desktop-align-left","8":"tablet-align-left","9":"mobile-align-left","11":"first","12":"instock","13":"taxable","14":"shipping-taxable","15":"purchasable","16":"product-type-simple"},"_links":{"self":[{"href":"https:\/\/gigionestrumentimusicali.it\/index.php\/wp-json\/wp\/v2\/product\/25681","targetHints":{"allow":["GET"]}}],"collection":[{"href":"https:\/\/gigionestrumentimusicali.it\/index.php\/wp-json\/wp\/v2\/product"}],"about":[{"href":"https:\/\/gigionestrumentimusicali.it\/index.php\/wp-json\/wp\/v2\/types\/product"}],"wp:featuredmedia":[{"embeddable":true,"href":"https:\/\/gigionestrumentimusicali.it\/index.php\/wp-json\/wp\/v2\/media\/25682"}],"wp:attachment":[{"href":"https:\/\/gigionestrumentimusicali.it\/index.php\/wp-json\/wp\/v2\/media?parent=25681"}],"wp:term":[{"taxonomy":"product_brand","embeddable":true,"href":"https:\/\/gigionestrumentimusicali.it\/index.php\/wp-json\/wp\/v2\/product_brand?post=25681"},{"taxonomy":"product_cat","embeddable":true,"href":"https:\/\/gigionestrumentimusicali.it\/index.php\/wp-json\/wp\/v2\/product_cat?post=25681"},{"taxonomy":"product_tag","embeddable":true,"href":"https:\/\/gigionestrumentimusicali.it\/index.php\/wp-json\/wp\/v2\/product_tag?post=25681"}],"curies":[{"name":"wp","href":"https:\/\/api.w.org\/{rel}","templated":true}]}}