{"id":25783,"date":"2025-02-25T16:52:11","date_gmt":"2025-02-25T16:52:11","guid":{"rendered":"https:\/\/gigionestrumentimusicali.it\/index.php\/product\/fender-fb405-electric-bass-gig-bag-black\/"},"modified":"2026-04-04T20:41:04","modified_gmt":"2026-04-04T20:41:04","slug":"fender-fb405-electric-bass-gig-bag-black","status":"publish","type":"product","link":"https:\/\/gigionestrumentimusicali.it\/index.php\/product\/fender-fb405-electric-bass-gig-bag-black\/","title":{"rendered":"FENDER FB405 ELECTRIC BASS GIG BAG BLACK"},"content":{"rendered":"<p>La borsa da concerto Fender serie F405 \u00e8 un modo elegante e accessibile per proteggere il tuo basso elettrico mentre viaggi. Il suo resistente strato esterno \u00e8 realizzato in poliestere 400 denari che protegge dagli urti ed evita anche strappi e lacerazioni. L&#8217;interno \u00e8 ha una imbottitura da 5mm rivestita in velour che mantiene il tuo strumento aderente e sicuro prevenendo potenziali danni alla finitura. La gig-bag F405 \u00e8 inoltre dotata di una comoda maniglia in due parti e cinghie ergonomiche per il trasporto a zaino, in modo da poter trasportare comodamente il tuo strumento senza sforzi inutili. Inoltre, la tasca frontale offre spazio aggiuntivo per piccoli accessori.<\/p>\n<p>Caratteristiche<br \/>Poliestere 400 denari<br \/>Imbottitura da 5mm con fodera in velluto soft-touch<br \/>Comoda maniglia in due pezzi<br \/>Spallacci ergonomici<br \/>Porta tag ID<br \/>Tasca frontale<br \/>Dimensioni: 19 x 406 x 1244mm (0.75 x 16 x 49in)<\/p>\n","protected":false},"excerpt":{"rendered":"<p>La borsa da concerto Fender serie F405 \u00e8 un modo elegante e accessibile per proteggere il tuo basso elettrico mentre viaggi. Il suo resistente strato esterno \u00e8 realizzato in poliestere 400 denari che protegge dagli urti ed evita anche strappi e lacerazioni. L&#8217;interno \u00e8 ha una imbottitura da 5mm rivestita in velour che mantiene il [&hellip;]<\/p>\n","protected":false},"featured_media":25784,"template":"","meta":{"site-sidebar-layout":"default","site-content-layout":"","ast-site-content-layout":"default","site-content-style":"default","site-sidebar-style":"default","ast-global-header-display":"","ast-banner-title-visibility":"","ast-main-header-display":"","ast-hfb-above-header-display":"","ast-hfb-below-header-display":"","ast-hfb-mobile-header-display":"","site-post-title":"","ast-breadcrumbs-content":"","ast-featured-img":"","footer-sml-layout":"","theme-transparent-header-meta":"","adv-header-id-meta":"","stick-header-meta":"","header-above-stick-meta":"","header-main-stick-meta":"","header-below-stick-meta":"","astra-migrate-meta-layouts":"default","ast-page-background-enabled":"default","ast-page-background-meta":{"desktop":{"background-color":"var(--ast-global-color-4)","background-image":"","background-repeat":"repeat","background-position":"center center","background-size":"auto","background-attachment":"scroll","background-type":"","background-media":"","overlay-type":"","overlay-color":"","overlay-opacity":"","overlay-gradient":""},"tablet":{"background-color":"","background-image":"","background-repeat":"repeat","background-position":"center center","background-size":"auto","background-attachment":"scroll","background-type":"","background-media":"","overlay-type":"","overlay-color":"","overlay-opacity":"","overlay-gradient":""},"mobile":{"background-color":"","background-image":"","background-repeat":"repeat","background-position":"center center","background-size":"auto","background-attachment":"scroll","background-type":"","background-media":"","overlay-type":"","overlay-color":"","overlay-opacity":"","overlay-gradient":""}},"ast-content-background-meta":{"desktop":{"background-color":"var(--ast-global-color-5)","background-image":"","background-repeat":"repeat","background-position":"center center","background-size":"auto","background-attachment":"scroll","background-type":"","background-media":"","overlay-type":"","overlay-color":"","overlay-opacity":"","overlay-gradient":""},"tablet":{"background-color":"var(--ast-global-color-5)","background-image":"","background-repeat":"repeat","background-position":"center center","background-size":"auto","background-attachment":"scroll","background-type":"","background-media":"","overlay-type":"","overlay-color":"","overlay-opacity":"","overlay-gradient":""},"mobile":{"background-color":"var(--ast-global-color-5)","background-image":"","background-repeat":"repeat","background-position":"center center","background-size":"auto","background-attachment":"scroll","background-type":"","background-media":"","overlay-type":"","overlay-color":"","overlay-opacity":"","overlay-gradient":""}}},"product_brand":[],"product_cat":[170],"product_tag":[],"class_list":{"0":"post-25783","1":"product","2":"type-product","3":"status-publish","4":"has-post-thumbnail","6":"product_cat-per-basso-elettrico","7":"desktop-align-left","8":"tablet-align-left","9":"mobile-align-left","11":"first","12":"instock","13":"taxable","14":"shipping-taxable","15":"purchasable","16":"product-type-simple"},"_links":{"self":[{"href":"https:\/\/gigionestrumentimusicali.it\/index.php\/wp-json\/wp\/v2\/product\/25783","targetHints":{"allow":["GET"]}}],"collection":[{"href":"https:\/\/gigionestrumentimusicali.it\/index.php\/wp-json\/wp\/v2\/product"}],"about":[{"href":"https:\/\/gigionestrumentimusicali.it\/index.php\/wp-json\/wp\/v2\/types\/product"}],"wp:featuredmedia":[{"embeddable":true,"href":"https:\/\/gigionestrumentimusicali.it\/index.php\/wp-json\/wp\/v2\/media\/25784"}],"wp:attachment":[{"href":"https:\/\/gigionestrumentimusicali.it\/index.php\/wp-json\/wp\/v2\/media?parent=25783"}],"wp:term":[{"taxonomy":"product_brand","embeddable":true,"href":"https:\/\/gigionestrumentimusicali.it\/index.php\/wp-json\/wp\/v2\/product_brand?post=25783"},{"taxonomy":"product_cat","embeddable":true,"href":"https:\/\/gigionestrumentimusicali.it\/index.php\/wp-json\/wp\/v2\/product_cat?post=25783"},{"taxonomy":"product_tag","embeddable":true,"href":"https:\/\/gigionestrumentimusicali.it\/index.php\/wp-json\/wp\/v2\/product_tag?post=25783"}],"curies":[{"name":"wp","href":"https:\/\/api.w.org\/{rel}","templated":true}]}}