{"id":25806,"date":"2025-03-18T16:55:20","date_gmt":"2025-03-18T16:55:20","guid":{"rendered":"https:\/\/gigionestrumentimusicali.it\/index.php\/product\/cordoba-c5-leftty-left-handed-mancina\/"},"modified":"2026-04-09T22:43:48","modified_gmt":"2026-04-09T22:43:48","slug":"cordoba-c5-leftty-left-handed-mancina","status":"publish","type":"product","link":"https:\/\/gigionestrumentimusicali.it\/index.php\/product\/cordoba-c5-leftty-left-handed-mancina\/","title":{"rendered":"CORDOBA C5  LEFTY (LEFT HANDED) MANCINA"},"content":{"rendered":"<p>La C5 \u00e8 uno dei modelli di punta di C\u00f3rdoba e uno dei pi\u00f9 venduti in tutto il mondo.<br \/>Perfetto come prima chitarra a corde di nylon, questo modello leggero \u00e8 costruito con un top in cedro canadese massiccio e fondo e fasce in mogano per produrre un tono caldo e ben arrotondato con un bellissimo sustain,.<br \/>Realizzata a mano nel tradizionale stile spagnolo, la paletta intagliata della C5, la rosetta in legno intarsiata a mano, il binding in palissandro indiano, le corde Savarez e la finitura PU lucida danno vita a una chitarra che si distingue da tutte le altre opzioni per principianti. Un leggero truss rod regolabile \u00e8 integrato nel manico per garantire la stabilit\u00e0.<\/p>\n","protected":false},"excerpt":{"rendered":"<p>La C5 \u00e8 uno dei modelli di punta di C\u00f3rdoba e uno dei pi\u00f9 venduti in tutto il mondo.Perfetto come prima chitarra a corde di nylon, questo modello leggero \u00e8 costruito con un top in cedro canadese massiccio e fondo e fasce in mogano per produrre un tono caldo e ben arrotondato con un bellissimo [&hellip;]<\/p>\n","protected":false},"featured_media":25809,"template":"","meta":{"site-sidebar-layout":"default","site-content-layout":"","ast-site-content-layout":"default","site-content-style":"default","site-sidebar-style":"default","ast-global-header-display":"","ast-banner-title-visibility":"","ast-main-header-display":"","ast-hfb-above-header-display":"","ast-hfb-below-header-display":"","ast-hfb-mobile-header-display":"","site-post-title":"","ast-breadcrumbs-content":"","ast-featured-img":"","footer-sml-layout":"","theme-transparent-header-meta":"","adv-header-id-meta":"","stick-header-meta":"","header-above-stick-meta":"","header-main-stick-meta":"","header-below-stick-meta":"","astra-migrate-meta-layouts":"default","ast-page-background-enabled":"default","ast-page-background-meta":{"desktop":{"background-color":"var(--ast-global-color-4)","background-image":"","background-repeat":"repeat","background-position":"center center","background-size":"auto","background-attachment":"scroll","background-type":"","background-media":"","overlay-type":"","overlay-color":"","overlay-opacity":"","overlay-gradient":""},"tablet":{"background-color":"","background-image":"","background-repeat":"repeat","background-position":"center center","background-size":"auto","background-attachment":"scroll","background-type":"","background-media":"","overlay-type":"","overlay-color":"","overlay-opacity":"","overlay-gradient":""},"mobile":{"background-color":"","background-image":"","background-repeat":"repeat","background-position":"center center","background-size":"auto","background-attachment":"scroll","background-type":"","background-media":"","overlay-type":"","overlay-color":"","overlay-opacity":"","overlay-gradient":""}},"ast-content-background-meta":{"desktop":{"background-color":"var(--ast-global-color-5)","background-image":"","background-repeat":"repeat","background-position":"center center","background-size":"auto","background-attachment":"scroll","background-type":"","background-media":"","overlay-type":"","overlay-color":"","overlay-opacity":"","overlay-gradient":""},"tablet":{"background-color":"var(--ast-global-color-5)","background-image":"","background-repeat":"repeat","background-position":"center center","background-size":"auto","background-attachment":"scroll","background-type":"","background-media":"","overlay-type":"","overlay-color":"","overlay-opacity":"","overlay-gradient":""},"mobile":{"background-color":"var(--ast-global-color-5)","background-image":"","background-repeat":"repeat","background-position":"center center","background-size":"auto","background-attachment":"scroll","background-type":"","background-media":"","overlay-type":"","overlay-color":"","overlay-opacity":"","overlay-gradient":""}}},"product_brand":[],"product_cat":[391],"product_tag":[],"class_list":{"0":"post-25806","1":"product","2":"type-product","3":"status-publish","4":"has-post-thumbnail","6":"product_cat-chitarre-mancine-classiche","7":"desktop-align-left","8":"tablet-align-left","9":"mobile-align-left","11":"first","12":"instock","13":"taxable","14":"shipping-taxable","15":"purchasable","16":"product-type-simple"},"_links":{"self":[{"href":"https:\/\/gigionestrumentimusicali.it\/index.php\/wp-json\/wp\/v2\/product\/25806","targetHints":{"allow":["GET"]}}],"collection":[{"href":"https:\/\/gigionestrumentimusicali.it\/index.php\/wp-json\/wp\/v2\/product"}],"about":[{"href":"https:\/\/gigionestrumentimusicali.it\/index.php\/wp-json\/wp\/v2\/types\/product"}],"wp:featuredmedia":[{"embeddable":true,"href":"https:\/\/gigionestrumentimusicali.it\/index.php\/wp-json\/wp\/v2\/media\/25809"}],"wp:attachment":[{"href":"https:\/\/gigionestrumentimusicali.it\/index.php\/wp-json\/wp\/v2\/media?parent=25806"}],"wp:term":[{"taxonomy":"product_brand","embeddable":true,"href":"https:\/\/gigionestrumentimusicali.it\/index.php\/wp-json\/wp\/v2\/product_brand?post=25806"},{"taxonomy":"product_cat","embeddable":true,"href":"https:\/\/gigionestrumentimusicali.it\/index.php\/wp-json\/wp\/v2\/product_cat?post=25806"},{"taxonomy":"product_tag","embeddable":true,"href":"https:\/\/gigionestrumentimusicali.it\/index.php\/wp-json\/wp\/v2\/product_tag?post=25806"}],"curies":[{"name":"wp","href":"https:\/\/api.w.org\/{rel}","templated":true}]}}