{"id":25876,"date":"2025-03-26T08:34:50","date_gmt":"2025-03-26T08:34:50","guid":{"rendered":"https:\/\/gigionestrumentimusicali.it\/index.php\/product\/hohner-b9533-german-flauto-soprano-con-diteggiatura-tedesca\/"},"modified":"2026-04-20T19:53:11","modified_gmt":"2026-04-20T19:53:11","slug":"hohner-b9533-german-flauto-soprano-con-diteggiatura-tedesca","status":"publish","type":"product","link":"https:\/\/gigionestrumentimusicali.it\/index.php\/product\/hohner-b9533-german-flauto-soprano-con-diteggiatura-tedesca\/","title":{"rendered":"HOHNER B9533 GERMAN FLAUTO SOPRANO CON DITEGGIATURA TEDESCA"},"content":{"rendered":"<p>Il flauto \u00e8 stato uno strumento popolare per principianti per secoli. E&#8217; abbastanza facile imparare le basi: coprire completamente i fori con le dita, mettere il boccaglio in bocca e soffiare delicatamente. Certo, ci sono anche tecniche pi\u00f9 avanzate che i professionisti usano per creare paesaggi sonori ancora pi\u00f9 grandi. La linea Musica \u00e8 lo strumento perfetto per i principianti e per i principianti pi\u00f9 avanzati. E&#8217; ideale come primo flauto in legno in 2 pezzi e affascina con il suo suono meravigliosamente caldo.<\/p>\n<p>Caratteristiche<br \/>Tonalit\u00e0: Soprano<br \/>Diteggiatura: Tedesca<br \/>Materiale: Legno d&#8217;acero<br \/>Costruzione: 2 Pezzi<br \/>Accessori: Custodia rigida inclusa<\/p>\n","protected":false},"excerpt":{"rendered":"<p>Il flauto \u00e8 stato uno strumento popolare per principianti per secoli. E&#8217; abbastanza facile imparare le basi: coprire completamente i fori con le dita, mettere il boccaglio in bocca e soffiare delicatamente. Certo, ci sono anche tecniche pi\u00f9 avanzate che i professionisti usano per creare paesaggi sonori ancora pi\u00f9 grandi. La linea Musica \u00e8 lo [&hellip;]<\/p>\n","protected":false},"featured_media":25877,"template":"","meta":{"site-sidebar-layout":"default","site-content-layout":"","ast-site-content-layout":"default","site-content-style":"default","site-sidebar-style":"default","ast-global-header-display":"","ast-banner-title-visibility":"","ast-main-header-display":"","ast-hfb-above-header-display":"","ast-hfb-below-header-display":"","ast-hfb-mobile-header-display":"","site-post-title":"","ast-breadcrumbs-content":"","ast-featured-img":"","footer-sml-layout":"","theme-transparent-header-meta":"","adv-header-id-meta":"","stick-header-meta":"","header-above-stick-meta":"","header-main-stick-meta":"","header-below-stick-meta":"","astra-migrate-meta-layouts":"default","ast-page-background-enabled":"default","ast-page-background-meta":{"desktop":{"background-color":"var(--ast-global-color-4)","background-image":"","background-repeat":"repeat","background-position":"center center","background-size":"auto","background-attachment":"scroll","background-type":"","background-media":"","overlay-type":"","overlay-color":"","overlay-opacity":"","overlay-gradient":""},"tablet":{"background-color":"","background-image":"","background-repeat":"repeat","background-position":"center center","background-size":"auto","background-attachment":"scroll","background-type":"","background-media":"","overlay-type":"","overlay-color":"","overlay-opacity":"","overlay-gradient":""},"mobile":{"background-color":"","background-image":"","background-repeat":"repeat","background-position":"center center","background-size":"auto","background-attachment":"scroll","background-type":"","background-media":"","overlay-type":"","overlay-color":"","overlay-opacity":"","overlay-gradient":""}},"ast-content-background-meta":{"desktop":{"background-color":"var(--ast-global-color-5)","background-image":"","background-repeat":"repeat","background-position":"center center","background-size":"auto","background-attachment":"scroll","background-type":"","background-media":"","overlay-type":"","overlay-color":"","overlay-opacity":"","overlay-gradient":""},"tablet":{"background-color":"var(--ast-global-color-5)","background-image":"","background-repeat":"repeat","background-position":"center center","background-size":"auto","background-attachment":"scroll","background-type":"","background-media":"","overlay-type":"","overlay-color":"","overlay-opacity":"","overlay-gradient":""},"mobile":{"background-color":"var(--ast-global-color-5)","background-image":"","background-repeat":"repeat","background-position":"center center","background-size":"auto","background-attachment":"scroll","background-type":"","background-media":"","overlay-type":"","overlay-color":"","overlay-opacity":"","overlay-gradient":""}}},"product_brand":[],"product_cat":[533],"product_tag":[],"class_list":{"0":"post-25876","1":"product","2":"type-product","3":"status-publish","4":"has-post-thumbnail","6":"product_cat-flauti","7":"desktop-align-left","8":"tablet-align-left","9":"mobile-align-left","11":"first","12":"instock","13":"taxable","14":"shipping-taxable","15":"purchasable","16":"product-type-simple"},"_links":{"self":[{"href":"https:\/\/gigionestrumentimusicali.it\/index.php\/wp-json\/wp\/v2\/product\/25876","targetHints":{"allow":["GET"]}}],"collection":[{"href":"https:\/\/gigionestrumentimusicali.it\/index.php\/wp-json\/wp\/v2\/product"}],"about":[{"href":"https:\/\/gigionestrumentimusicali.it\/index.php\/wp-json\/wp\/v2\/types\/product"}],"wp:featuredmedia":[{"embeddable":true,"href":"https:\/\/gigionestrumentimusicali.it\/index.php\/wp-json\/wp\/v2\/media\/25877"}],"wp:attachment":[{"href":"https:\/\/gigionestrumentimusicali.it\/index.php\/wp-json\/wp\/v2\/media?parent=25876"}],"wp:term":[{"taxonomy":"product_brand","embeddable":true,"href":"https:\/\/gigionestrumentimusicali.it\/index.php\/wp-json\/wp\/v2\/product_brand?post=25876"},{"taxonomy":"product_cat","embeddable":true,"href":"https:\/\/gigionestrumentimusicali.it\/index.php\/wp-json\/wp\/v2\/product_cat?post=25876"},{"taxonomy":"product_tag","embeddable":true,"href":"https:\/\/gigionestrumentimusicali.it\/index.php\/wp-json\/wp\/v2\/product_tag?post=25876"}],"curies":[{"name":"wp","href":"https:\/\/api.w.org\/{rel}","templated":true}]}}