{"id":25879,"date":"2025-03-26T08:36:49","date_gmt":"2025-03-26T08:36:49","guid":{"rendered":"https:\/\/gigionestrumentimusicali.it\/index.php\/product\/jose-torres-jtc-10cc-crossover-chitarra-classica-elettrificata-cutaway-naturale\/"},"modified":"2026-04-10T21:08:27","modified_gmt":"2026-04-10T21:08:27","slug":"jose-torres-jtc-10cc-crossover-chitarra-classica-elettrificata-cutaway-naturale","status":"publish","type":"product","link":"https:\/\/gigionestrumentimusicali.it\/index.php\/product\/jose-torres-jtc-10cc-crossover-chitarra-classica-elettrificata-cutaway-naturale\/","title":{"rendered":"JOSE TORRES JTC-10CC CROSSOVER &#8211; CHITARRA CLASSICA ELETTRIFICATA CUTAWAY NATURALE &#8211;"},"content":{"rendered":"<p>Jose Torres JTC-10CC \u00e8 una chitarra classica elettrificata con cutaway tipo crossover, ideale per chi desidera uno strumento versatile e di alta qualit\u00e0. Il suo top in cedro massello e le fasce e il fondo in mogano garantiscono un suono caldo e ricco di armoniche, mentre il manico stretto in mogano e la tastiera in palissandro indiano offrono una suonabilit\u00e0 confortevole e precisa.<br \/>Il capotasto in osso da 48mm e le meccaniche placcate in nickel assicurano una stabilit\u00e0 e una precisione dell&#8217;accordatura impeccabili. Il binding in acero nel top e la scala da 650mm conferiscono un tocco di eleganza a questa chitarra, che \u00e8 dotata anche di un preamp Fishman classical II per rendere l&#8217;esperienza di suonare ancora pi\u00f9 completa e versatile. La finitura lucida, infine, dona un aspetto elegante e rifinito a questo strumento di alta qualit\u00e0.<\/p>\n<p>Caratteristiche<br \/>Top in cedro massello<br \/>Fasce e fondo in mogano<br \/>Manico stretto in mogano<br \/>Tastiera in palissandro indiano<br \/>Capotasto in osso 48mm<br \/>Meccaniche placcate in nickel<br \/>Binding in acero nel top<br \/>Scala 650mm<br \/>Preamp Fishman classical II<br \/>Finitura lucida<\/p>\n","protected":false},"excerpt":{"rendered":"<p>Jose Torres JTC-10CC \u00e8 una chitarra classica elettrificata con cutaway tipo crossover, ideale per chi desidera uno strumento versatile e di alta qualit\u00e0. Il suo top in cedro massello e le fasce e il fondo in mogano garantiscono un suono caldo e ricco di armoniche, mentre il manico stretto in mogano e la tastiera in [&hellip;]<\/p>\n","protected":false},"featured_media":25880,"template":"","meta":{"site-sidebar-layout":"default","site-content-layout":"","ast-site-content-layout":"default","site-content-style":"default","site-sidebar-style":"default","ast-global-header-display":"","ast-banner-title-visibility":"","ast-main-header-display":"","ast-hfb-above-header-display":"","ast-hfb-below-header-display":"","ast-hfb-mobile-header-display":"","site-post-title":"","ast-breadcrumbs-content":"","ast-featured-img":"","footer-sml-layout":"","theme-transparent-header-meta":"","adv-header-id-meta":"","stick-header-meta":"","header-above-stick-meta":"","header-main-stick-meta":"","header-below-stick-meta":"","astra-migrate-meta-layouts":"default","ast-page-background-enabled":"default","ast-page-background-meta":{"desktop":{"background-color":"var(--ast-global-color-4)","background-image":"","background-repeat":"repeat","background-position":"center center","background-size":"auto","background-attachment":"scroll","background-type":"","background-media":"","overlay-type":"","overlay-color":"","overlay-opacity":"","overlay-gradient":""},"tablet":{"background-color":"","background-image":"","background-repeat":"repeat","background-position":"center center","background-size":"auto","background-attachment":"scroll","background-type":"","background-media":"","overlay-type":"","overlay-color":"","overlay-opacity":"","overlay-gradient":""},"mobile":{"background-color":"","background-image":"","background-repeat":"repeat","background-position":"center center","background-size":"auto","background-attachment":"scroll","background-type":"","background-media":"","overlay-type":"","overlay-color":"","overlay-opacity":"","overlay-gradient":""}},"ast-content-background-meta":{"desktop":{"background-color":"var(--ast-global-color-5)","background-image":"","background-repeat":"repeat","background-position":"center center","background-size":"auto","background-attachment":"scroll","background-type":"","background-media":"","overlay-type":"","overlay-color":"","overlay-opacity":"","overlay-gradient":""},"tablet":{"background-color":"var(--ast-global-color-5)","background-image":"","background-repeat":"repeat","background-position":"center center","background-size":"auto","background-attachment":"scroll","background-type":"","background-media":"","overlay-type":"","overlay-color":"","overlay-opacity":"","overlay-gradient":""},"mobile":{"background-color":"var(--ast-global-color-5)","background-image":"","background-repeat":"repeat","background-position":"center center","background-size":"auto","background-attachment":"scroll","background-type":"","background-media":"","overlay-type":"","overlay-color":"","overlay-opacity":"","overlay-gradient":""}}},"product_brand":[],"product_cat":[386],"product_tag":[],"class_list":{"0":"post-25879","1":"product","2":"type-product","3":"status-publish","4":"has-post-thumbnail","6":"product_cat-chitarre-classiche-elettrificate","7":"desktop-align-left","8":"tablet-align-left","9":"mobile-align-left","11":"first","12":"instock","13":"taxable","14":"shipping-taxable","15":"purchasable","16":"product-type-simple"},"_links":{"self":[{"href":"https:\/\/gigionestrumentimusicali.it\/index.php\/wp-json\/wp\/v2\/product\/25879","targetHints":{"allow":["GET"]}}],"collection":[{"href":"https:\/\/gigionestrumentimusicali.it\/index.php\/wp-json\/wp\/v2\/product"}],"about":[{"href":"https:\/\/gigionestrumentimusicali.it\/index.php\/wp-json\/wp\/v2\/types\/product"}],"wp:featuredmedia":[{"embeddable":true,"href":"https:\/\/gigionestrumentimusicali.it\/index.php\/wp-json\/wp\/v2\/media\/25880"}],"wp:attachment":[{"href":"https:\/\/gigionestrumentimusicali.it\/index.php\/wp-json\/wp\/v2\/media?parent=25879"}],"wp:term":[{"taxonomy":"product_brand","embeddable":true,"href":"https:\/\/gigionestrumentimusicali.it\/index.php\/wp-json\/wp\/v2\/product_brand?post=25879"},{"taxonomy":"product_cat","embeddable":true,"href":"https:\/\/gigionestrumentimusicali.it\/index.php\/wp-json\/wp\/v2\/product_cat?post=25879"},{"taxonomy":"product_tag","embeddable":true,"href":"https:\/\/gigionestrumentimusicali.it\/index.php\/wp-json\/wp\/v2\/product_tag?post=25879"}],"curies":[{"name":"wp","href":"https:\/\/api.w.org\/{rel}","templated":true}]}}