{"id":26084,"date":"2025-04-19T07:56:11","date_gmt":"2025-04-19T07:56:11","guid":{"rendered":"https:\/\/gigionestrumentimusicali.it\/index.php\/product\/fender-player-ii-modified-stratocaster-mp-sunshine-yellow\/"},"modified":"2026-04-10T21:10:56","modified_gmt":"2026-04-10T21:10:56","slug":"fender-player-ii-modified-stratocaster-mp-sunshine-yellow","status":"publish","type":"product","link":"https:\/\/gigionestrumentimusicali.it\/index.php\/product\/fender-player-ii-modified-stratocaster-mp-sunshine-yellow\/","title":{"rendered":"FENDER PLAYER II MODIFIED STRATOCASTER  MP SUNSHINE YELLOW"},"content":{"rendered":"<p>Preparati e porta la tua performance al livello successivo con Player II Modified. Con aggiornamenti chiave per il chitarrista e il bassista moderni, questi strumenti versatili sono progettati per gestire qualsiasi cosa tu possa lanciargli contro.<br \/>La Player II Modified Telecaster \u00e8 una chitarra classica pensata per il musicista moderno. Tutto ci\u00f2 che riguarda il manico \u00e8 progettato per una suonabilit\u00e0 rapida e fluida, dal profilo moderno a &#8220;C&#8221; con finitura in uretano satinato setoso sul retro alla comoda tastiera in palissandro lastra da 9.5&#8243; di raggio o in acero monoblocco con bordi lisci e arrotondati e 22 tasti jumbo medi. Il corpo in ontano offre il classico punch Fender ed \u00e8 disponibile in una variet\u00e0 di nuove ed entusiasmanti finiture. I pickup Player II noiseless offrono il classico twang e mordente Tele eliminando al contempo i rumori indesiderati e l&#8217;interruttore push\/pull sul controllo del tono offre ancora pi\u00f9 flessibilit\u00e0 tonale cambiando il cablaggio del pickup da parallelo a serie per toni pi\u00f9 corposi. Il ponte a 6 sellette, le meccaniche autobloccanti a palo corto, il capotasto TUSQ e il moderno albero per corde si combinano per mantenere un&#8217;accordatura incredibilmente stabile anche per i bending pi\u00f9 impegnativi o i ruggiti rock lead. Aggiorna il tuo arsenale oggi stesso con la Player II Modified Telecaster.<\/p>\n<p>Caratteristiche: <br \/>Manico Acero<br \/>Finitura: Uretano satinato<br \/>Profilo: Modern &#8220;C&#8221;<br \/>Costruzione manico: Standard a 4 bulloni<br \/>Raggio: 9.5&#8243; (241mm)<br \/>Tastiera: Acero<br \/>Intarsi: Dot neri<br \/>Dot laterali: Neri<br \/>Tasti: 22<br \/>Truss Rod: Single Action, Head Adjust<br \/>Capotasto: TUSQ<br \/>Larghezza: 1.650&#8243; (42mm)<br \/>Pickup: 3x Player II Noiseless Strat<br \/>Controlli: Master Volume con Treble-Bleed, 2x Tone, Selettore a 5 posizioni<br \/>Interruttore aux Push\/Pull su Tono 2 Aggiunge pickup al manico<br \/>Ponte: Tremolo sincronizzato a 2 punti con sellette a blocco e tremolo smussato<br \/>Battipenna: Nero<br \/>Copri pickup: Neri<br \/>Manopole: Plastica nera<br \/>Hardware: Nichel\/cromo<br \/>Meccaniche: Deluxe Cast\/Sealed Locking (tutti i perni corti)<br \/>Piastra del manico: 4 Bulloni con logo &#8220;F&#8221;<br \/>Bottoni della cinghia: Stile vintage<\/p>\n","protected":false},"excerpt":{"rendered":"<p>Preparati e porta la tua performance al livello successivo con Player II Modified. Con aggiornamenti chiave per il chitarrista e il bassista moderni, questi strumenti versatili sono progettati per gestire qualsiasi cosa tu possa lanciargli contro.La Player II Modified Telecaster \u00e8 una chitarra classica pensata per il musicista moderno. Tutto ci\u00f2 che riguarda il manico [&hellip;]<\/p>\n","protected":false},"featured_media":26106,"template":"","meta":{"site-sidebar-layout":"default","site-content-layout":"","ast-site-content-layout":"default","site-content-style":"default","site-sidebar-style":"default","ast-global-header-display":"","ast-banner-title-visibility":"","ast-main-header-display":"","ast-hfb-above-header-display":"","ast-hfb-below-header-display":"","ast-hfb-mobile-header-display":"","site-post-title":"","ast-breadcrumbs-content":"","ast-featured-img":"","footer-sml-layout":"","theme-transparent-header-meta":"","adv-header-id-meta":"","stick-header-meta":"","header-above-stick-meta":"","header-main-stick-meta":"","header-below-stick-meta":"","astra-migrate-meta-layouts":"default","ast-page-background-enabled":"default","ast-page-background-meta":{"desktop":{"background-color":"var(--ast-global-color-4)","background-image":"","background-repeat":"repeat","background-position":"center center","background-size":"auto","background-attachment":"scroll","background-type":"","background-media":"","overlay-type":"","overlay-color":"","overlay-opacity":"","overlay-gradient":""},"tablet":{"background-color":"","background-image":"","background-repeat":"repeat","background-position":"center center","background-size":"auto","background-attachment":"scroll","background-type":"","background-media":"","overlay-type":"","overlay-color":"","overlay-opacity":"","overlay-gradient":""},"mobile":{"background-color":"","background-image":"","background-repeat":"repeat","background-position":"center center","background-size":"auto","background-attachment":"scroll","background-type":"","background-media":"","overlay-type":"","overlay-color":"","overlay-opacity":"","overlay-gradient":""}},"ast-content-background-meta":{"desktop":{"background-color":"var(--ast-global-color-5)","background-image":"","background-repeat":"repeat","background-position":"center center","background-size":"auto","background-attachment":"scroll","background-type":"","background-media":"","overlay-type":"","overlay-color":"","overlay-opacity":"","overlay-gradient":""},"tablet":{"background-color":"var(--ast-global-color-5)","background-image":"","background-repeat":"repeat","background-position":"center center","background-size":"auto","background-attachment":"scroll","background-type":"","background-media":"","overlay-type":"","overlay-color":"","overlay-opacity":"","overlay-gradient":""},"mobile":{"background-color":"var(--ast-global-color-5)","background-image":"","background-repeat":"repeat","background-position":"center center","background-size":"auto","background-attachment":"scroll","background-type":"","background-media":"","overlay-type":"","overlay-color":"","overlay-opacity":"","overlay-gradient":""}}},"product_brand":[],"product_cat":[387],"product_tag":[],"class_list":{"0":"post-26084","1":"product","2":"type-product","3":"status-publish","4":"has-post-thumbnail","6":"product_cat-chitarre-elettriche","7":"desktop-align-left","8":"tablet-align-left","9":"mobile-align-left","11":"first","12":"instock","13":"taxable","14":"shipping-taxable","15":"purchasable","16":"product-type-simple"},"_links":{"self":[{"href":"https:\/\/gigionestrumentimusicali.it\/index.php\/wp-json\/wp\/v2\/product\/26084","targetHints":{"allow":["GET"]}}],"collection":[{"href":"https:\/\/gigionestrumentimusicali.it\/index.php\/wp-json\/wp\/v2\/product"}],"about":[{"href":"https:\/\/gigionestrumentimusicali.it\/index.php\/wp-json\/wp\/v2\/types\/product"}],"wp:featuredmedia":[{"embeddable":true,"href":"https:\/\/gigionestrumentimusicali.it\/index.php\/wp-json\/wp\/v2\/media\/26106"}],"wp:attachment":[{"href":"https:\/\/gigionestrumentimusicali.it\/index.php\/wp-json\/wp\/v2\/media?parent=26084"}],"wp:term":[{"taxonomy":"product_brand","embeddable":true,"href":"https:\/\/gigionestrumentimusicali.it\/index.php\/wp-json\/wp\/v2\/product_brand?post=26084"},{"taxonomy":"product_cat","embeddable":true,"href":"https:\/\/gigionestrumentimusicali.it\/index.php\/wp-json\/wp\/v2\/product_cat?post=26084"},{"taxonomy":"product_tag","embeddable":true,"href":"https:\/\/gigionestrumentimusicali.it\/index.php\/wp-json\/wp\/v2\/product_tag?post=26084"}],"curies":[{"name":"wp","href":"https:\/\/api.w.org\/{rel}","templated":true}]}}