{"id":26168,"date":"2025-05-15T09:48:21","date_gmt":"2025-05-15T09:48:21","guid":{"rendered":"https:\/\/gigionestrumentimusicali.it\/index.php\/product\/fender-telecatser-jimmy-page-signature-rw-natural\/"},"modified":"2026-04-20T17:56:42","modified_gmt":"2026-04-20T17:56:42","slug":"fender-telecatser-jimmy-page-signature-rw-natural","status":"publish","type":"product","link":"https:\/\/gigionestrumentimusicali.it\/index.php\/product\/fender-telecatser-jimmy-page-signature-rw-natural\/","title":{"rendered":"FENDER TELECASTER JIMMY PAGE SIGNATURE RW NATURAL"},"content":{"rendered":"<p>Quando il riff di apertura di &#8220;Good Times Bad Times&#8221; arriv\u00f2 alla radio nel 1969, cambi\u00f2 tutto. In quel momento Jimmy Page consolid\u00f2 la sua eredit\u00e0 e alter\u00f2 il corso della musica popolare con una sola chitarra: la sua Fender Telecaster. La Fender Jimmy Page Telecaster \u00e8 un omaggio a quella chitarra, che inizi\u00f2 la sua vita in una finitura di fabbrica White Blonde laccata, poi divent\u00f2 la &#8220;mirror guitar&#8221; prima di assumere la sua forma finale &#8211; uno strumento magico unico nel suo genere, dipinto a mano dallo stesso Page, che avrebbe continuato a produrre alcuni dei riff pi\u00f9 iconici del 20\u00b0 Secolo.<\/p>\n<p>Caratteristiche<br \/>Body: Frassino<br \/>Finitura: Poliestere lucido<br \/>Manico: Acero<br \/>Finitura: Uretano lucido<br \/>Profilo: Jimmy Page &#8220;Oval C&#8221;<br \/>Scala: 25,5&#8243; (648mm)<br \/>Tastiera: Palissandro<br \/>Raggio: 7.25&#8243; 184,1mm)<br \/>Tasti: 21<br \/>Dimensioni: Vintage<br \/>Capotasto: Osso sintetico<br \/>Larghezza: 1.650&#8243; (42mm)<br \/>Intarsi: Dot bianchi<br \/>Truss Rod: Vintage-Style<br \/>Pickup: 2x Jimmy Page Custom Tele<br \/>Controlli: Master Volume, Master Tono, Selettore 3-Vie<br \/>Ponte: 3-Sellette Vintage Style filettate<br \/>Hardware: Nichel \/ Cromo<br \/>Meccaniche: Vintage-Style<br \/>Battipenna: Materiale rifrangente custom<br \/>Manopole: Flat-Top zigrinate<br \/>Piastra del manico: 4-Bulloni con autografo di Jimmy Page<br \/>Made in Mexico<br \/>Custodia: Custodia rigida nera stile Vintage<\/p>\n","protected":false},"excerpt":{"rendered":"<p>Quando il riff di apertura di &#8220;Good Times Bad Times&#8221; arriv\u00f2 alla radio nel 1969, cambi\u00f2 tutto. In quel momento Jimmy Page consolid\u00f2 la sua eredit\u00e0 e alter\u00f2 il corso della musica popolare con una sola chitarra: la sua Fender Telecaster. La Fender Jimmy Page Telecaster \u00e8 un omaggio a quella chitarra, che inizi\u00f2 la [&hellip;]<\/p>\n","protected":false},"featured_media":26167,"template":"","meta":{"site-sidebar-layout":"default","site-content-layout":"","ast-site-content-layout":"default","site-content-style":"default","site-sidebar-style":"default","ast-global-header-display":"","ast-banner-title-visibility":"","ast-main-header-display":"","ast-hfb-above-header-display":"","ast-hfb-below-header-display":"","ast-hfb-mobile-header-display":"","site-post-title":"","ast-breadcrumbs-content":"","ast-featured-img":"","footer-sml-layout":"","theme-transparent-header-meta":"","adv-header-id-meta":"","stick-header-meta":"","header-above-stick-meta":"","header-main-stick-meta":"","header-below-stick-meta":"","astra-migrate-meta-layouts":"default","ast-page-background-enabled":"default","ast-page-background-meta":{"desktop":{"background-color":"var(--ast-global-color-4)","background-image":"","background-repeat":"repeat","background-position":"center center","background-size":"auto","background-attachment":"scroll","background-type":"","background-media":"","overlay-type":"","overlay-color":"","overlay-opacity":"","overlay-gradient":""},"tablet":{"background-color":"","background-image":"","background-repeat":"repeat","background-position":"center center","background-size":"auto","background-attachment":"scroll","background-type":"","background-media":"","overlay-type":"","overlay-color":"","overlay-opacity":"","overlay-gradient":""},"mobile":{"background-color":"","background-image":"","background-repeat":"repeat","background-position":"center center","background-size":"auto","background-attachment":"scroll","background-type":"","background-media":"","overlay-type":"","overlay-color":"","overlay-opacity":"","overlay-gradient":""}},"ast-content-background-meta":{"desktop":{"background-color":"var(--ast-global-color-5)","background-image":"","background-repeat":"repeat","background-position":"center center","background-size":"auto","background-attachment":"scroll","background-type":"","background-media":"","overlay-type":"","overlay-color":"","overlay-opacity":"","overlay-gradient":""},"tablet":{"background-color":"var(--ast-global-color-5)","background-image":"","background-repeat":"repeat","background-position":"center center","background-size":"auto","background-attachment":"scroll","background-type":"","background-media":"","overlay-type":"","overlay-color":"","overlay-opacity":"","overlay-gradient":""},"mobile":{"background-color":"var(--ast-global-color-5)","background-image":"","background-repeat":"repeat","background-position":"center center","background-size":"auto","background-attachment":"scroll","background-type":"","background-media":"","overlay-type":"","overlay-color":"","overlay-opacity":"","overlay-gradient":""}}},"product_brand":[],"product_cat":[387],"product_tag":[],"class_list":{"0":"post-26168","1":"product","2":"type-product","3":"status-publish","4":"has-post-thumbnail","6":"product_cat-chitarre-elettriche","7":"desktop-align-left","8":"tablet-align-left","9":"mobile-align-left","11":"first","12":"instock","13":"taxable","14":"shipping-taxable","15":"purchasable","16":"product-type-simple"},"_links":{"self":[{"href":"https:\/\/gigionestrumentimusicali.it\/index.php\/wp-json\/wp\/v2\/product\/26168","targetHints":{"allow":["GET"]}}],"collection":[{"href":"https:\/\/gigionestrumentimusicali.it\/index.php\/wp-json\/wp\/v2\/product"}],"about":[{"href":"https:\/\/gigionestrumentimusicali.it\/index.php\/wp-json\/wp\/v2\/types\/product"}],"wp:featuredmedia":[{"embeddable":true,"href":"https:\/\/gigionestrumentimusicali.it\/index.php\/wp-json\/wp\/v2\/media\/26167"}],"wp:attachment":[{"href":"https:\/\/gigionestrumentimusicali.it\/index.php\/wp-json\/wp\/v2\/media?parent=26168"}],"wp:term":[{"taxonomy":"product_brand","embeddable":true,"href":"https:\/\/gigionestrumentimusicali.it\/index.php\/wp-json\/wp\/v2\/product_brand?post=26168"},{"taxonomy":"product_cat","embeddable":true,"href":"https:\/\/gigionestrumentimusicali.it\/index.php\/wp-json\/wp\/v2\/product_cat?post=26168"},{"taxonomy":"product_tag","embeddable":true,"href":"https:\/\/gigionestrumentimusicali.it\/index.php\/wp-json\/wp\/v2\/product_tag?post=26168"}],"curies":[{"name":"wp","href":"https:\/\/api.w.org\/{rel}","templated":true}]}}