{"id":26183,"date":"2025-05-17T14:23:25","date_gmt":"2025-05-17T14:23:25","guid":{"rendered":"https:\/\/gigionestrumentimusicali.it\/index.php\/product\/tascam-ta-1vp-vvocal-processor-with-antares-autotune\/"},"modified":"2026-04-14T01:46:46","modified_gmt":"2026-04-14T01:46:46","slug":"tascam-ta-1vp-vvocal-processor-with-antares-autotune","status":"publish","type":"product","link":"https:\/\/gigionestrumentimusicali.it\/index.php\/product\/tascam-ta-1vp-vvocal-processor-with-antares-autotune\/","title":{"rendered":"TASCAM TA-1VP VVOCAL PROCESSOR with ANTARES AUTOTUNE"},"content":{"rendered":"<p>PROCESSORE DI EFFETTI PER VOCE<br \/>Il processore vocale TASCAM TA-1VP \u00e8 stato sviluppato in collaborazione con Antares Audio Technologies per riunire tutto il necessario per un suono vocale moderno e raffinato. Il processore montato a rack include un preamplificatore microfonico, compressione, de-essing, modellazione microfonica e valvolare, e Antares&#8217;Auto-Tune pitch correction famoso in tutto il mondo. Perfetto per live performance, casa di culto o uso in studio, il TA-1VP porta il tuo suono vocale nel 21\u00b0 secolo.<br \/>Sul pannello frontale del TA-1VP \u00e8 presente un ingresso microfonico XLR di alta qualit\u00e0, con alimentazione phantom per i microfoni a condensatore. L&#8217;elaborazione \u00e8 disposta in woodblock semplici da usare sul pannello frontale, ciascuno con pulsanti e misuratori dedicati per mostrarvi esattamente cosa viene fatto al segnale. Antares&#8217; modellazione microfonica e valvolare prende il segnale di ingresso e gli d\u00e0 il carattere di un altro microfono, con una libreria di classici da scegliere. Il modulo De-essing rimuove le sibilanti dal vostro segnale prima della compressione e del gating a ginocchio variabile. Un ottimo EQ digitale \u00e8 l&#8217;ultimo nella catena prima dell&#8217;uscita, permettendovi di far emergere il carattere di qualsiasi voce.<\/p>\n","protected":false},"excerpt":{"rendered":"<p>PROCESSORE DI EFFETTI PER VOCEIl processore vocale TASCAM TA-1VP \u00e8 stato sviluppato in collaborazione con Antares Audio Technologies per riunire tutto il necessario per un suono vocale moderno e raffinato. Il processore montato a rack include un preamplificatore microfonico, compressione, de-essing, modellazione microfonica e valvolare, e Antares&#8217;Auto-Tune pitch correction famoso in tutto il mondo. Perfetto [&hellip;]<\/p>\n","protected":false},"featured_media":26184,"template":"","meta":{"site-sidebar-layout":"default","site-content-layout":"","ast-site-content-layout":"default","site-content-style":"default","site-sidebar-style":"default","ast-global-header-display":"","ast-banner-title-visibility":"","ast-main-header-display":"","ast-hfb-above-header-display":"","ast-hfb-below-header-display":"","ast-hfb-mobile-header-display":"","site-post-title":"","ast-breadcrumbs-content":"","ast-featured-img":"","footer-sml-layout":"","theme-transparent-header-meta":"","adv-header-id-meta":"","stick-header-meta":"","header-above-stick-meta":"","header-main-stick-meta":"","header-below-stick-meta":"","astra-migrate-meta-layouts":"default","ast-page-background-enabled":"default","ast-page-background-meta":{"desktop":{"background-color":"var(--ast-global-color-4)","background-image":"","background-repeat":"repeat","background-position":"center center","background-size":"auto","background-attachment":"scroll","background-type":"","background-media":"","overlay-type":"","overlay-color":"","overlay-opacity":"","overlay-gradient":""},"tablet":{"background-color":"","background-image":"","background-repeat":"repeat","background-position":"center center","background-size":"auto","background-attachment":"scroll","background-type":"","background-media":"","overlay-type":"","overlay-color":"","overlay-opacity":"","overlay-gradient":""},"mobile":{"background-color":"","background-image":"","background-repeat":"repeat","background-position":"center center","background-size":"auto","background-attachment":"scroll","background-type":"","background-media":"","overlay-type":"","overlay-color":"","overlay-opacity":"","overlay-gradient":""}},"ast-content-background-meta":{"desktop":{"background-color":"var(--ast-global-color-5)","background-image":"","background-repeat":"repeat","background-position":"center center","background-size":"auto","background-attachment":"scroll","background-type":"","background-media":"","overlay-type":"","overlay-color":"","overlay-opacity":"","overlay-gradient":""},"tablet":{"background-color":"var(--ast-global-color-5)","background-image":"","background-repeat":"repeat","background-position":"center center","background-size":"auto","background-attachment":"scroll","background-type":"","background-media":"","overlay-type":"","overlay-color":"","overlay-opacity":"","overlay-gradient":""},"mobile":{"background-color":"var(--ast-global-color-5)","background-image":"","background-repeat":"repeat","background-position":"center center","background-size":"auto","background-attachment":"scroll","background-type":"","background-media":"","overlay-type":"","overlay-color":"","overlay-opacity":"","overlay-gradient":""}}},"product_brand":[],"product_cat":[609],"product_tag":[],"class_list":{"0":"post-26183","1":"product","2":"type-product","3":"status-publish","4":"has-post-thumbnail","6":"product_cat-effetti-e-processori","7":"desktop-align-left","8":"tablet-align-left","9":"mobile-align-left","11":"first","12":"instock","13":"taxable","14":"shipping-taxable","15":"purchasable","16":"product-type-simple"},"_links":{"self":[{"href":"https:\/\/gigionestrumentimusicali.it\/index.php\/wp-json\/wp\/v2\/product\/26183","targetHints":{"allow":["GET"]}}],"collection":[{"href":"https:\/\/gigionestrumentimusicali.it\/index.php\/wp-json\/wp\/v2\/product"}],"about":[{"href":"https:\/\/gigionestrumentimusicali.it\/index.php\/wp-json\/wp\/v2\/types\/product"}],"wp:featuredmedia":[{"embeddable":true,"href":"https:\/\/gigionestrumentimusicali.it\/index.php\/wp-json\/wp\/v2\/media\/26184"}],"wp:attachment":[{"href":"https:\/\/gigionestrumentimusicali.it\/index.php\/wp-json\/wp\/v2\/media?parent=26183"}],"wp:term":[{"taxonomy":"product_brand","embeddable":true,"href":"https:\/\/gigionestrumentimusicali.it\/index.php\/wp-json\/wp\/v2\/product_brand?post=26183"},{"taxonomy":"product_cat","embeddable":true,"href":"https:\/\/gigionestrumentimusicali.it\/index.php\/wp-json\/wp\/v2\/product_cat?post=26183"},{"taxonomy":"product_tag","embeddable":true,"href":"https:\/\/gigionestrumentimusicali.it\/index.php\/wp-json\/wp\/v2\/product_tag?post=26183"}],"curies":[{"name":"wp","href":"https:\/\/api.w.org\/{rel}","templated":true}]}}