{"id":26456,"date":"2025-07-31T14:34:54","date_gmt":"2025-07-31T14:34:54","guid":{"rendered":"https:\/\/gigionestrumentimusicali.it\/index.php\/product\/yamaha-bb435-tobacco-brown-sunburst\/"},"modified":"2026-04-11T21:49:57","modified_gmt":"2026-04-11T21:49:57","slug":"yamaha-bb435-tobacco-brown-sunburst","status":"publish","type":"product","link":"https:\/\/gigionestrumentimusicali.it\/index.php\/product\/yamaha-bb435-tobacco-brown-sunburst\/","title":{"rendered":"YAMAHA BB435 Tobacco Brown Sunburst"},"content":{"rendered":"<p>Questo basso elettrico a 5 corde mette tutte le leggendarie qualit\u00e0 dei bassi BB in un design con elettronica passiva dal suono nitido, stimolante e abbordabile. Che tu sia un principiante o un bassista esperto, ti piacer\u00e0 il profilo pi\u00f9 sottile del manico e il modo in cui il basso \u00e8 bilanciato grazie alle sue meccaniche pi\u00f9 leggere. E alcune caratteristiche moderne, come la giunzione del manico a 6 bulloni e il ponte convertibile, garantiscono il massimo assoluto dal tuo basso. La nuova serie \u00e8 caratterizzata da un manico a 5 strati in acero e mogano, in un design bolt-on che offre un attacco secco ed una risposta veloce. Questa costruzione resiste alla deformazione ed alla torsione e aggiunge al suono dello strumento il carattere teso e penetrante dell&#8217;acero abbinato al calore del mogano.<\/p>\n<p>Caratteristiche<br \/>Body: Ontano<br \/>Finitura: Poliuretano lucido<br \/>Manico: 5-Pezzi Acero \/ Mogano<br \/>Profilo: BB, sottile<br \/>Raggio: 10&#8243;<br \/>Tastiera: Acero<br \/>Intarsi: Dot<br \/>Tasti: 21, Medium<br \/>Scala: 34&#8243;<br \/>Capotasto: 1,692&#8243;<br \/>Materiale: GraphTech<br \/>Ponte\/cordiera: Vintage Plus Light, sellette in acciaio<br \/>Meccaniche: Leggere, aperte<br \/>Pickup manico: VSP5n Alnico V Split Single-coil<br \/>Pickup ponte: VSC5b Alnico V Single-coil<br \/>Controlli: 2x Volume, 1x Tono<br \/>Finitura: Tobacco Brown Sunburst<br \/>Peso: 4,5kg<br \/>Made in Indonesia<br \/>N.B. Custodia NON inclusa<\/p>\n","protected":false},"excerpt":{"rendered":"<p>Questo basso elettrico a 5 corde mette tutte le leggendarie qualit\u00e0 dei bassi BB in un design con elettronica passiva dal suono nitido, stimolante e abbordabile. Che tu sia un principiante o un bassista esperto, ti piacer\u00e0 il profilo pi\u00f9 sottile del manico e il modo in cui il basso \u00e8 bilanciato grazie alle sue [&hellip;]<\/p>\n","protected":false},"featured_media":26457,"template":"","meta":{"site-sidebar-layout":"default","site-content-layout":"","ast-site-content-layout":"default","site-content-style":"default","site-sidebar-style":"default","ast-global-header-display":"","ast-banner-title-visibility":"","ast-main-header-display":"","ast-hfb-above-header-display":"","ast-hfb-below-header-display":"","ast-hfb-mobile-header-display":"","site-post-title":"","ast-breadcrumbs-content":"","ast-featured-img":"","footer-sml-layout":"","theme-transparent-header-meta":"","adv-header-id-meta":"","stick-header-meta":"","header-above-stick-meta":"","header-main-stick-meta":"","header-below-stick-meta":"","astra-migrate-meta-layouts":"default","ast-page-background-enabled":"default","ast-page-background-meta":{"desktop":{"background-color":"var(--ast-global-color-4)","background-image":"","background-repeat":"repeat","background-position":"center center","background-size":"auto","background-attachment":"scroll","background-type":"","background-media":"","overlay-type":"","overlay-color":"","overlay-opacity":"","overlay-gradient":""},"tablet":{"background-color":"","background-image":"","background-repeat":"repeat","background-position":"center center","background-size":"auto","background-attachment":"scroll","background-type":"","background-media":"","overlay-type":"","overlay-color":"","overlay-opacity":"","overlay-gradient":""},"mobile":{"background-color":"","background-image":"","background-repeat":"repeat","background-position":"center center","background-size":"auto","background-attachment":"scroll","background-type":"","background-media":"","overlay-type":"","overlay-color":"","overlay-opacity":"","overlay-gradient":""}},"ast-content-background-meta":{"desktop":{"background-color":"var(--ast-global-color-5)","background-image":"","background-repeat":"repeat","background-position":"center center","background-size":"auto","background-attachment":"scroll","background-type":"","background-media":"","overlay-type":"","overlay-color":"","overlay-opacity":"","overlay-gradient":""},"tablet":{"background-color":"var(--ast-global-color-5)","background-image":"","background-repeat":"repeat","background-position":"center center","background-size":"auto","background-attachment":"scroll","background-type":"","background-media":"","overlay-type":"","overlay-color":"","overlay-opacity":"","overlay-gradient":""},"mobile":{"background-color":"var(--ast-global-color-5)","background-image":"","background-repeat":"repeat","background-position":"center center","background-size":"auto","background-attachment":"scroll","background-type":"","background-media":"","overlay-type":"","overlay-color":"","overlay-opacity":"","overlay-gradient":""}}},"product_brand":[],"product_cat":[162],"product_tag":[],"class_list":{"0":"post-26456","1":"product","2":"type-product","3":"status-publish","4":"has-post-thumbnail","6":"product_cat-bassi-elettrici-a-5-corde","7":"desktop-align-left","8":"tablet-align-left","9":"mobile-align-left","11":"first","12":"instock","13":"taxable","14":"shipping-taxable","15":"purchasable","16":"product-type-simple"},"_links":{"self":[{"href":"https:\/\/gigionestrumentimusicali.it\/index.php\/wp-json\/wp\/v2\/product\/26456","targetHints":{"allow":["GET"]}}],"collection":[{"href":"https:\/\/gigionestrumentimusicali.it\/index.php\/wp-json\/wp\/v2\/product"}],"about":[{"href":"https:\/\/gigionestrumentimusicali.it\/index.php\/wp-json\/wp\/v2\/types\/product"}],"wp:featuredmedia":[{"embeddable":true,"href":"https:\/\/gigionestrumentimusicali.it\/index.php\/wp-json\/wp\/v2\/media\/26457"}],"wp:attachment":[{"href":"https:\/\/gigionestrumentimusicali.it\/index.php\/wp-json\/wp\/v2\/media?parent=26456"}],"wp:term":[{"taxonomy":"product_brand","embeddable":true,"href":"https:\/\/gigionestrumentimusicali.it\/index.php\/wp-json\/wp\/v2\/product_brand?post=26456"},{"taxonomy":"product_cat","embeddable":true,"href":"https:\/\/gigionestrumentimusicali.it\/index.php\/wp-json\/wp\/v2\/product_cat?post=26456"},{"taxonomy":"product_tag","embeddable":true,"href":"https:\/\/gigionestrumentimusicali.it\/index.php\/wp-json\/wp\/v2\/product_tag?post=26456"}],"curies":[{"name":"wp","href":"https:\/\/api.w.org\/{rel}","templated":true}]}}