{"id":26476,"date":"2025-08-07T10:38:26","date_gmt":"2025-08-07T10:38:26","guid":{"rendered":"https:\/\/gigionestrumentimusicali.it\/index.php\/product\/daddario-pwgs-ss-glass-slide-small\/"},"modified":"2026-04-07T13:29:12","modified_gmt":"2026-04-07T13:29:12","slug":"daddario-pwgs-ss-glass-slide-small","status":"publish","type":"product","link":"https:\/\/gigionestrumentimusicali.it\/index.php\/product\/daddario-pwgs-ss-glass-slide-small\/","title":{"rendered":"D&#8217;ADDARIO PWGS-SS &#8211; GLASS SLIDE &#8211; SMALL &#8211;"},"content":{"rendered":"<p>Gli slide D&#8217;Addario Glass sono realizzati in borosilicato per ottimizzarne durata, levigatezza e suono. La misura Small \u00e8 l&#8217;ideale per i tutti i musicisti che preferiscono indossare lo slide sul mignolo.<br \/>Scopri di pi\u00f9<br \/>Realizzati in borosilicato per una maggiore durata, migliore uniformit\u00e0 sonora, eccellente timbro e sustain<br \/>Finitura priva di difetti e superficie extra liscia per un migliore scivolamento sulle corde<\/p>\n<p>Misura Small: 48 mm di lunghezza e 17,5 mm di diametro interno<\/p>\n","protected":false},"excerpt":{"rendered":"<p>Gli slide D&#8217;Addario Glass sono realizzati in borosilicato per ottimizzarne durata, levigatezza e suono. La misura Small \u00e8 l&#8217;ideale per i tutti i musicisti che preferiscono indossare lo slide sul mignolo.Scopri di pi\u00f9Realizzati in borosilicato per una maggiore durata, migliore uniformit\u00e0 sonora, eccellente timbro e sustainFinitura priva di difetti e superficie extra liscia per un [&hellip;]<\/p>\n","protected":false},"featured_media":26485,"template":"","meta":{"site-sidebar-layout":"default","site-content-layout":"","ast-site-content-layout":"default","site-content-style":"default","site-sidebar-style":"default","ast-global-header-display":"","ast-banner-title-visibility":"","ast-main-header-display":"","ast-hfb-above-header-display":"","ast-hfb-below-header-display":"","ast-hfb-mobile-header-display":"","site-post-title":"","ast-breadcrumbs-content":"","ast-featured-img":"","footer-sml-layout":"","theme-transparent-header-meta":"","adv-header-id-meta":"","stick-header-meta":"","header-above-stick-meta":"","header-main-stick-meta":"","header-below-stick-meta":"","astra-migrate-meta-layouts":"default","ast-page-background-enabled":"default","ast-page-background-meta":{"desktop":{"background-color":"var(--ast-global-color-4)","background-image":"","background-repeat":"repeat","background-position":"center center","background-size":"auto","background-attachment":"scroll","background-type":"","background-media":"","overlay-type":"","overlay-color":"","overlay-opacity":"","overlay-gradient":""},"tablet":{"background-color":"","background-image":"","background-repeat":"repeat","background-position":"center center","background-size":"auto","background-attachment":"scroll","background-type":"","background-media":"","overlay-type":"","overlay-color":"","overlay-opacity":"","overlay-gradient":""},"mobile":{"background-color":"","background-image":"","background-repeat":"repeat","background-position":"center center","background-size":"auto","background-attachment":"scroll","background-type":"","background-media":"","overlay-type":"","overlay-color":"","overlay-opacity":"","overlay-gradient":""}},"ast-content-background-meta":{"desktop":{"background-color":"var(--ast-global-color-5)","background-image":"","background-repeat":"repeat","background-position":"center center","background-size":"auto","background-attachment":"scroll","background-type":"","background-media":"","overlay-type":"","overlay-color":"","overlay-opacity":"","overlay-gradient":""},"tablet":{"background-color":"var(--ast-global-color-5)","background-image":"","background-repeat":"repeat","background-position":"center center","background-size":"auto","background-attachment":"scroll","background-type":"","background-media":"","overlay-type":"","overlay-color":"","overlay-opacity":"","overlay-gradient":""},"mobile":{"background-color":"var(--ast-global-color-5)","background-image":"","background-repeat":"repeat","background-position":"center center","background-size":"auto","background-attachment":"scroll","background-type":"","background-media":"","overlay-type":"","overlay-color":"","overlay-opacity":"","overlay-gradient":""}}},"product_brand":[],"product_cat":[358],"product_tag":[],"class_list":{"0":"post-26476","1":"product","2":"type-product","3":"status-publish","4":"has-post-thumbnail","6":"product_cat-slide","7":"desktop-align-left","8":"tablet-align-left","9":"mobile-align-left","11":"first","12":"instock","13":"taxable","14":"shipping-taxable","15":"purchasable","16":"product-type-simple"},"_links":{"self":[{"href":"https:\/\/gigionestrumentimusicali.it\/index.php\/wp-json\/wp\/v2\/product\/26476","targetHints":{"allow":["GET"]}}],"collection":[{"href":"https:\/\/gigionestrumentimusicali.it\/index.php\/wp-json\/wp\/v2\/product"}],"about":[{"href":"https:\/\/gigionestrumentimusicali.it\/index.php\/wp-json\/wp\/v2\/types\/product"}],"wp:featuredmedia":[{"embeddable":true,"href":"https:\/\/gigionestrumentimusicali.it\/index.php\/wp-json\/wp\/v2\/media\/26485"}],"wp:attachment":[{"href":"https:\/\/gigionestrumentimusicali.it\/index.php\/wp-json\/wp\/v2\/media?parent=26476"}],"wp:term":[{"taxonomy":"product_brand","embeddable":true,"href":"https:\/\/gigionestrumentimusicali.it\/index.php\/wp-json\/wp\/v2\/product_brand?post=26476"},{"taxonomy":"product_cat","embeddable":true,"href":"https:\/\/gigionestrumentimusicali.it\/index.php\/wp-json\/wp\/v2\/product_cat?post=26476"},{"taxonomy":"product_tag","embeddable":true,"href":"https:\/\/gigionestrumentimusicali.it\/index.php\/wp-json\/wp\/v2\/product_tag?post=26476"}],"curies":[{"name":"wp","href":"https:\/\/api.w.org\/{rel}","templated":true}]}}