{"id":26488,"date":"2025-08-07T10:43:49","date_gmt":"2025-08-07T10:43:49","guid":{"rendered":"https:\/\/gigionestrumentimusicali.it\/index.php\/product\/daaddario-pwpw1b-bass-peg-winder-avvolgicorde-per-basso\/"},"modified":"2026-04-08T15:06:48","modified_gmt":"2026-04-08T15:06:48","slug":"daaddario-pwpw1b-bass-peg-winder-avvolgicorde-per-basso","status":"publish","type":"product","link":"https:\/\/gigionestrumentimusicali.it\/index.php\/product\/daaddario-pwpw1b-bass-peg-winder-avvolgicorde-per-basso\/","title":{"rendered":"D&#8217;AADDARIO PWPW1B BASS PEG WINDER &#8211; AVVOLGICORDE PER BASSO &#8211;"},"content":{"rendered":"<p>L&#8217;avvolgicorde D&#8217;Addario Ergonomic Peg Winder per basso \u00e8 realizzato con stampa di precisione, ed \u00e8 stato progettato per essere compatibile con strumenti sia moderni che vintage. A differenza di altri avvolgicorde, D&#8217;Addario Peg Winder \u00e8 stato ergonomicamente progettato per durare anni. \u00c8 a tutt&#8217;oggi il modo pi\u00f9 semplice e veloce di cambiare le corde.<\/p>\n<p>Progettato ergonomicamente<br \/>Compatibile con bassi vintage e moderni<br \/>Materiale resistente dalla durata maggiore rispetto ai classici avvolgicorde<br \/>Entra facilmente negli scomparti di qualsiasi custodia<\/p>\n","protected":false},"excerpt":{"rendered":"<p>L&#8217;avvolgicorde D&#8217;Addario Ergonomic Peg Winder per basso \u00e8 realizzato con stampa di precisione, ed \u00e8 stato progettato per essere compatibile con strumenti sia moderni che vintage. A differenza di altri avvolgicorde, D&#8217;Addario Peg Winder \u00e8 stato ergonomicamente progettato per durare anni. \u00c8 a tutt&#8217;oggi il modo pi\u00f9 semplice e veloce di cambiare le corde. Progettato [&hellip;]<\/p>\n","protected":false},"featured_media":26489,"template":"","meta":{"site-sidebar-layout":"default","site-content-layout":"","ast-site-content-layout":"default","site-content-style":"default","site-sidebar-style":"default","ast-global-header-display":"","ast-banner-title-visibility":"","ast-main-header-display":"","ast-hfb-above-header-display":"","ast-hfb-below-header-display":"","ast-hfb-mobile-header-display":"","site-post-title":"","ast-breadcrumbs-content":"","ast-featured-img":"","footer-sml-layout":"","theme-transparent-header-meta":"","adv-header-id-meta":"","stick-header-meta":"","header-above-stick-meta":"","header-main-stick-meta":"","header-below-stick-meta":"","astra-migrate-meta-layouts":"default","ast-page-background-enabled":"default","ast-page-background-meta":{"desktop":{"background-color":"var(--ast-global-color-4)","background-image":"","background-repeat":"repeat","background-position":"center center","background-size":"auto","background-attachment":"scroll","background-type":"","background-media":"","overlay-type":"","overlay-color":"","overlay-opacity":"","overlay-gradient":""},"tablet":{"background-color":"","background-image":"","background-repeat":"repeat","background-position":"center center","background-size":"auto","background-attachment":"scroll","background-type":"","background-media":"","overlay-type":"","overlay-color":"","overlay-opacity":"","overlay-gradient":""},"mobile":{"background-color":"","background-image":"","background-repeat":"repeat","background-position":"center center","background-size":"auto","background-attachment":"scroll","background-type":"","background-media":"","overlay-type":"","overlay-color":"","overlay-opacity":"","overlay-gradient":""}},"ast-content-background-meta":{"desktop":{"background-color":"var(--ast-global-color-5)","background-image":"","background-repeat":"repeat","background-position":"center center","background-size":"auto","background-attachment":"scroll","background-type":"","background-media":"","overlay-type":"","overlay-color":"","overlay-opacity":"","overlay-gradient":""},"tablet":{"background-color":"var(--ast-global-color-5)","background-image":"","background-repeat":"repeat","background-position":"center center","background-size":"auto","background-attachment":"scroll","background-type":"","background-media":"","overlay-type":"","overlay-color":"","overlay-opacity":"","overlay-gradient":""},"mobile":{"background-color":"var(--ast-global-color-5)","background-image":"","background-repeat":"repeat","background-position":"center center","background-size":"auto","background-attachment":"scroll","background-type":"","background-media":"","overlay-type":"","overlay-color":"","overlay-opacity":"","overlay-gradient":""}}},"product_brand":[],"product_cat":[354],"product_tag":[],"class_list":{"0":"post-26488","1":"product","2":"type-product","3":"status-publish","4":"has-post-thumbnail","6":"product_cat-avvolgicorde","7":"desktop-align-left","8":"tablet-align-left","9":"mobile-align-left","11":"first","12":"instock","13":"taxable","14":"shipping-taxable","15":"purchasable","16":"product-type-simple"},"_links":{"self":[{"href":"https:\/\/gigionestrumentimusicali.it\/index.php\/wp-json\/wp\/v2\/product\/26488","targetHints":{"allow":["GET"]}}],"collection":[{"href":"https:\/\/gigionestrumentimusicali.it\/index.php\/wp-json\/wp\/v2\/product"}],"about":[{"href":"https:\/\/gigionestrumentimusicali.it\/index.php\/wp-json\/wp\/v2\/types\/product"}],"wp:featuredmedia":[{"embeddable":true,"href":"https:\/\/gigionestrumentimusicali.it\/index.php\/wp-json\/wp\/v2\/media\/26489"}],"wp:attachment":[{"href":"https:\/\/gigionestrumentimusicali.it\/index.php\/wp-json\/wp\/v2\/media?parent=26488"}],"wp:term":[{"taxonomy":"product_brand","embeddable":true,"href":"https:\/\/gigionestrumentimusicali.it\/index.php\/wp-json\/wp\/v2\/product_brand?post=26488"},{"taxonomy":"product_cat","embeddable":true,"href":"https:\/\/gigionestrumentimusicali.it\/index.php\/wp-json\/wp\/v2\/product_cat?post=26488"},{"taxonomy":"product_tag","embeddable":true,"href":"https:\/\/gigionestrumentimusicali.it\/index.php\/wp-json\/wp\/v2\/product_tag?post=26488"}],"curies":[{"name":"wp","href":"https:\/\/api.w.org\/{rel}","templated":true}]}}