{"id":26654,"date":"2025-08-27T09:43:57","date_gmt":"2025-08-27T09:43:57","guid":{"rendered":"https:\/\/gigionestrumentimusicali.it\/index.php\/product\/fender-10-george-harrison-rocky-instrument-cable\/"},"modified":"2026-04-10T21:06:45","modified_gmt":"2026-04-10T21:06:45","slug":"fender-10-george-harrison-rocky-instrument-cable","status":"publish","type":"product","link":"https:\/\/gigionestrumentimusicali.it\/index.php\/product\/fender-10-george-harrison-rocky-instrument-cable\/","title":{"rendered":"FENDER 10&#8242; GEORGE HARRISON ROCKY INSTRUMENT CABLE"},"content":{"rendered":"<p>CAVO PER CHITARRA ROCKY 3MT<\/p>\n<p>L&#8217;impatto e l&#8217;influenza di George Harrison sulla musica popolare sono stati leggendari. Insieme ai Beatles e durante la sua brillante carriera da solista, ha creato la colonna sonora di una generazione e il suo magistrale lavoro con la chitarra ha ispirato innumerevoli musicisti che sono seguiti. George ha suonato una variet\u00e0 di chitarre iconiche nel corso della sua carriera, ma la pi\u00f9 visivamente distintiva \u00e8 stata la sua Sonic Blue Stratocaster del 1961 dipinta a mano in uno psichedelico Day-Glo arancione, rosso e giallo, affettuosamente chiamata &#8220;Rocky&#8221;.<\/p>\n<p>Caratteristiche<br \/>Caratterizzato da un rivestimento in tessuto psichedelico<br \/>Estremit\u00e0 sagomate personalizzate<br \/>Firma di George Harrison sull&#8217;alloggiamento<br \/>Cavo ad alte prestazioni che massimizzer\u00e0 la purezza del tuo suono con uno stile incomparabile<br \/>Lughezza di 3m<\/p>\n","protected":false},"excerpt":{"rendered":"<p>CAVO PER CHITARRA ROCKY 3MT L&#8217;impatto e l&#8217;influenza di George Harrison sulla musica popolare sono stati leggendari. Insieme ai Beatles e durante la sua brillante carriera da solista, ha creato la colonna sonora di una generazione e il suo magistrale lavoro con la chitarra ha ispirato innumerevoli musicisti che sono seguiti. George ha suonato una [&hellip;]<\/p>\n","protected":false},"featured_media":26662,"template":"","meta":{"site-sidebar-layout":"default","site-content-layout":"","ast-site-content-layout":"default","site-content-style":"default","site-sidebar-style":"default","ast-global-header-display":"","ast-banner-title-visibility":"","ast-main-header-display":"","ast-hfb-above-header-display":"","ast-hfb-below-header-display":"","ast-hfb-mobile-header-display":"","site-post-title":"","ast-breadcrumbs-content":"","ast-featured-img":"","footer-sml-layout":"","theme-transparent-header-meta":"","adv-header-id-meta":"","stick-header-meta":"","header-above-stick-meta":"","header-main-stick-meta":"","header-below-stick-meta":"","astra-migrate-meta-layouts":"default","ast-page-background-enabled":"default","ast-page-background-meta":{"desktop":{"background-color":"var(--ast-global-color-4)","background-image":"","background-repeat":"repeat","background-position":"center center","background-size":"auto","background-attachment":"scroll","background-type":"","background-media":"","overlay-type":"","overlay-color":"","overlay-opacity":"","overlay-gradient":""},"tablet":{"background-color":"","background-image":"","background-repeat":"repeat","background-position":"center center","background-size":"auto","background-attachment":"scroll","background-type":"","background-media":"","overlay-type":"","overlay-color":"","overlay-opacity":"","overlay-gradient":""},"mobile":{"background-color":"","background-image":"","background-repeat":"repeat","background-position":"center center","background-size":"auto","background-attachment":"scroll","background-type":"","background-media":"","overlay-type":"","overlay-color":"","overlay-opacity":"","overlay-gradient":""}},"ast-content-background-meta":{"desktop":{"background-color":"var(--ast-global-color-5)","background-image":"","background-repeat":"repeat","background-position":"center center","background-size":"auto","background-attachment":"scroll","background-type":"","background-media":"","overlay-type":"","overlay-color":"","overlay-opacity":"","overlay-gradient":""},"tablet":{"background-color":"var(--ast-global-color-5)","background-image":"","background-repeat":"repeat","background-position":"center center","background-size":"auto","background-attachment":"scroll","background-type":"","background-media":"","overlay-type":"","overlay-color":"","overlay-opacity":"","overlay-gradient":""},"mobile":{"background-color":"var(--ast-global-color-5)","background-image":"","background-repeat":"repeat","background-position":"center center","background-size":"auto","background-attachment":"scroll","background-type":"","background-media":"","overlay-type":"","overlay-color":"","overlay-opacity":"","overlay-gradient":""}}},"product_brand":[],"product_cat":[591],"product_tag":[],"class_list":{"0":"post-26654","1":"product","2":"type-product","3":"status-publish","4":"has-post-thumbnail","6":"product_cat-jack-jack","7":"desktop-align-left","8":"tablet-align-left","9":"mobile-align-left","11":"first","12":"instock","13":"taxable","14":"shipping-taxable","15":"purchasable","16":"product-type-simple"},"_links":{"self":[{"href":"https:\/\/gigionestrumentimusicali.it\/index.php\/wp-json\/wp\/v2\/product\/26654","targetHints":{"allow":["GET"]}}],"collection":[{"href":"https:\/\/gigionestrumentimusicali.it\/index.php\/wp-json\/wp\/v2\/product"}],"about":[{"href":"https:\/\/gigionestrumentimusicali.it\/index.php\/wp-json\/wp\/v2\/types\/product"}],"wp:featuredmedia":[{"embeddable":true,"href":"https:\/\/gigionestrumentimusicali.it\/index.php\/wp-json\/wp\/v2\/media\/26662"}],"wp:attachment":[{"href":"https:\/\/gigionestrumentimusicali.it\/index.php\/wp-json\/wp\/v2\/media?parent=26654"}],"wp:term":[{"taxonomy":"product_brand","embeddable":true,"href":"https:\/\/gigionestrumentimusicali.it\/index.php\/wp-json\/wp\/v2\/product_brand?post=26654"},{"taxonomy":"product_cat","embeddable":true,"href":"https:\/\/gigionestrumentimusicali.it\/index.php\/wp-json\/wp\/v2\/product_cat?post=26654"},{"taxonomy":"product_tag","embeddable":true,"href":"https:\/\/gigionestrumentimusicali.it\/index.php\/wp-json\/wp\/v2\/product_tag?post=26654"}],"curies":[{"name":"wp","href":"https:\/\/api.w.org\/{rel}","templated":true}]}}