{"id":26721,"date":"2025-09-30T15:58:14","date_gmt":"2025-09-30T15:58:14","guid":{"rendered":"https:\/\/gigionestrumentimusicali.it\/index.php\/product\/nux-59-bassguy-overdrive\/"},"modified":"2026-04-20T15:52:00","modified_gmt":"2026-04-20T15:52:00","slug":"nux-59-bassguy-overdrive","status":"publish","type":"product","link":"https:\/\/gigionestrumentimusicali.it\/index.php\/product\/nux-59-bassguy-overdrive\/","title":{"rendered":"NUX &#8217;59 BASSGUY OVERDRIVE"},"content":{"rendered":"<p>Il NUX &#8217;59 Bassguy della serie Reissue cattura la leggendaria voce del Fender &#8217;59 Bassman. Coi di tre controlli intuitivi &#8211; GAIN, MASTER e VOLUME &#8211; si potr\u00e0 regolare il timbro alla perfezione con la massima semplicit\u00e0. Ci\u00f2 che distingue il &#8217;59 Bassguy \u00e8 l&#8217;esclusivo interruttore JUMP, che simula fedelmente l&#8217;iconico effetto &#8216;Jumpering&#8217; del Fender &#8217;59 Bassman. Con una semplice pressione dell&#8217;interruttore, i musicisti possono passare facilmente da un suono all&#8217;altro, offrendo opzioni versatili per diversi stili e preferenze. *Tutti i nomi dei marchi e dei modelli citati in questa pagina sono marchi dei rispettivi proprietari, che non sono in alcun modo associati o affiliati a NUX Effects e Cherub Technology CO. LTD.<br \/>Caratteristiche<br \/>Simulata il legendario Fender &#8217;59 Bassman<br \/>Pannello e controlli vintage style<br \/>Controllo a levetta &#8216;Jump&#8217; per passare da Normal a Bright<br \/>Circuito 100% analogico<br \/>True bypass<\/p>\n<p>Impedenza in entrata: 1M Ohms<br \/>Impedenza in uscita: 820 Ohms<br \/>Alimentazione: batteria 9V o alimentatore esterno<br \/>Dimensioni: 121(L)x77(A)x 48(P)mm<br \/>Peso: 250g<\/p>\n","protected":false},"excerpt":{"rendered":"<p>Il NUX &#8217;59 Bassguy della serie Reissue cattura la leggendaria voce del Fender &#8217;59 Bassman. Coi di tre controlli intuitivi &#8211; GAIN, MASTER e VOLUME &#8211; si potr\u00e0 regolare il timbro alla perfezione con la massima semplicit\u00e0. Ci\u00f2 che distingue il &#8217;59 Bassguy \u00e8 l&#8217;esclusivo interruttore JUMP, che simula fedelmente l&#8217;iconico effetto &#8216;Jumpering&#8217; del Fender [&hellip;]<\/p>\n","protected":false},"featured_media":26722,"template":"","meta":{"site-sidebar-layout":"default","site-content-layout":"","ast-site-content-layout":"default","site-content-style":"default","site-sidebar-style":"default","ast-global-header-display":"","ast-banner-title-visibility":"","ast-main-header-display":"","ast-hfb-above-header-display":"","ast-hfb-below-header-display":"","ast-hfb-mobile-header-display":"","site-post-title":"","ast-breadcrumbs-content":"","ast-featured-img":"","footer-sml-layout":"","theme-transparent-header-meta":"","adv-header-id-meta":"","stick-header-meta":"","header-above-stick-meta":"","header-main-stick-meta":"","header-below-stick-meta":"","astra-migrate-meta-layouts":"default","ast-page-background-enabled":"default","ast-page-background-meta":{"desktop":{"background-color":"var(--ast-global-color-4)","background-image":"","background-repeat":"repeat","background-position":"center center","background-size":"auto","background-attachment":"scroll","background-type":"","background-media":"","overlay-type":"","overlay-color":"","overlay-opacity":"","overlay-gradient":""},"tablet":{"background-color":"","background-image":"","background-repeat":"repeat","background-position":"center center","background-size":"auto","background-attachment":"scroll","background-type":"","background-media":"","overlay-type":"","overlay-color":"","overlay-opacity":"","overlay-gradient":""},"mobile":{"background-color":"","background-image":"","background-repeat":"repeat","background-position":"center center","background-size":"auto","background-attachment":"scroll","background-type":"","background-media":"","overlay-type":"","overlay-color":"","overlay-opacity":"","overlay-gradient":""}},"ast-content-background-meta":{"desktop":{"background-color":"var(--ast-global-color-5)","background-image":"","background-repeat":"repeat","background-position":"center center","background-size":"auto","background-attachment":"scroll","background-type":"","background-media":"","overlay-type":"","overlay-color":"","overlay-opacity":"","overlay-gradient":""},"tablet":{"background-color":"var(--ast-global-color-5)","background-image":"","background-repeat":"repeat","background-position":"center center","background-size":"auto","background-attachment":"scroll","background-type":"","background-media":"","overlay-type":"","overlay-color":"","overlay-opacity":"","overlay-gradient":""},"mobile":{"background-color":"var(--ast-global-color-5)","background-image":"","background-repeat":"repeat","background-position":"center center","background-size":"auto","background-attachment":"scroll","background-type":"","background-media":"","overlay-type":"","overlay-color":"","overlay-opacity":"","overlay-gradient":""}}},"product_brand":[],"product_cat":[440],"product_tag":[],"class_list":{"0":"post-26721","1":"product","2":"type-product","3":"status-publish","4":"has-post-thumbnail","6":"product_cat-overdrive","7":"desktop-align-left","8":"tablet-align-left","9":"mobile-align-left","11":"first","12":"instock","13":"taxable","14":"shipping-taxable","15":"purchasable","16":"product-type-simple"},"_links":{"self":[{"href":"https:\/\/gigionestrumentimusicali.it\/index.php\/wp-json\/wp\/v2\/product\/26721","targetHints":{"allow":["GET"]}}],"collection":[{"href":"https:\/\/gigionestrumentimusicali.it\/index.php\/wp-json\/wp\/v2\/product"}],"about":[{"href":"https:\/\/gigionestrumentimusicali.it\/index.php\/wp-json\/wp\/v2\/types\/product"}],"wp:featuredmedia":[{"embeddable":true,"href":"https:\/\/gigionestrumentimusicali.it\/index.php\/wp-json\/wp\/v2\/media\/26722"}],"wp:attachment":[{"href":"https:\/\/gigionestrumentimusicali.it\/index.php\/wp-json\/wp\/v2\/media?parent=26721"}],"wp:term":[{"taxonomy":"product_brand","embeddable":true,"href":"https:\/\/gigionestrumentimusicali.it\/index.php\/wp-json\/wp\/v2\/product_brand?post=26721"},{"taxonomy":"product_cat","embeddable":true,"href":"https:\/\/gigionestrumentimusicali.it\/index.php\/wp-json\/wp\/v2\/product_cat?post=26721"},{"taxonomy":"product_tag","embeddable":true,"href":"https:\/\/gigionestrumentimusicali.it\/index.php\/wp-json\/wp\/v2\/product_tag?post=26721"}],"curies":[{"name":"wp","href":"https:\/\/api.w.org\/{rel}","templated":true}]}}