{"id":26759,"date":"2025-10-09T15:29:21","date_gmt":"2025-10-09T15:29:21","guid":{"rendered":"https:\/\/gigionestrumentimusicali.it\/index.php\/product\/fender-mustang-ltx100\/"},"modified":"2026-04-15T14:12:55","modified_gmt":"2026-04-15T14:12:55","slug":"fender-mustang-ltx100","status":"publish","type":"product","link":"https:\/\/gigionestrumentimusicali.it\/index.php\/product\/fender-mustang-ltx100\/","title":{"rendered":"FENDER MUSTANG LTX100"},"content":{"rendered":"<p>Mustang\u00ae LTX \u00e8 l&#8217;ultimo nato nella linea di amplificatori per chitarra pi\u00f9 famosa al mondo.<br \/>Unendo funzionalit\u00e0 high-tech con il classico design Fender\u00ae, Mustang\u00ae LTX \u00e8 perfetto per musicisti di qualsiasi livello. \u00c8 dotato di un&#8217;intuitiva interfaccia utente con 50 modelli di ampli ed effetti adatti a qualsiasi stile musicale, 100 slot preset, un percorso del segnale configurabile e un display a colori integrato con accordatore interno.<br \/>Mustang\u00ae LTX 100 \u00e8 ideale per esercitarsi e per esibirsi, con un altoparlante da 12&#8243; Celestion\u00ae G12FSD-100 e un interruttore a pedale opzionale a 5 pulsanti, perfetto per il palco. Il Bluetooth\u00ae incorporato ti permette di suonare sui tuoi pezzi preferiti, cos\u00ec come di creare, modificare, scaricare e condividere i preset usando l&#8217;app Fender TONE\u00ae.<br \/>Caratteristiche<\/p>\n<p>Colore: Black<br \/>Manopole di controllo: Black Plastic<br \/>Tipo amplificatore: Digital<br \/>Ingressi: One 1\/4&#8243;<br \/>Materiale della cassa: Wood Enclosure<br \/>Maniglia: Molded Plastic Strap with Nickel-Plated Caps<br \/>Altoparlanti: One &#8211; 12&#8243; Celestion\u00ae G12FSD-100<br \/>Impedenza totale: 4 ohms<br \/>Footswitch: Optional 5-Button With Display, P\/N: 0994073000 LTX-5 FOOTSWITCH<br \/>Canali: One &#8211; (with Selectable Amp Voice)<br \/>Loop Effetti: 1\/4&#8243; (Send\/Return)<br \/>Controlli: Gain, Volume, Treble, Middle, Bass, Master, Preset Select, Back Button, Save Button, Menu Button, Tap Tempo\/Tuner Button<br \/>Nazione di Origine: Thailandia<\/p>\n","protected":false},"excerpt":{"rendered":"<p>Mustang\u00ae LTX \u00e8 l&#8217;ultimo nato nella linea di amplificatori per chitarra pi\u00f9 famosa al mondo.Unendo funzionalit\u00e0 high-tech con il classico design Fender\u00ae, Mustang\u00ae LTX \u00e8 perfetto per musicisti di qualsiasi livello. \u00c8 dotato di un&#8217;intuitiva interfaccia utente con 50 modelli di ampli ed effetti adatti a qualsiasi stile musicale, 100 slot preset, un percorso del [&hellip;]<\/p>\n","protected":false},"featured_media":26780,"template":"","meta":{"site-sidebar-layout":"default","site-content-layout":"","ast-site-content-layout":"default","site-content-style":"default","site-sidebar-style":"default","ast-global-header-display":"","ast-banner-title-visibility":"","ast-main-header-display":"","ast-hfb-above-header-display":"","ast-hfb-below-header-display":"","ast-hfb-mobile-header-display":"","site-post-title":"","ast-breadcrumbs-content":"","ast-featured-img":"","footer-sml-layout":"","theme-transparent-header-meta":"","adv-header-id-meta":"","stick-header-meta":"","header-above-stick-meta":"","header-main-stick-meta":"","header-below-stick-meta":"","astra-migrate-meta-layouts":"default","ast-page-background-enabled":"default","ast-page-background-meta":{"desktop":{"background-color":"var(--ast-global-color-4)","background-image":"","background-repeat":"repeat","background-position":"center center","background-size":"auto","background-attachment":"scroll","background-type":"","background-media":"","overlay-type":"","overlay-color":"","overlay-opacity":"","overlay-gradient":""},"tablet":{"background-color":"","background-image":"","background-repeat":"repeat","background-position":"center center","background-size":"auto","background-attachment":"scroll","background-type":"","background-media":"","overlay-type":"","overlay-color":"","overlay-opacity":"","overlay-gradient":""},"mobile":{"background-color":"","background-image":"","background-repeat":"repeat","background-position":"center center","background-size":"auto","background-attachment":"scroll","background-type":"","background-media":"","overlay-type":"","overlay-color":"","overlay-opacity":"","overlay-gradient":""}},"ast-content-background-meta":{"desktop":{"background-color":"var(--ast-global-color-5)","background-image":"","background-repeat":"repeat","background-position":"center center","background-size":"auto","background-attachment":"scroll","background-type":"","background-media":"","overlay-type":"","overlay-color":"","overlay-opacity":"","overlay-gradient":""},"tablet":{"background-color":"var(--ast-global-color-5)","background-image":"","background-repeat":"repeat","background-position":"center center","background-size":"auto","background-attachment":"scroll","background-type":"","background-media":"","overlay-type":"","overlay-color":"","overlay-opacity":"","overlay-gradient":""},"mobile":{"background-color":"var(--ast-global-color-5)","background-image":"","background-repeat":"repeat","background-position":"center center","background-size":"auto","background-attachment":"scroll","background-type":"","background-media":"","overlay-type":"","overlay-color":"","overlay-opacity":"","overlay-gradient":""}}},"product_brand":[],"product_cat":[370],"product_tag":[],"class_list":{"0":"post-26759","1":"product","2":"type-product","3":"status-publish","4":"has-post-thumbnail","6":"product_cat-combo-per-chitarre-elettriche","7":"desktop-align-left","8":"tablet-align-left","9":"mobile-align-left","11":"first","12":"instock","13":"taxable","14":"shipping-taxable","15":"purchasable","16":"product-type-simple"},"_links":{"self":[{"href":"https:\/\/gigionestrumentimusicali.it\/index.php\/wp-json\/wp\/v2\/product\/26759","targetHints":{"allow":["GET"]}}],"collection":[{"href":"https:\/\/gigionestrumentimusicali.it\/index.php\/wp-json\/wp\/v2\/product"}],"about":[{"href":"https:\/\/gigionestrumentimusicali.it\/index.php\/wp-json\/wp\/v2\/types\/product"}],"wp:featuredmedia":[{"embeddable":true,"href":"https:\/\/gigionestrumentimusicali.it\/index.php\/wp-json\/wp\/v2\/media\/26780"}],"wp:attachment":[{"href":"https:\/\/gigionestrumentimusicali.it\/index.php\/wp-json\/wp\/v2\/media?parent=26759"}],"wp:term":[{"taxonomy":"product_brand","embeddable":true,"href":"https:\/\/gigionestrumentimusicali.it\/index.php\/wp-json\/wp\/v2\/product_brand?post=26759"},{"taxonomy":"product_cat","embeddable":true,"href":"https:\/\/gigionestrumentimusicali.it\/index.php\/wp-json\/wp\/v2\/product_cat?post=26759"},{"taxonomy":"product_tag","embeddable":true,"href":"https:\/\/gigionestrumentimusicali.it\/index.php\/wp-json\/wp\/v2\/product_tag?post=26759"}],"curies":[{"name":"wp","href":"https:\/\/api.w.org\/{rel}","templated":true}]}}