{"id":26795,"date":"2025-10-10T08:55:52","date_gmt":"2025-10-10T08:55:52","guid":{"rendered":"https:\/\/gigionestrumentimusicali.it\/index.php\/product\/admira-a8-chitarra-classica-4-4-made-in-spain\/"},"modified":"2026-04-11T16:09:40","modified_gmt":"2026-04-11T16:09:40","slug":"admira-a8-chitarra-classica-4-4-made-in-spain","status":"publish","type":"product","link":"https:\/\/gigionestrumentimusicali.it\/index.php\/product\/admira-a8-chitarra-classica-4-4-made-in-spain\/","title":{"rendered":"ADMIRA A8 CHITARRA CLASSICA 4\/4 MADE IN SPAIN"},"content":{"rendered":"<p>L&#8217; Admira A8 \u00e8 realizzato a mano in Spagna da legni selezionati ed \u00e8 uno dei modelli pi\u00f9 economici in vendita per uno strumento di questa qualit\u00e0. Admira non ha sacrificato il suono o il comfort nel desiderio di creare uno strumento conveniente per il divertimento degli studenti. La grande suonabilit\u00e0 dell&#8217;Admira A6 si rivela un&#8217;ispirazione per esercitarsi, cos\u00ec come il suono, la chiarezza e l&#8217;espressione superbi di questo modello. Anche Admira A6 \u00e8 stato realizzato con un &#8220;tacco spagnolo&#8221;. Questo sistema, che \u00e8 un metodo molto pi\u00f9 complesso del collo incollato, offre vantaggi sonori significativi, come un volume aumentato, un maggiore sustain e una maggiore stabilit\u00e0. La chitarra Admira A6 presenta un top in cedro massello, fondo e fasce in palissandro indiano, manico in mogano con tastiera in ebano, accordatori placcati in oro, corde Savarez e lussuosa finitura lucida.<\/p>\n<p>Scheda tecnica:<\/p>\n<p>Dimensione 4 \/ 4<br \/>Superiore Cedro massiccio<br \/>Di ritorno Palissandro indiano<br \/>Lati Palissandro indiano<br \/>Manico Mogano con rinforzo in Ebano<br \/>Tastiera Palissandro indiano<br \/>Testa della macchina Lira Design Oro<br \/>Tipo di finitura Lucida<\/p>\n","protected":false},"excerpt":{"rendered":"<p>L&#8217; Admira A8 \u00e8 realizzato a mano in Spagna da legni selezionati ed \u00e8 uno dei modelli pi\u00f9 economici in vendita per uno strumento di questa qualit\u00e0. Admira non ha sacrificato il suono o il comfort nel desiderio di creare uno strumento conveniente per il divertimento degli studenti. La grande suonabilit\u00e0 dell&#8217;Admira A6 si rivela [&hellip;]<\/p>\n","protected":false},"featured_media":26796,"template":"","meta":{"site-sidebar-layout":"default","site-content-layout":"","ast-site-content-layout":"default","site-content-style":"default","site-sidebar-style":"default","ast-global-header-display":"","ast-banner-title-visibility":"","ast-main-header-display":"","ast-hfb-above-header-display":"","ast-hfb-below-header-display":"","ast-hfb-mobile-header-display":"","site-post-title":"","ast-breadcrumbs-content":"","ast-featured-img":"","footer-sml-layout":"","theme-transparent-header-meta":"","adv-header-id-meta":"","stick-header-meta":"","header-above-stick-meta":"","header-main-stick-meta":"","header-below-stick-meta":"","astra-migrate-meta-layouts":"default","ast-page-background-enabled":"default","ast-page-background-meta":{"desktop":{"background-color":"var(--ast-global-color-4)","background-image":"","background-repeat":"repeat","background-position":"center center","background-size":"auto","background-attachment":"scroll","background-type":"","background-media":"","overlay-type":"","overlay-color":"","overlay-opacity":"","overlay-gradient":""},"tablet":{"background-color":"","background-image":"","background-repeat":"repeat","background-position":"center center","background-size":"auto","background-attachment":"scroll","background-type":"","background-media":"","overlay-type":"","overlay-color":"","overlay-opacity":"","overlay-gradient":""},"mobile":{"background-color":"","background-image":"","background-repeat":"repeat","background-position":"center center","background-size":"auto","background-attachment":"scroll","background-type":"","background-media":"","overlay-type":"","overlay-color":"","overlay-opacity":"","overlay-gradient":""}},"ast-content-background-meta":{"desktop":{"background-color":"var(--ast-global-color-5)","background-image":"","background-repeat":"repeat","background-position":"center center","background-size":"auto","background-attachment":"scroll","background-type":"","background-media":"","overlay-type":"","overlay-color":"","overlay-opacity":"","overlay-gradient":""},"tablet":{"background-color":"var(--ast-global-color-5)","background-image":"","background-repeat":"repeat","background-position":"center center","background-size":"auto","background-attachment":"scroll","background-type":"","background-media":"","overlay-type":"","overlay-color":"","overlay-opacity":"","overlay-gradient":""},"mobile":{"background-color":"var(--ast-global-color-5)","background-image":"","background-repeat":"repeat","background-position":"center center","background-size":"auto","background-attachment":"scroll","background-type":"","background-media":"","overlay-type":"","overlay-color":"","overlay-opacity":"","overlay-gradient":""}}},"product_brand":[],"product_cat":[385],"product_tag":[],"class_list":{"0":"post-26795","1":"product","2":"type-product","3":"status-publish","4":"has-post-thumbnail","6":"product_cat-chitarre-4-4","7":"desktop-align-left","8":"tablet-align-left","9":"mobile-align-left","11":"first","12":"instock","13":"taxable","14":"shipping-taxable","15":"purchasable","16":"product-type-simple"},"_links":{"self":[{"href":"https:\/\/gigionestrumentimusicali.it\/index.php\/wp-json\/wp\/v2\/product\/26795","targetHints":{"allow":["GET"]}}],"collection":[{"href":"https:\/\/gigionestrumentimusicali.it\/index.php\/wp-json\/wp\/v2\/product"}],"about":[{"href":"https:\/\/gigionestrumentimusicali.it\/index.php\/wp-json\/wp\/v2\/types\/product"}],"wp:featuredmedia":[{"embeddable":true,"href":"https:\/\/gigionestrumentimusicali.it\/index.php\/wp-json\/wp\/v2\/media\/26796"}],"wp:attachment":[{"href":"https:\/\/gigionestrumentimusicali.it\/index.php\/wp-json\/wp\/v2\/media?parent=26795"}],"wp:term":[{"taxonomy":"product_brand","embeddable":true,"href":"https:\/\/gigionestrumentimusicali.it\/index.php\/wp-json\/wp\/v2\/product_brand?post=26795"},{"taxonomy":"product_cat","embeddable":true,"href":"https:\/\/gigionestrumentimusicali.it\/index.php\/wp-json\/wp\/v2\/product_cat?post=26795"},{"taxonomy":"product_tag","embeddable":true,"href":"https:\/\/gigionestrumentimusicali.it\/index.php\/wp-json\/wp\/v2\/product_tag?post=26795"}],"curies":[{"name":"wp","href":"https:\/\/api.w.org\/{rel}","templated":true}]}}