{"id":26798,"date":"2025-10-10T08:57:22","date_gmt":"2025-10-10T08:57:22","guid":{"rendered":"https:\/\/gigionestrumentimusicali.it\/index.php\/product\/admira-a10-chitarra-classica-4-4-made-in-spain\/"},"modified":"2026-04-11T16:09:25","modified_gmt":"2026-04-11T16:09:25","slug":"admira-a10-chitarra-classica-4-4-made-in-spain","status":"publish","type":"product","link":"https:\/\/gigionestrumentimusicali.it\/index.php\/product\/admira-a10-chitarra-classica-4-4-made-in-spain\/","title":{"rendered":"ADMIRA A10 CHITARRA CLASSICA 4\/4 MADE IN SPAIN"},"content":{"rendered":"<p>L&#8217; Admira &#8216;A10&#8217; Classical Guitar \u00e8 il passo successivo per i principianti che iniziano a sentirsi pi\u00f9 sicuri nel loro suonare. Costruita e fabbricata con cura, la chitarra \u00e8 caratterizzata da una tradizionale articolazione spagnola del manico del tallone; spesso considerata uno dei componenti pi\u00f9 complessi della costruzione di una chitarra classica. La sua costruzione intricata paga i dividendi in termini di capacit\u00e0 sonore, poich\u00e9 i toni caldi e pastosi lasciano il posto a risonanze scure e cupe.<\/p>\n<p>MADE IN SPAIN<\/p>\n<p>Caratterizzata da un classico top in cedro e da un dorso e fianchi in palissandro, il manico in mogano aiuta ulteriormente a sostenere e mantenere i forti toni caldi del Admira &#8216;A10&#8217;.<\/p>\n<p>Specifiche tecniche<\/p>\n<p>Corpo e ponte<br \/>Tavola: Cedro massiccio<br \/>Fondo e fasce: Palissandro indiano<br \/>Manico: Mogano con rinforzo in palissandro<br \/>Tastiera: Palissandro indiano<br \/>Hardware<br \/>Meccaniche: Lyre Design Gold<\/p>\n","protected":false},"excerpt":{"rendered":"<p>L&#8217; Admira &#8216;A10&#8217; Classical Guitar \u00e8 il passo successivo per i principianti che iniziano a sentirsi pi\u00f9 sicuri nel loro suonare. Costruita e fabbricata con cura, la chitarra \u00e8 caratterizzata da una tradizionale articolazione spagnola del manico del tallone; spesso considerata uno dei componenti pi\u00f9 complessi della costruzione di una chitarra classica. La sua costruzione [&hellip;]<\/p>\n","protected":false},"featured_media":26801,"template":"","meta":{"site-sidebar-layout":"default","site-content-layout":"","ast-site-content-layout":"default","site-content-style":"default","site-sidebar-style":"default","ast-global-header-display":"","ast-banner-title-visibility":"","ast-main-header-display":"","ast-hfb-above-header-display":"","ast-hfb-below-header-display":"","ast-hfb-mobile-header-display":"","site-post-title":"","ast-breadcrumbs-content":"","ast-featured-img":"","footer-sml-layout":"","theme-transparent-header-meta":"","adv-header-id-meta":"","stick-header-meta":"","header-above-stick-meta":"","header-main-stick-meta":"","header-below-stick-meta":"","astra-migrate-meta-layouts":"default","ast-page-background-enabled":"default","ast-page-background-meta":{"desktop":{"background-color":"var(--ast-global-color-4)","background-image":"","background-repeat":"repeat","background-position":"center center","background-size":"auto","background-attachment":"scroll","background-type":"","background-media":"","overlay-type":"","overlay-color":"","overlay-opacity":"","overlay-gradient":""},"tablet":{"background-color":"","background-image":"","background-repeat":"repeat","background-position":"center center","background-size":"auto","background-attachment":"scroll","background-type":"","background-media":"","overlay-type":"","overlay-color":"","overlay-opacity":"","overlay-gradient":""},"mobile":{"background-color":"","background-image":"","background-repeat":"repeat","background-position":"center center","background-size":"auto","background-attachment":"scroll","background-type":"","background-media":"","overlay-type":"","overlay-color":"","overlay-opacity":"","overlay-gradient":""}},"ast-content-background-meta":{"desktop":{"background-color":"var(--ast-global-color-5)","background-image":"","background-repeat":"repeat","background-position":"center center","background-size":"auto","background-attachment":"scroll","background-type":"","background-media":"","overlay-type":"","overlay-color":"","overlay-opacity":"","overlay-gradient":""},"tablet":{"background-color":"var(--ast-global-color-5)","background-image":"","background-repeat":"repeat","background-position":"center center","background-size":"auto","background-attachment":"scroll","background-type":"","background-media":"","overlay-type":"","overlay-color":"","overlay-opacity":"","overlay-gradient":""},"mobile":{"background-color":"var(--ast-global-color-5)","background-image":"","background-repeat":"repeat","background-position":"center center","background-size":"auto","background-attachment":"scroll","background-type":"","background-media":"","overlay-type":"","overlay-color":"","overlay-opacity":"","overlay-gradient":""}}},"product_brand":[],"product_cat":[385],"product_tag":[],"class_list":{"0":"post-26798","1":"product","2":"type-product","3":"status-publish","4":"has-post-thumbnail","6":"product_cat-chitarre-4-4","7":"desktop-align-left","8":"tablet-align-left","9":"mobile-align-left","11":"first","12":"instock","13":"taxable","14":"shipping-taxable","15":"purchasable","16":"product-type-simple"},"_links":{"self":[{"href":"https:\/\/gigionestrumentimusicali.it\/index.php\/wp-json\/wp\/v2\/product\/26798","targetHints":{"allow":["GET"]}}],"collection":[{"href":"https:\/\/gigionestrumentimusicali.it\/index.php\/wp-json\/wp\/v2\/product"}],"about":[{"href":"https:\/\/gigionestrumentimusicali.it\/index.php\/wp-json\/wp\/v2\/types\/product"}],"wp:featuredmedia":[{"embeddable":true,"href":"https:\/\/gigionestrumentimusicali.it\/index.php\/wp-json\/wp\/v2\/media\/26801"}],"wp:attachment":[{"href":"https:\/\/gigionestrumentimusicali.it\/index.php\/wp-json\/wp\/v2\/media?parent=26798"}],"wp:term":[{"taxonomy":"product_brand","embeddable":true,"href":"https:\/\/gigionestrumentimusicali.it\/index.php\/wp-json\/wp\/v2\/product_brand?post=26798"},{"taxonomy":"product_cat","embeddable":true,"href":"https:\/\/gigionestrumentimusicali.it\/index.php\/wp-json\/wp\/v2\/product_cat?post=26798"},{"taxonomy":"product_tag","embeddable":true,"href":"https:\/\/gigionestrumentimusicali.it\/index.php\/wp-json\/wp\/v2\/product_tag?post=26798"}],"curies":[{"name":"wp","href":"https:\/\/api.w.org\/{rel}","templated":true}]}}