{"id":26914,"date":"2025-10-22T14:13:05","date_gmt":"2025-10-22T14:13:05","guid":{"rendered":"https:\/\/gigionestrumentimusicali.it\/index.php\/product\/fender-redondo-mini-natural\/"},"modified":"2026-04-18T20:00:16","modified_gmt":"2026-04-18T20:00:16","slug":"fender-redondo-mini-natural","status":"publish","type":"product","link":"https:\/\/gigionestrumentimusicali.it\/index.php\/product\/fender-redondo-mini-natural\/","title":{"rendered":"FENDER REDONDO MINI NATURAL"},"content":{"rendered":"<p>CHITARRA ACUSTICA MINI NATURALE<\/p>\n<p>Redondo Mini combina un grande impatto con un body di dimensioni ridotte. Con una tavola armonica in abete, fondo e fasce in mogano, questa chitarra ha una lunghezza della scala pari a 22.75&#8243;, ma offre il suono di una chitarra di dimensioni standard. Come tutti i modelli della Serie California, la Redondo Mini offre una paletta in stile Strat con 6 meccaniche in linea, ispirata dall&#8217;eredit\u00e0 elettrica Fender.<br \/>Altre caratteristiche di qualit\u00e0 superiore includono ponte e tastiera in noce, capotasto e sellette in Nubone. Che tu sia un giovane musicista principiante in cerca di uno strumento pi\u00f9 piccolo o semplicemente a caccia di una chitarra facile da trasportare di assoluta qualit\u00e0, la Redondo Mini \u00e8 fatta per te.<br \/>Caratteristiche<br \/>Top: Abete Sitka massello<br \/>Fondo e fasce: Mogano massello<br \/>Bracing: Scalloped X<br \/>Rosetta: 2 Anelli<br \/>Manico: Nato<br \/>Tastiera: Noce<br \/>Scala: 578mm<br \/>Finitura: Uretano satinato<br \/>Profilo: C Shape<br \/>Capotasto: 43mm<br \/>Materiale: Nubone<br \/>Intarsi: Dot bianchi<br \/>Piroli del ponte: Bianchi con dot neri<br \/>Hardware: Cromato<br \/>Meccaniche: Stile vintage con manople in plastica bianca invecchiata<br \/>Finitura: Naturale<br \/>Accessori: Gig bag inclusa<\/p>\n","protected":false},"excerpt":{"rendered":"<p>CHITARRA ACUSTICA MINI NATURALE Redondo Mini combina un grande impatto con un body di dimensioni ridotte. Con una tavola armonica in abete, fondo e fasce in mogano, questa chitarra ha una lunghezza della scala pari a 22.75&#8243;, ma offre il suono di una chitarra di dimensioni standard. Come tutti i modelli della Serie California, la [&hellip;]<\/p>\n","protected":false},"featured_media":26915,"template":"","meta":{"site-sidebar-layout":"default","site-content-layout":"","ast-site-content-layout":"default","site-content-style":"default","site-sidebar-style":"default","ast-global-header-display":"","ast-banner-title-visibility":"","ast-main-header-display":"","ast-hfb-above-header-display":"","ast-hfb-below-header-display":"","ast-hfb-mobile-header-display":"","site-post-title":"","ast-breadcrumbs-content":"","ast-featured-img":"","footer-sml-layout":"","theme-transparent-header-meta":"","adv-header-id-meta":"","stick-header-meta":"","header-above-stick-meta":"","header-main-stick-meta":"","header-below-stick-meta":"","astra-migrate-meta-layouts":"default","ast-page-background-enabled":"default","ast-page-background-meta":{"desktop":{"background-color":"var(--ast-global-color-4)","background-image":"","background-repeat":"repeat","background-position":"center center","background-size":"auto","background-attachment":"scroll","background-type":"","background-media":"","overlay-type":"","overlay-color":"","overlay-opacity":"","overlay-gradient":""},"tablet":{"background-color":"","background-image":"","background-repeat":"repeat","background-position":"center center","background-size":"auto","background-attachment":"scroll","background-type":"","background-media":"","overlay-type":"","overlay-color":"","overlay-opacity":"","overlay-gradient":""},"mobile":{"background-color":"","background-image":"","background-repeat":"repeat","background-position":"center center","background-size":"auto","background-attachment":"scroll","background-type":"","background-media":"","overlay-type":"","overlay-color":"","overlay-opacity":"","overlay-gradient":""}},"ast-content-background-meta":{"desktop":{"background-color":"var(--ast-global-color-5)","background-image":"","background-repeat":"repeat","background-position":"center center","background-size":"auto","background-attachment":"scroll","background-type":"","background-media":"","overlay-type":"","overlay-color":"","overlay-opacity":"","overlay-gradient":""},"tablet":{"background-color":"var(--ast-global-color-5)","background-image":"","background-repeat":"repeat","background-position":"center center","background-size":"auto","background-attachment":"scroll","background-type":"","background-media":"","overlay-type":"","overlay-color":"","overlay-opacity":"","overlay-gradient":""},"mobile":{"background-color":"var(--ast-global-color-5)","background-image":"","background-repeat":"repeat","background-position":"center center","background-size":"auto","background-attachment":"scroll","background-type":"","background-media":"","overlay-type":"","overlay-color":"","overlay-opacity":"","overlay-gradient":""}}},"product_brand":[],"product_cat":[379],"product_tag":[],"class_list":{"0":"post-26914","1":"product","2":"type-product","3":"status-publish","4":"has-post-thumbnail","6":"product_cat-chitarre-3-4","7":"desktop-align-left","8":"tablet-align-left","9":"mobile-align-left","11":"first","12":"instock","13":"taxable","14":"shipping-taxable","15":"purchasable","16":"product-type-simple"},"_links":{"self":[{"href":"https:\/\/gigionestrumentimusicali.it\/index.php\/wp-json\/wp\/v2\/product\/26914","targetHints":{"allow":["GET"]}}],"collection":[{"href":"https:\/\/gigionestrumentimusicali.it\/index.php\/wp-json\/wp\/v2\/product"}],"about":[{"href":"https:\/\/gigionestrumentimusicali.it\/index.php\/wp-json\/wp\/v2\/types\/product"}],"wp:featuredmedia":[{"embeddable":true,"href":"https:\/\/gigionestrumentimusicali.it\/index.php\/wp-json\/wp\/v2\/media\/26915"}],"wp:attachment":[{"href":"https:\/\/gigionestrumentimusicali.it\/index.php\/wp-json\/wp\/v2\/media?parent=26914"}],"wp:term":[{"taxonomy":"product_brand","embeddable":true,"href":"https:\/\/gigionestrumentimusicali.it\/index.php\/wp-json\/wp\/v2\/product_brand?post=26914"},{"taxonomy":"product_cat","embeddable":true,"href":"https:\/\/gigionestrumentimusicali.it\/index.php\/wp-json\/wp\/v2\/product_cat?post=26914"},{"taxonomy":"product_tag","embeddable":true,"href":"https:\/\/gigionestrumentimusicali.it\/index.php\/wp-json\/wp\/v2\/product_tag?post=26914"}],"curies":[{"name":"wp","href":"https:\/\/api.w.org\/{rel}","templated":true}]}}