{"id":26952,"date":"2025-11-03T18:48:34","date_gmt":"2025-11-03T18:48:34","guid":{"rendered":"https:\/\/gigionestrumentimusicali.it\/index.php\/product\/mooer-audiofile-amplificatore-per-cuffie-speaker-simulator-a-pedale-per-chitarra-e-basso\/"},"modified":"2026-04-18T23:21:18","modified_gmt":"2026-04-18T23:21:18","slug":"mooer-audiofile-amplificatore-per-cuffie-speaker-simulator-a-pedale-per-chitarra-e-basso","status":"publish","type":"product","link":"https:\/\/gigionestrumentimusicali.it\/index.php\/product\/mooer-audiofile-amplificatore-per-cuffie-speaker-simulator-a-pedale-per-chitarra-e-basso\/","title":{"rendered":"MOOER AUDIOFILE &#8211; AMPLIFICATORE PER CUFFIE \/ SPEAKER SIMULATOR A PEDALE PER CHITARRA E BASSO &#8211;"},"content":{"rendered":"<p>l nuovo Audiofile \u00e8 un amplificatore per cuffie analogico professionale, con qualit\u00e0 Hi-Fi, in un comodo formato micro pedale. Il suo circuito in Classe A pu\u00f2 convincere anche il pi\u00f9 esigente appassionato di audio. Utilizza Audiofile come ultimo device nella catena del segnale, e fallo diventare un componente fisso nella tua pedaliera. Connetti le tue cuffie, attiva la simulazione di cassa analogica, e immergiti in una stimolante sessione di studio, in silenzio, e senza bisogno di un amplificatore. Utilizzato live, Audiofile pu\u00f2 essere completamente bypassato, o utilizzato come un eccellente &#8220;always-on&#8221; buffer\/booster del segnale, con l\u2019emulazione di cassa disattivata.<\/p>\n<p>Caratteristiche<br \/>Amplificatore per cuffie professionale progettato per l&#8217;utilizzo nelle pedaliere di chitarra e basso<br \/>Circuito di amplificazione analogico in Classe A, che assicura purezza, calore ed un alto livello di dinamica<br \/>Ingressi Stereo e Mono, uscite Stereo e Mixed Mono<br \/>Speaker Simulator incluso<br \/>Rafforza il segnale come un boost\/buffer quando non \u00e8 utilizzato come amplificatore per cuffie<br \/>True bypass<br \/>Alimentazione: Alimentatore DC 9V (non incluso)<br \/>Assorbimento: 50mA<br \/>Dimensioni: 93 x 42 x H52mm<br \/>Peso: 150g<\/p>\n","protected":false},"excerpt":{"rendered":"<p>l nuovo Audiofile \u00e8 un amplificatore per cuffie analogico professionale, con qualit\u00e0 Hi-Fi, in un comodo formato micro pedale. Il suo circuito in Classe A pu\u00f2 convincere anche il pi\u00f9 esigente appassionato di audio. Utilizza Audiofile come ultimo device nella catena del segnale, e fallo diventare un componente fisso nella tua pedaliera. Connetti le tue [&hellip;]<\/p>\n","protected":false},"featured_media":26953,"template":"","meta":{"site-sidebar-layout":"default","site-content-layout":"","ast-site-content-layout":"default","site-content-style":"default","site-sidebar-style":"default","ast-global-header-display":"","ast-banner-title-visibility":"","ast-main-header-display":"","ast-hfb-above-header-display":"","ast-hfb-below-header-display":"","ast-hfb-mobile-header-display":"","site-post-title":"","ast-breadcrumbs-content":"","ast-featured-img":"","footer-sml-layout":"","theme-transparent-header-meta":"","adv-header-id-meta":"","stick-header-meta":"","header-above-stick-meta":"","header-main-stick-meta":"","header-below-stick-meta":"","astra-migrate-meta-layouts":"default","ast-page-background-enabled":"default","ast-page-background-meta":{"desktop":{"background-color":"var(--ast-global-color-4)","background-image":"","background-repeat":"repeat","background-position":"center center","background-size":"auto","background-attachment":"scroll","background-type":"","background-media":"","overlay-type":"","overlay-color":"","overlay-opacity":"","overlay-gradient":""},"tablet":{"background-color":"","background-image":"","background-repeat":"repeat","background-position":"center center","background-size":"auto","background-attachment":"scroll","background-type":"","background-media":"","overlay-type":"","overlay-color":"","overlay-opacity":"","overlay-gradient":""},"mobile":{"background-color":"","background-image":"","background-repeat":"repeat","background-position":"center center","background-size":"auto","background-attachment":"scroll","background-type":"","background-media":"","overlay-type":"","overlay-color":"","overlay-opacity":"","overlay-gradient":""}},"ast-content-background-meta":{"desktop":{"background-color":"var(--ast-global-color-5)","background-image":"","background-repeat":"repeat","background-position":"center center","background-size":"auto","background-attachment":"scroll","background-type":"","background-media":"","overlay-type":"","overlay-color":"","overlay-opacity":"","overlay-gradient":""},"tablet":{"background-color":"var(--ast-global-color-5)","background-image":"","background-repeat":"repeat","background-position":"center center","background-size":"auto","background-attachment":"scroll","background-type":"","background-media":"","overlay-type":"","overlay-color":"","overlay-opacity":"","overlay-gradient":""},"mobile":{"background-color":"var(--ast-global-color-5)","background-image":"","background-repeat":"repeat","background-position":"center center","background-size":"auto","background-attachment":"scroll","background-type":"","background-media":"","overlay-type":"","overlay-color":"","overlay-opacity":"","overlay-gradient":""}}},"product_brand":[],"product_cat":[373],"product_tag":[],"class_list":{"0":"post-26952","1":"product","2":"type-product","3":"status-publish","4":"has-post-thumbnail","6":"product_cat-testate-per-chitarre","7":"desktop-align-left","8":"tablet-align-left","9":"mobile-align-left","11":"first","12":"instock","13":"taxable","14":"shipping-taxable","15":"purchasable","16":"product-type-simple"},"_links":{"self":[{"href":"https:\/\/gigionestrumentimusicali.it\/index.php\/wp-json\/wp\/v2\/product\/26952","targetHints":{"allow":["GET"]}}],"collection":[{"href":"https:\/\/gigionestrumentimusicali.it\/index.php\/wp-json\/wp\/v2\/product"}],"about":[{"href":"https:\/\/gigionestrumentimusicali.it\/index.php\/wp-json\/wp\/v2\/types\/product"}],"wp:featuredmedia":[{"embeddable":true,"href":"https:\/\/gigionestrumentimusicali.it\/index.php\/wp-json\/wp\/v2\/media\/26953"}],"wp:attachment":[{"href":"https:\/\/gigionestrumentimusicali.it\/index.php\/wp-json\/wp\/v2\/media?parent=26952"}],"wp:term":[{"taxonomy":"product_brand","embeddable":true,"href":"https:\/\/gigionestrumentimusicali.it\/index.php\/wp-json\/wp\/v2\/product_brand?post=26952"},{"taxonomy":"product_cat","embeddable":true,"href":"https:\/\/gigionestrumentimusicali.it\/index.php\/wp-json\/wp\/v2\/product_cat?post=26952"},{"taxonomy":"product_tag","embeddable":true,"href":"https:\/\/gigionestrumentimusicali.it\/index.php\/wp-json\/wp\/v2\/product_tag?post=26952"}],"curies":[{"name":"wp","href":"https:\/\/api.w.org\/{rel}","templated":true}]}}