{"id":26978,"date":"2025-11-04T15:55:36","date_gmt":"2025-11-04T15:55:36","guid":{"rendered":"https:\/\/gigionestrumentimusicali.it\/index.php\/product\/lava-music-lava-me-air-carbon-space-black-chitarra-elettroacustica-carbon-black\/"},"modified":"2025-11-04T22:47:56","modified_gmt":"2025-11-04T22:47:56","slug":"lava-music-lava-me-air-carbon-space-black-chitarra-elettroacustica-carbon-black","status":"publish","type":"product","link":"https:\/\/gigionestrumentimusicali.it\/index.php\/product\/lava-music-lava-me-air-carbon-space-black-chitarra-elettroacustica-carbon-black\/","title":{"rendered":"LAVA MUSIC LAVA ME AIR CARBON SPACE BLACK &#8211; CHITARRA ELETTROACUSTICA CARBON BLACK &#8211;"},"content":{"rendered":"<p>Scoprite il futuro della portabilit\u00e0 con LAVA ME Air. Presentiamo ME AIR, il nuovo modello di LAVA MUSIC con un pickup magnetico progettato su misura ed un&#8217;ampia gamma di effetti incorporati e di manopole digitali personalizzabili, oltre alla grande possibilit\u00e0 di usarli tutti insieme e senza corrente.<br \/>LAVA ME Air \u00e8 stato progettata per cantanti e musicisti itineranti, ed \u00e8 perfetto per le esibizioni dal vivo, le prove e i viaggi grazie alla sua ultra-portabilit\u00e0, agli effetti integrati ed alla durata della batteria di 20 ore. \u00c8 ideale anche per educatori e studenti, per ispirare la creativit\u00e0 nelle aule e nelle attivit\u00e0 all&#8217;aperto grazie alle sue versatili opzioni sonore.Con un peso inferiore a 2 kg, la LAVA ME Air \u00e8 circa la met\u00e0 dello spessore di una chitarra acustica tradizionale. Questo la rende incredibilmente facile da trasportare, nonch\u00e8 la scelta perfetta per i musicisti in movimento che apprezzano il comfort e la praticit\u00e0.<br \/>La LAVA ME Air \u00e8 dotata del pickup magnetico FreeBoost, che consente di sperimentare un&#8217;ampia gamma di effetti integrati e di manopole digitali personalizzabili. Godetevi effetti da studio come delay, riverbero e drive, tutti accessibili anche quando la chitarra \u00e8 scollegata. Questa chitarra \u00e8 costruita con un composito proprietario in fibra di carbonio e un truss rod integrato, che la rende resistente agli agenti atmosferici e regolabile in base alle preferenze personali. Offre un suono pi\u00f9 brillante e chiaro.<br \/>La LAVA ME Air presenta una struttura verticale a nido d&#8217;ape che aumenta la rigidit\u00e0 verticale e riduce il peso, offrendo le prestazioni acustiche pi\u00f9 efficienti mai raggiunte. Inoltre, il bracing asimmetrico massimizza le vibrazioni per un suono pi\u00f9 pieno. Attraverso la piattaforma LAVA+, \u00e8 possibile regolare e configurare i preset degli effetti, imparare, creare e condividere la propria musica con una comunit\u00e0 globale. Questo rende LAVA ME Air uno strumento essenziale per i musicisti creativi che desiderano connettersi e ispirarsi.<\/p>\n<p>Caratteristiche<br \/>Ultra sottile e leggero<br \/>Pickup magnetico per un suono cristallino e a basso feedback<br \/>Effetti integrati versatili<br \/>Manopole e preset digitali personalizzabili<br \/>Resistente struttura Honeycomb Bionic<br \/>Corpo in fibra di carbonio AirSonic: estremamente leggero e resistente alle variazioni di temperatura e umidit\u00e0<br \/>Effetti integrati: la tecnologia FreeBoost offre chorus, delay, riverbero e altro ancora, accessibili senza amplificatore<br \/>Profilo FlyNeck: design ergonomico per una suonabilit\u00e0 confortevole<br \/>Sistema di pickup FreeBoost Exciter: pickup magnetico di alta qualit\u00e0 per un suono ricco e amplificato<br \/>Tasti PLEK: tasti di precisione per un&#8217;intonazione e una suonabilit\u00e0 ottimali<br \/>Corpo: fibra di carbonio AirSonic<br \/>Manico: fibra di carbonio AirSonic<br \/>Tastiera: HPL (laminato ad alta pressione)<br \/>Lunghezza scala: 23.5&#8243;<br \/>Peso: 1,9 kg<br \/>Perfetta per: Musicisti itineranti, cantautori artisti che desiderano un suono unico<br \/>Chiunque cerchi uno strumento ultra-portatile e di alta qualit\u00e0<\/p>\n","protected":false},"excerpt":{"rendered":"<p>Scoprite il futuro della portabilit\u00e0 con LAVA ME Air. Presentiamo ME AIR, il nuovo modello di LAVA MUSIC con un pickup magnetico progettato su misura ed un&#8217;ampia gamma di effetti incorporati e di manopole digitali personalizzabili, oltre alla grande possibilit\u00e0 di usarli tutti insieme e senza corrente.LAVA ME Air \u00e8 stato progettata per cantanti e [&hellip;]<\/p>\n","protected":false},"featured_media":26980,"template":"","meta":{"site-sidebar-layout":"default","site-content-layout":"","ast-site-content-layout":"default","site-content-style":"default","site-sidebar-style":"default","ast-global-header-display":"","ast-banner-title-visibility":"","ast-main-header-display":"","ast-hfb-above-header-display":"","ast-hfb-below-header-display":"","ast-hfb-mobile-header-display":"","site-post-title":"","ast-breadcrumbs-content":"","ast-featured-img":"","footer-sml-layout":"","theme-transparent-header-meta":"","adv-header-id-meta":"","stick-header-meta":"","header-above-stick-meta":"","header-main-stick-meta":"","header-below-stick-meta":"","astra-migrate-meta-layouts":"default","ast-page-background-enabled":"default","ast-page-background-meta":{"desktop":{"background-color":"var(--ast-global-color-4)","background-image":"","background-repeat":"repeat","background-position":"center center","background-size":"auto","background-attachment":"scroll","background-type":"","background-media":"","overlay-type":"","overlay-color":"","overlay-opacity":"","overlay-gradient":""},"tablet":{"background-color":"","background-image":"","background-repeat":"repeat","background-position":"center center","background-size":"auto","background-attachment":"scroll","background-type":"","background-media":"","overlay-type":"","overlay-color":"","overlay-opacity":"","overlay-gradient":""},"mobile":{"background-color":"","background-image":"","background-repeat":"repeat","background-position":"center center","background-size":"auto","background-attachment":"scroll","background-type":"","background-media":"","overlay-type":"","overlay-color":"","overlay-opacity":"","overlay-gradient":""}},"ast-content-background-meta":{"desktop":{"background-color":"var(--ast-global-color-5)","background-image":"","background-repeat":"repeat","background-position":"center center","background-size":"auto","background-attachment":"scroll","background-type":"","background-media":"","overlay-type":"","overlay-color":"","overlay-opacity":"","overlay-gradient":""},"tablet":{"background-color":"var(--ast-global-color-5)","background-image":"","background-repeat":"repeat","background-position":"center center","background-size":"auto","background-attachment":"scroll","background-type":"","background-media":"","overlay-type":"","overlay-color":"","overlay-opacity":"","overlay-gradient":""},"mobile":{"background-color":"var(--ast-global-color-5)","background-image":"","background-repeat":"repeat","background-position":"center center","background-size":"auto","background-attachment":"scroll","background-type":"","background-media":"","overlay-type":"","overlay-color":"","overlay-opacity":"","overlay-gradient":""}}},"product_brand":[],"product_cat":[381],"product_tag":[],"class_list":{"0":"post-26978","1":"product","2":"type-product","3":"status-publish","4":"has-post-thumbnail","6":"product_cat-chitarre-acustiche-elettrificate","7":"desktop-align-left","8":"tablet-align-left","9":"mobile-align-left","11":"first","12":"instock","13":"taxable","14":"shipping-taxable","15":"purchasable","16":"product-type-simple"},"_links":{"self":[{"href":"https:\/\/gigionestrumentimusicali.it\/index.php\/wp-json\/wp\/v2\/product\/26978","targetHints":{"allow":["GET"]}}],"collection":[{"href":"https:\/\/gigionestrumentimusicali.it\/index.php\/wp-json\/wp\/v2\/product"}],"about":[{"href":"https:\/\/gigionestrumentimusicali.it\/index.php\/wp-json\/wp\/v2\/types\/product"}],"wp:featuredmedia":[{"embeddable":true,"href":"https:\/\/gigionestrumentimusicali.it\/index.php\/wp-json\/wp\/v2\/media\/26980"}],"wp:attachment":[{"href":"https:\/\/gigionestrumentimusicali.it\/index.php\/wp-json\/wp\/v2\/media?parent=26978"}],"wp:term":[{"taxonomy":"product_brand","embeddable":true,"href":"https:\/\/gigionestrumentimusicali.it\/index.php\/wp-json\/wp\/v2\/product_brand?post=26978"},{"taxonomy":"product_cat","embeddable":true,"href":"https:\/\/gigionestrumentimusicali.it\/index.php\/wp-json\/wp\/v2\/product_cat?post=26978"},{"taxonomy":"product_tag","embeddable":true,"href":"https:\/\/gigionestrumentimusicali.it\/index.php\/wp-json\/wp\/v2\/product_tag?post=26978"}],"curies":[{"name":"wp","href":"https:\/\/api.w.org\/{rel}","templated":true}]}}