{"id":27039,"date":"2025-11-04T16:36:32","date_gmt":"2025-11-04T16:36:32","guid":{"rendered":"https:\/\/gigionestrumentimusicali.it\/index.php\/product\/cort-artisan-b4-element-burgundy-red\/"},"modified":"2026-04-10T16:50:38","modified_gmt":"2026-04-10T16:50:38","slug":"cort-artisan-b4-element-burgundy-red","status":"publish","type":"product","link":"https:\/\/gigionestrumentimusicali.it\/index.php\/product\/cort-artisan-b4-element-burgundy-red\/","title":{"rendered":"CORT ARTISAN B4 ELEMENT BURGUNDY RED"},"content":{"rendered":"<p>BASSO ELETTRICO 4 CORDE OPEN PORE BURGUNDY RED<\/p>\n<p>Completamente rinnovata e migliorata, la serie Artisan B4 Element rappresenta l\u2019evoluzione dei celebri bassi Cort Artisan. Questo modello unisce i migliori elementi della tradizione con soluzioni moderne, offrendo uno strumento capace di soddisfare tanto i professionisti quanto gli appassionati pi\u00f9 esigenti. Il corpo in mogano, ergonomico e pi\u00f9 arrotondato, \u00e8 impreziosito da un top in frassino figurato che dona non solo un look elegante e naturale, ma anche un equilibrio sonoro ideale: bassi profondi e potenti, medi incisivi e alti chiari e brillanti. Il manico a 5 pezzi in panga panga e acero, abbinato alla tastiera in acero roasted, garantisce stabilit\u00e0, resistenza e grande comfort. La timbrica \u00e8 ulteriormente valorizzata dai rinomati pickup Bartolini MK-1, che offrono medi caldi e definiti insieme ad alti cristallini, mantenendo una risposta sonora sempre duttile e bilanciata. A completare la dotazione elettronica, il preamplificatore Bartolini MK-1 con equalizzatore a 3 bande consente di scolpire il suono con precisione, fornendo la possibilit\u00e0 di passare dalla modalit\u00e0 attiva a quella passiva per adattarsi a qualsiasi contesto: dalla registrazione in studio ai live pi\u00f9 impegnativi. Infine \u00e8 dotato di meccaniche Hipshot Ultralite, leggere e stabili, e il nuovo ponte MetalCraft M4 ad alta massa, con sistema di doppio caricamento delle corde (top-load o string-through), studiato per migliorare la risonanza e il trasferimento del tono. L\u2019Artisan B4 Element racchiude la massima dedizione di Cort alla qualit\u00e0 costruttiva e alla ricerca del tono perfetto, ponendosi come uno strumento di riferimento per chi cerca un basso elettrico moderno, elegante e dalle prestazioni estremamente elevate.<\/p>\n<p>Caratteristiche<br \/>Costruzione: Bolt-On<br \/>Corpo: Mogano<br \/>Top: Frassino bianco<br \/>Scala: 34&#8243;<br \/>Manico: Acero &amp; Panga Panga 5 strati laminati<br \/>Profilo manico: C Shape<br \/>Spessore manico: 1\u00b0 tasto 20.5mm, 12\u00b0 tasto 22mm<br \/>Tastiera: Acero roasted<br \/>Raggio tastiera: 15.75&#8243;<br \/>Tasti: 24<br \/>Tipo di tasti: Medium-Jumbo<br \/>Segnatasti: Abalone con punti laterali bianchi<br \/>Capotasto: PPS nero<br \/>Larghezza capotasto: 38mm<br \/>Truss Rod: Regolabile bidirezionale<br \/>Meccaniche: Hipshot Ultralite<br \/>Ponte: Metal Craft M4<br \/>Pickup: Bartolini MK-1 Set<br \/>Elettronica: Bartolini MK-1 Preamp<br \/>Controlli: 1 Volume, 1 Blend, EQ a 3 bande, 1 Mini Toggle<br \/>Hardware: Nero<br \/>Finitura manico: Opaca<br \/>Finitura corpo: Opaca (Open Pore)<br \/>Colore: Open Pore Burgundy Red<\/p>\n","protected":false},"excerpt":{"rendered":"<p>BASSO ELETTRICO 4 CORDE OPEN PORE BURGUNDY RED Completamente rinnovata e migliorata, la serie Artisan B4 Element rappresenta l\u2019evoluzione dei celebri bassi Cort Artisan. Questo modello unisce i migliori elementi della tradizione con soluzioni moderne, offrendo uno strumento capace di soddisfare tanto i professionisti quanto gli appassionati pi\u00f9 esigenti. Il corpo in mogano, ergonomico e [&hellip;]<\/p>\n","protected":false},"featured_media":27042,"template":"","meta":{"site-sidebar-layout":"default","site-content-layout":"","ast-site-content-layout":"default","site-content-style":"default","site-sidebar-style":"default","ast-global-header-display":"","ast-banner-title-visibility":"","ast-main-header-display":"","ast-hfb-above-header-display":"","ast-hfb-below-header-display":"","ast-hfb-mobile-header-display":"","site-post-title":"","ast-breadcrumbs-content":"","ast-featured-img":"","footer-sml-layout":"","theme-transparent-header-meta":"","adv-header-id-meta":"","stick-header-meta":"","header-above-stick-meta":"","header-main-stick-meta":"","header-below-stick-meta":"","astra-migrate-meta-layouts":"default","ast-page-background-enabled":"default","ast-page-background-meta":{"desktop":{"background-color":"var(--ast-global-color-4)","background-image":"","background-repeat":"repeat","background-position":"center center","background-size":"auto","background-attachment":"scroll","background-type":"","background-media":"","overlay-type":"","overlay-color":"","overlay-opacity":"","overlay-gradient":""},"tablet":{"background-color":"","background-image":"","background-repeat":"repeat","background-position":"center center","background-size":"auto","background-attachment":"scroll","background-type":"","background-media":"","overlay-type":"","overlay-color":"","overlay-opacity":"","overlay-gradient":""},"mobile":{"background-color":"","background-image":"","background-repeat":"repeat","background-position":"center center","background-size":"auto","background-attachment":"scroll","background-type":"","background-media":"","overlay-type":"","overlay-color":"","overlay-opacity":"","overlay-gradient":""}},"ast-content-background-meta":{"desktop":{"background-color":"var(--ast-global-color-5)","background-image":"","background-repeat":"repeat","background-position":"center center","background-size":"auto","background-attachment":"scroll","background-type":"","background-media":"","overlay-type":"","overlay-color":"","overlay-opacity":"","overlay-gradient":""},"tablet":{"background-color":"var(--ast-global-color-5)","background-image":"","background-repeat":"repeat","background-position":"center center","background-size":"auto","background-attachment":"scroll","background-type":"","background-media":"","overlay-type":"","overlay-color":"","overlay-opacity":"","overlay-gradient":""},"mobile":{"background-color":"var(--ast-global-color-5)","background-image":"","background-repeat":"repeat","background-position":"center center","background-size":"auto","background-attachment":"scroll","background-type":"","background-media":"","overlay-type":"","overlay-color":"","overlay-opacity":"","overlay-gradient":""}}},"product_brand":[],"product_cat":[161],"product_tag":[],"class_list":{"0":"post-27039","1":"product","2":"type-product","3":"status-publish","4":"has-post-thumbnail","6":"product_cat-bassi-elettrici-a-4-corde","7":"desktop-align-left","8":"tablet-align-left","9":"mobile-align-left","11":"first","12":"instock","13":"taxable","14":"shipping-taxable","15":"purchasable","16":"product-type-simple"},"_links":{"self":[{"href":"https:\/\/gigionestrumentimusicali.it\/index.php\/wp-json\/wp\/v2\/product\/27039","targetHints":{"allow":["GET"]}}],"collection":[{"href":"https:\/\/gigionestrumentimusicali.it\/index.php\/wp-json\/wp\/v2\/product"}],"about":[{"href":"https:\/\/gigionestrumentimusicali.it\/index.php\/wp-json\/wp\/v2\/types\/product"}],"wp:featuredmedia":[{"embeddable":true,"href":"https:\/\/gigionestrumentimusicali.it\/index.php\/wp-json\/wp\/v2\/media\/27042"}],"wp:attachment":[{"href":"https:\/\/gigionestrumentimusicali.it\/index.php\/wp-json\/wp\/v2\/media?parent=27039"}],"wp:term":[{"taxonomy":"product_brand","embeddable":true,"href":"https:\/\/gigionestrumentimusicali.it\/index.php\/wp-json\/wp\/v2\/product_brand?post=27039"},{"taxonomy":"product_cat","embeddable":true,"href":"https:\/\/gigionestrumentimusicali.it\/index.php\/wp-json\/wp\/v2\/product_cat?post=27039"},{"taxonomy":"product_tag","embeddable":true,"href":"https:\/\/gigionestrumentimusicali.it\/index.php\/wp-json\/wp\/v2\/product_tag?post=27039"}],"curies":[{"name":"wp","href":"https:\/\/api.w.org\/{rel}","templated":true}]}}