{"id":27048,"date":"2025-11-04T16:43:17","date_gmt":"2025-11-04T16:43:17","guid":{"rendered":"https:\/\/gigionestrumentimusicali.it\/index.php\/product\/blackstar-amplug-2-fly-guitar\/"},"modified":"2026-04-09T19:23:32","modified_gmt":"2026-04-09T19:23:32","slug":"blackstar-amplug-2-fly-guitar","status":"publish","type":"product","link":"https:\/\/gigionestrumentimusicali.it\/index.php\/product\/blackstar-amplug-2-fly-guitar\/","title":{"rendered":"BLACKSTAR AMPLUG 2 FLY GUITAR"},"content":{"rendered":"<p>MINI AMPLIFICATORE DA CUFFIE PER CHITARRA<\/p>\n<p>l&#8217;amPlug2 FLY Guitar ha tre canali: Clean, Crunch e Lead con regolazione del suono usando il controllo brevettato ISF (Infinite Shape Feature) di Blackstar per darti tutti i suoni di cui hai bisogno. Tre canali in una sola unit\u00e0 Clean &#8211; Puliti cristallini. Crunch &#8211; Classico, Crunch &#8220;hot-rodded&#8221; con nitidezza e definizione delle note. Lead &#8211; Overdrive ricco di armoniche, con mid-boost, perfetto per riff e lead. Controllo ISF &#8211; Il controllo ISF brevettato di Blackstar consente di scegliere esattamente il suono preferisci. Alla regolazione pi\u00f9 bassa, l&#8217;amplificatore ha una caratteristica pi\u00f9 americana con bassi stretti e medie pi\u00f9 aggressive, e con una regolazione pi\u00f9 alta l&#8217;amplificatore ha una caratteristica British pi\u00f9 &#8220;legnosa&#8221; e meno aggressiva. Nove effetti incorporati. E&#8217; possibile selezionare nove effetti per qualsiasi canale si suoni: 3x Chorus, 3x Delay e 3x Reverb.<\/p>\n<p>Caratteristiche<br \/>Canali: 3<br \/>Controllo ISF e 3 effetti: Chorus, Delay e Reverb<br \/>Connessioni: Output cuffie, AUX in<br \/>Alimentazione: 2x Batterie AAA<br \/>Autonomia: 11 ore con batterie alcaline<br \/>Dimensioni: 86 x 80 x 31mm<br \/>Peso: 40g<br \/>Accessori inclusi: 2x Batterie alcaline<\/p>\n","protected":false},"excerpt":{"rendered":"<p>MINI AMPLIFICATORE DA CUFFIE PER CHITARRA l&#8217;amPlug2 FLY Guitar ha tre canali: Clean, Crunch e Lead con regolazione del suono usando il controllo brevettato ISF (Infinite Shape Feature) di Blackstar per darti tutti i suoni di cui hai bisogno. Tre canali in una sola unit\u00e0 Clean &#8211; Puliti cristallini. Crunch &#8211; Classico, Crunch &#8220;hot-rodded&#8221; con [&hellip;]<\/p>\n","protected":false},"featured_media":27051,"template":"","meta":{"site-sidebar-layout":"default","site-content-layout":"","ast-site-content-layout":"default","site-content-style":"default","site-sidebar-style":"default","ast-global-header-display":"","ast-banner-title-visibility":"","ast-main-header-display":"","ast-hfb-above-header-display":"","ast-hfb-below-header-display":"","ast-hfb-mobile-header-display":"","site-post-title":"","ast-breadcrumbs-content":"","ast-featured-img":"","footer-sml-layout":"","theme-transparent-header-meta":"","adv-header-id-meta":"","stick-header-meta":"","header-above-stick-meta":"","header-main-stick-meta":"","header-below-stick-meta":"","astra-migrate-meta-layouts":"default","ast-page-background-enabled":"default","ast-page-background-meta":{"desktop":{"background-color":"var(--ast-global-color-4)","background-image":"","background-repeat":"repeat","background-position":"center center","background-size":"auto","background-attachment":"scroll","background-type":"","background-media":"","overlay-type":"","overlay-color":"","overlay-opacity":"","overlay-gradient":""},"tablet":{"background-color":"","background-image":"","background-repeat":"repeat","background-position":"center center","background-size":"auto","background-attachment":"scroll","background-type":"","background-media":"","overlay-type":"","overlay-color":"","overlay-opacity":"","overlay-gradient":""},"mobile":{"background-color":"","background-image":"","background-repeat":"repeat","background-position":"center center","background-size":"auto","background-attachment":"scroll","background-type":"","background-media":"","overlay-type":"","overlay-color":"","overlay-opacity":"","overlay-gradient":""}},"ast-content-background-meta":{"desktop":{"background-color":"var(--ast-global-color-5)","background-image":"","background-repeat":"repeat","background-position":"center center","background-size":"auto","background-attachment":"scroll","background-type":"","background-media":"","overlay-type":"","overlay-color":"","overlay-opacity":"","overlay-gradient":""},"tablet":{"background-color":"var(--ast-global-color-5)","background-image":"","background-repeat":"repeat","background-position":"center center","background-size":"auto","background-attachment":"scroll","background-type":"","background-media":"","overlay-type":"","overlay-color":"","overlay-opacity":"","overlay-gradient":""},"mobile":{"background-color":"var(--ast-global-color-5)","background-image":"","background-repeat":"repeat","background-position":"center center","background-size":"auto","background-attachment":"scroll","background-type":"","background-media":"","overlay-type":"","overlay-color":"","overlay-opacity":"","overlay-gradient":""}}},"product_brand":[],"product_cat":[373],"product_tag":[],"class_list":{"0":"post-27048","1":"product","2":"type-product","3":"status-publish","4":"has-post-thumbnail","6":"product_cat-testate-per-chitarre","7":"desktop-align-left","8":"tablet-align-left","9":"mobile-align-left","11":"first","12":"instock","13":"taxable","14":"shipping-taxable","15":"purchasable","16":"product-type-simple"},"_links":{"self":[{"href":"https:\/\/gigionestrumentimusicali.it\/index.php\/wp-json\/wp\/v2\/product\/27048","targetHints":{"allow":["GET"]}}],"collection":[{"href":"https:\/\/gigionestrumentimusicali.it\/index.php\/wp-json\/wp\/v2\/product"}],"about":[{"href":"https:\/\/gigionestrumentimusicali.it\/index.php\/wp-json\/wp\/v2\/types\/product"}],"wp:featuredmedia":[{"embeddable":true,"href":"https:\/\/gigionestrumentimusicali.it\/index.php\/wp-json\/wp\/v2\/media\/27051"}],"wp:attachment":[{"href":"https:\/\/gigionestrumentimusicali.it\/index.php\/wp-json\/wp\/v2\/media?parent=27048"}],"wp:term":[{"taxonomy":"product_brand","embeddable":true,"href":"https:\/\/gigionestrumentimusicali.it\/index.php\/wp-json\/wp\/v2\/product_brand?post=27048"},{"taxonomy":"product_cat","embeddable":true,"href":"https:\/\/gigionestrumentimusicali.it\/index.php\/wp-json\/wp\/v2\/product_cat?post=27048"},{"taxonomy":"product_tag","embeddable":true,"href":"https:\/\/gigionestrumentimusicali.it\/index.php\/wp-json\/wp\/v2\/product_tag?post=27048"}],"curies":[{"name":"wp","href":"https:\/\/api.w.org\/{rel}","templated":true}]}}