{"id":27077,"date":"2025-11-11T08:33:58","date_gmt":"2025-11-11T08:33:58","guid":{"rendered":"https:\/\/gigionestrumentimusicali.it\/index.php\/product\/yamaha-dd-75-multipad\/"},"modified":"2026-04-18T20:26:12","modified_gmt":"2026-04-18T20:26:12","slug":"yamaha-dd-75-multipad","status":"publish","type":"product","link":"https:\/\/gigionestrumentimusicali.it\/index.php\/product\/yamaha-dd-75-multipad\/","title":{"rendered":"YAMAHA DD-75 MULTIPAD"},"content":{"rendered":"<p>DD-75 \u00e8 un drum kit digitale con otto pad sensibili al tocco e due pedali. Pad di alta qualit\u00e0 e un&#8217;ampia variet\u00e0 di suoni di percussioni provenienti da tutto il mondo si mescolano con le voci dell&#8217;orchestra per offrire una vasta gamma di opportunit\u00e0 musicali. La presa AUX IN ti consente di collegare e riprodurre il lettore MP3 e la tua musica preferita. L&#8217;adattatore \u00e8 incluso.<\/p>\n<p>Questa descrizione \u00e8 stata generata automaticamente da un software di traduzione:<\/p>\n<p>Caratteristiche<br \/>8 drum pad sensibili al tocco in un layout facile da suonare consentono una batteria espressiva<br \/>2 pedali assegnabili inclusi per cassa, charleston o qualsiasi altra voce<br \/>Il design compatto e portatile con funzionamento a batteria ti consente di giocare ovunque tu voglia<br \/>Il jack per le cuffie ti consente di giocare ogni volta che vuoi<br \/>Jack AUX IN per il collegamento e la riproduzione con la tua musica preferita<br \/>570 voci assegnabili a qualsiasi pad<br \/>Modalit\u00e0 percussioni manuali<br \/>105 brani incorporati per imparare e suonare insieme<br \/>75 kit di batteria programmati + 10 kit personalizzati<br \/>Polifonia a 32 note<br \/>Gli altoparlanti stereo con porta per i bassi offrono un&#8217;ottima qualit\u00e0 del suono<br \/>Riverbero e Master EQ<br \/>Regolazione della sensibilit\u00e0 per i singoli pad e il pedale dei bassi<br \/>Registra le tue canzoni (fino a 5 in memoria contemporaneamente)<\/p>\n","protected":false},"excerpt":{"rendered":"<p>DD-75 \u00e8 un drum kit digitale con otto pad sensibili al tocco e due pedali. Pad di alta qualit\u00e0 e un&#8217;ampia variet\u00e0 di suoni di percussioni provenienti da tutto il mondo si mescolano con le voci dell&#8217;orchestra per offrire una vasta gamma di opportunit\u00e0 musicali. La presa AUX IN ti consente di collegare e riprodurre [&hellip;]<\/p>\n","protected":false},"featured_media":27078,"template":"","meta":{"site-sidebar-layout":"default","site-content-layout":"","ast-site-content-layout":"default","site-content-style":"default","site-sidebar-style":"default","ast-global-header-display":"","ast-banner-title-visibility":"","ast-main-header-display":"","ast-hfb-above-header-display":"","ast-hfb-below-header-display":"","ast-hfb-mobile-header-display":"","site-post-title":"","ast-breadcrumbs-content":"","ast-featured-img":"","footer-sml-layout":"","theme-transparent-header-meta":"","adv-header-id-meta":"","stick-header-meta":"","header-above-stick-meta":"","header-main-stick-meta":"","header-below-stick-meta":"","astra-migrate-meta-layouts":"default","ast-page-background-enabled":"default","ast-page-background-meta":{"desktop":{"background-color":"var(--ast-global-color-4)","background-image":"","background-repeat":"repeat","background-position":"center center","background-size":"auto","background-attachment":"scroll","background-type":"","background-media":"","overlay-type":"","overlay-color":"","overlay-opacity":"","overlay-gradient":""},"tablet":{"background-color":"","background-image":"","background-repeat":"repeat","background-position":"center center","background-size":"auto","background-attachment":"scroll","background-type":"","background-media":"","overlay-type":"","overlay-color":"","overlay-opacity":"","overlay-gradient":""},"mobile":{"background-color":"","background-image":"","background-repeat":"repeat","background-position":"center center","background-size":"auto","background-attachment":"scroll","background-type":"","background-media":"","overlay-type":"","overlay-color":"","overlay-opacity":"","overlay-gradient":""}},"ast-content-background-meta":{"desktop":{"background-color":"var(--ast-global-color-5)","background-image":"","background-repeat":"repeat","background-position":"center center","background-size":"auto","background-attachment":"scroll","background-type":"","background-media":"","overlay-type":"","overlay-color":"","overlay-opacity":"","overlay-gradient":""},"tablet":{"background-color":"var(--ast-global-color-5)","background-image":"","background-repeat":"repeat","background-position":"center center","background-size":"auto","background-attachment":"scroll","background-type":"","background-media":"","overlay-type":"","overlay-color":"","overlay-opacity":"","overlay-gradient":""},"mobile":{"background-color":"var(--ast-global-color-5)","background-image":"","background-repeat":"repeat","background-position":"center center","background-size":"auto","background-attachment":"scroll","background-type":"","background-media":"","overlay-type":"","overlay-color":"","overlay-opacity":"","overlay-gradient":""}}},"product_brand":[],"product_cat":[261],"product_tag":[],"class_list":{"0":"post-27077","1":"product","2":"type-product","3":"status-publish","4":"has-post-thumbnail","6":"product_cat-multipad","7":"desktop-align-left","8":"tablet-align-left","9":"mobile-align-left","11":"first","12":"instock","13":"taxable","14":"shipping-taxable","15":"purchasable","16":"product-type-simple"},"_links":{"self":[{"href":"https:\/\/gigionestrumentimusicali.it\/index.php\/wp-json\/wp\/v2\/product\/27077","targetHints":{"allow":["GET"]}}],"collection":[{"href":"https:\/\/gigionestrumentimusicali.it\/index.php\/wp-json\/wp\/v2\/product"}],"about":[{"href":"https:\/\/gigionestrumentimusicali.it\/index.php\/wp-json\/wp\/v2\/types\/product"}],"wp:featuredmedia":[{"embeddable":true,"href":"https:\/\/gigionestrumentimusicali.it\/index.php\/wp-json\/wp\/v2\/media\/27078"}],"wp:attachment":[{"href":"https:\/\/gigionestrumentimusicali.it\/index.php\/wp-json\/wp\/v2\/media?parent=27077"}],"wp:term":[{"taxonomy":"product_brand","embeddable":true,"href":"https:\/\/gigionestrumentimusicali.it\/index.php\/wp-json\/wp\/v2\/product_brand?post=27077"},{"taxonomy":"product_cat","embeddable":true,"href":"https:\/\/gigionestrumentimusicali.it\/index.php\/wp-json\/wp\/v2\/product_cat?post=27077"},{"taxonomy":"product_tag","embeddable":true,"href":"https:\/\/gigionestrumentimusicali.it\/index.php\/wp-json\/wp\/v2\/product_tag?post=27077"}],"curies":[{"name":"wp","href":"https:\/\/api.w.org\/{rel}","templated":true}]}}