{"id":27082,"date":"2025-11-11T08:56:27","date_gmt":"2025-11-11T08:56:27","guid":{"rendered":"https:\/\/gigionestrumentimusicali.it\/index.php\/product\/yamaha-cl945b-bp-tom-holder\/"},"modified":"2026-02-14T01:05:08","modified_gmt":"2026-02-14T01:05:08","slug":"yamaha-cl945b-bp-tom-holder","status":"publish","type":"product","link":"https:\/\/gigionestrumentimusicali.it\/index.php\/product\/yamaha-cl945b-bp-tom-holder\/","title":{"rendered":"YAMAHA CL945B\/BP TOM HOLDER"},"content":{"rendered":"<p>Il supporto per tom singolo CL945B \u00e8 dotato del sistema di montaggio Yamaha YESS (Yamaha Enhanced Sustain System) ed offre un&#8217;eccezionale flessibilit\u00e0 negli angoli di montaggio con precisione di posizionamento e stabilit\u00e0 eccellente.<br \/>Caratteristiche<br \/>Compatibile con tutti i tom Yamaha<br \/>Sistema YESS (Yamaha Enhanced Sustain System)<br \/>Tubo: Corto<br \/>Finitura: Cromata<\/p>\n","protected":false},"excerpt":{"rendered":"<p>Il supporto per tom singolo CL945B \u00e8 dotato del sistema di montaggio Yamaha YESS (Yamaha Enhanced Sustain System) ed offre un&#8217;eccezionale flessibilit\u00e0 negli angoli di montaggio con precisione di posizionamento e stabilit\u00e0 eccellente.CaratteristicheCompatibile con tutti i tom YamahaSistema YESS (Yamaha Enhanced Sustain System)Tubo: CortoFinitura: Cromata<\/p>\n","protected":false},"featured_media":27081,"template":"","meta":{"site-sidebar-layout":"default","site-content-layout":"","ast-site-content-layout":"default","site-content-style":"default","site-sidebar-style":"default","ast-global-header-display":"","ast-banner-title-visibility":"","ast-main-header-display":"","ast-hfb-above-header-display":"","ast-hfb-below-header-display":"","ast-hfb-mobile-header-display":"","site-post-title":"","ast-breadcrumbs-content":"","ast-featured-img":"","footer-sml-layout":"","theme-transparent-header-meta":"","adv-header-id-meta":"","stick-header-meta":"","header-above-stick-meta":"","header-main-stick-meta":"","header-below-stick-meta":"","astra-migrate-meta-layouts":"default","ast-page-background-enabled":"default","ast-page-background-meta":{"desktop":{"background-color":"var(--ast-global-color-4)","background-image":"","background-repeat":"repeat","background-position":"center center","background-size":"auto","background-attachment":"scroll","background-type":"","background-media":"","overlay-type":"","overlay-color":"","overlay-opacity":"","overlay-gradient":""},"tablet":{"background-color":"","background-image":"","background-repeat":"repeat","background-position":"center center","background-size":"auto","background-attachment":"scroll","background-type":"","background-media":"","overlay-type":"","overlay-color":"","overlay-opacity":"","overlay-gradient":""},"mobile":{"background-color":"","background-image":"","background-repeat":"repeat","background-position":"center center","background-size":"auto","background-attachment":"scroll","background-type":"","background-media":"","overlay-type":"","overlay-color":"","overlay-opacity":"","overlay-gradient":""}},"ast-content-background-meta":{"desktop":{"background-color":"var(--ast-global-color-5)","background-image":"","background-repeat":"repeat","background-position":"center center","background-size":"auto","background-attachment":"scroll","background-type":"","background-media":"","overlay-type":"","overlay-color":"","overlay-opacity":"","overlay-gradient":""},"tablet":{"background-color":"var(--ast-global-color-5)","background-image":"","background-repeat":"repeat","background-position":"center center","background-size":"auto","background-attachment":"scroll","background-type":"","background-media":"","overlay-type":"","overlay-color":"","overlay-opacity":"","overlay-gradient":""},"mobile":{"background-color":"var(--ast-global-color-5)","background-image":"","background-repeat":"repeat","background-position":"center center","background-size":"auto","background-attachment":"scroll","background-type":"","background-media":"","overlay-type":"","overlay-color":"","overlay-opacity":"","overlay-gradient":""}}},"product_brand":[],"product_cat":[292],"product_tag":[],"class_list":{"0":"post-27082","1":"product","2":"type-product","3":"status-publish","4":"has-post-thumbnail","6":"product_cat-supporti-tom","7":"desktop-align-left","8":"tablet-align-left","9":"mobile-align-left","11":"first","12":"instock","13":"taxable","14":"shipping-taxable","15":"purchasable","16":"product-type-simple"},"_links":{"self":[{"href":"https:\/\/gigionestrumentimusicali.it\/index.php\/wp-json\/wp\/v2\/product\/27082","targetHints":{"allow":["GET"]}}],"collection":[{"href":"https:\/\/gigionestrumentimusicali.it\/index.php\/wp-json\/wp\/v2\/product"}],"about":[{"href":"https:\/\/gigionestrumentimusicali.it\/index.php\/wp-json\/wp\/v2\/types\/product"}],"wp:featuredmedia":[{"embeddable":true,"href":"https:\/\/gigionestrumentimusicali.it\/index.php\/wp-json\/wp\/v2\/media\/27081"}],"wp:attachment":[{"href":"https:\/\/gigionestrumentimusicali.it\/index.php\/wp-json\/wp\/v2\/media?parent=27082"}],"wp:term":[{"taxonomy":"product_brand","embeddable":true,"href":"https:\/\/gigionestrumentimusicali.it\/index.php\/wp-json\/wp\/v2\/product_brand?post=27082"},{"taxonomy":"product_cat","embeddable":true,"href":"https:\/\/gigionestrumentimusicali.it\/index.php\/wp-json\/wp\/v2\/product_cat?post=27082"},{"taxonomy":"product_tag","embeddable":true,"href":"https:\/\/gigionestrumentimusicali.it\/index.php\/wp-json\/wp\/v2\/product_tag?post=27082"}],"curies":[{"name":"wp","href":"https:\/\/api.w.org\/{rel}","templated":true}]}}