{"id":27099,"date":"2025-11-12T08:56:01","date_gmt":"2025-11-12T08:56:01","guid":{"rendered":"https:\/\/gigionestrumentimusicali.it\/index.php\/product\/audient-id-24-interfaccia-audio-10-in-14-out-con-2-preamp-microfonici\/"},"modified":"2026-04-22T22:23:50","modified_gmt":"2026-04-22T22:23:50","slug":"audient-id-24-interfaccia-audio-10-in-14-out-con-2-preamp-microfonici","status":"publish","type":"product","link":"https:\/\/gigionestrumentimusicali.it\/index.php\/product\/audient-id-24-interfaccia-audio-10-in-14-out-con-2-preamp-microfonici\/","title":{"rendered":"AUDIENT ID 24 INTERFACCIA AUDIO 10 IN \/ 14 OUT CON 2 PREAMP MICROFONICI"},"content":{"rendered":"<p>INTERFACCIA AUDIO 10 IN \/ 14 OUT CON 2 PREAMP MICROFONICI<\/p>\n<p>L&#8217;iD24 \u00e8 un interfaccia audio creata per produttori e tecnici dotata di due preamplificatori microfonici Audient Console, convertitori leader della categoria e un layout intuitivo. L&#8217;iD24 combina senza sforzo prestazioni audio sorprendenti con facilit\u00e0 d&#8217;uso. Aggiungi a questo caratteristiche professionali indispensabili come inserti bilanciati, espandibilit\u00e0 ADAT e controllo del monitor personalizzabile, l&#8217;iD24 rende pi\u00f9 facile che mai ottenere risultati da studio.<br \/>Ogni interfaccia iD presenta il preamplificatore microfonico Audient Console, lo stesso design discreto del circuito che si trova nella rinomata console di registrazione ASP8024-HE. Progettati per offrire un rumore estremamente basso e una bassa distorsione con un tocco di classico calore analogico, i due preamplificatori microfonici Audient Console di iD24 offrono una traduzione pulita, accurata e fedele alla sorgente del tuo audio. L&#8217;Audient Console Mic Preamp \u00e8 un amplificatore operazionale e discreto ibrido di alta qualit\u00e0 che offre una traduzione pulita, accurata e dettagliata della tua sorgente. Con un rumore di fondo 30000 volte pi\u00f9 silenzioso del livello del segnale, le tue registrazioni verranno acquisite con una nitidezza sbalorditiva.<br \/>Caratteristiche<br \/>2 Preamplificatori microfonici per console Audient di classe A<br \/>Convertitori AD\/DA leader della categoria<br \/>1 Ingresso strumento JFET discreto<br \/>Uscite Altoparlanti Main e Alt<br \/>1 Uscita doppia cuffia indipendente<br \/>1 Ingresso e uscita ADAT<br \/>2 Inserti completamente bilanciati<br \/>Mixer DSP a bassissima latenza<br \/>Loopback audio<br \/>Controllo di scorrimento<br \/>3 Tasti funzione definiti dall&#8217;utente<br \/>Controlli Dim e Cut dedicati<br \/>Interruttori +48V, pad e HPF<br \/>Compatibile con USB 3.0<br \/>24bit\/96kHz<br \/>Uscita word clock<br \/>Design interamente in metallo<br \/>Software gratuito + plug-in<br \/>Dimensioni: 134 x 198 x H66mm<\/p>\n","protected":false},"excerpt":{"rendered":"<p>INTERFACCIA AUDIO 10 IN \/ 14 OUT CON 2 PREAMP MICROFONICI L&#8217;iD24 \u00e8 un interfaccia audio creata per produttori e tecnici dotata di due preamplificatori microfonici Audient Console, convertitori leader della categoria e un layout intuitivo. L&#8217;iD24 combina senza sforzo prestazioni audio sorprendenti con facilit\u00e0 d&#8217;uso. Aggiungi a questo caratteristiche professionali indispensabili come inserti bilanciati, [&hellip;]<\/p>\n","protected":false},"featured_media":27100,"template":"","meta":{"site-sidebar-layout":"default","site-content-layout":"","ast-site-content-layout":"default","site-content-style":"default","site-sidebar-style":"default","ast-global-header-display":"","ast-banner-title-visibility":"","ast-main-header-display":"","ast-hfb-above-header-display":"","ast-hfb-below-header-display":"","ast-hfb-mobile-header-display":"","site-post-title":"","ast-breadcrumbs-content":"","ast-featured-img":"","footer-sml-layout":"","theme-transparent-header-meta":"","adv-header-id-meta":"","stick-header-meta":"","header-above-stick-meta":"","header-main-stick-meta":"","header-below-stick-meta":"","astra-migrate-meta-layouts":"default","ast-page-background-enabled":"default","ast-page-background-meta":{"desktop":{"background-color":"var(--ast-global-color-4)","background-image":"","background-repeat":"repeat","background-position":"center center","background-size":"auto","background-attachment":"scroll","background-type":"","background-media":"","overlay-type":"","overlay-color":"","overlay-opacity":"","overlay-gradient":""},"tablet":{"background-color":"","background-image":"","background-repeat":"repeat","background-position":"center center","background-size":"auto","background-attachment":"scroll","background-type":"","background-media":"","overlay-type":"","overlay-color":"","overlay-opacity":"","overlay-gradient":""},"mobile":{"background-color":"","background-image":"","background-repeat":"repeat","background-position":"center center","background-size":"auto","background-attachment":"scroll","background-type":"","background-media":"","overlay-type":"","overlay-color":"","overlay-opacity":"","overlay-gradient":""}},"ast-content-background-meta":{"desktop":{"background-color":"var(--ast-global-color-5)","background-image":"","background-repeat":"repeat","background-position":"center center","background-size":"auto","background-attachment":"scroll","background-type":"","background-media":"","overlay-type":"","overlay-color":"","overlay-opacity":"","overlay-gradient":""},"tablet":{"background-color":"var(--ast-global-color-5)","background-image":"","background-repeat":"repeat","background-position":"center center","background-size":"auto","background-attachment":"scroll","background-type":"","background-media":"","overlay-type":"","overlay-color":"","overlay-opacity":"","overlay-gradient":""},"mobile":{"background-color":"var(--ast-global-color-5)","background-image":"","background-repeat":"repeat","background-position":"center center","background-size":"auto","background-attachment":"scroll","background-type":"","background-media":"","overlay-type":"","overlay-color":"","overlay-opacity":"","overlay-gradient":""}}},"product_brand":[],"product_cat":[506],"product_tag":[],"class_list":{"0":"post-27099","1":"product","2":"type-product","3":"status-publish","4":"has-post-thumbnail","6":"product_cat-schede-audio-dj","7":"desktop-align-left","8":"tablet-align-left","9":"mobile-align-left","11":"first","12":"instock","13":"taxable","14":"shipping-taxable","15":"purchasable","16":"product-type-simple"},"_links":{"self":[{"href":"https:\/\/gigionestrumentimusicali.it\/index.php\/wp-json\/wp\/v2\/product\/27099","targetHints":{"allow":["GET"]}}],"collection":[{"href":"https:\/\/gigionestrumentimusicali.it\/index.php\/wp-json\/wp\/v2\/product"}],"about":[{"href":"https:\/\/gigionestrumentimusicali.it\/index.php\/wp-json\/wp\/v2\/types\/product"}],"wp:featuredmedia":[{"embeddable":true,"href":"https:\/\/gigionestrumentimusicali.it\/index.php\/wp-json\/wp\/v2\/media\/27100"}],"wp:attachment":[{"href":"https:\/\/gigionestrumentimusicali.it\/index.php\/wp-json\/wp\/v2\/media?parent=27099"}],"wp:term":[{"taxonomy":"product_brand","embeddable":true,"href":"https:\/\/gigionestrumentimusicali.it\/index.php\/wp-json\/wp\/v2\/product_brand?post=27099"},{"taxonomy":"product_cat","embeddable":true,"href":"https:\/\/gigionestrumentimusicali.it\/index.php\/wp-json\/wp\/v2\/product_cat?post=27099"},{"taxonomy":"product_tag","embeddable":true,"href":"https:\/\/gigionestrumentimusicali.it\/index.php\/wp-json\/wp\/v2\/product_tag?post=27099"}],"curies":[{"name":"wp","href":"https:\/\/api.w.org\/{rel}","templated":true}]}}