{"id":27146,"date":"2025-11-17T16:01:06","date_gmt":"2025-11-17T16:01:06","guid":{"rendered":"https:\/\/gigionestrumentimusicali.it\/index.php\/product\/meinl-adj10-si-djembe-10\/"},"modified":"2026-04-17T19:29:37","modified_gmt":"2026-04-17T19:29:37","slug":"meinl-adj10-si-djembe-10","status":"publish","type":"product","link":"https:\/\/gigionestrumentimusicali.it\/index.php\/product\/meinl-adj10-si-djembe-10\/","title":{"rendered":"MEINL ADJ10 &#8211; SI DJEMBE 10&#8243;"},"content":{"rendered":"<p>Djembe da 10&#8221; ADJ10-SI. I Djembes della seri Alpine di Meinl sono progettati per essere portati ovunque. Il guscio \u00e8 fatto di plastica, rendendo lo strumento estremamente leggero e robusto. L&#8217;uso della plastica ha dato agli sviluppatori di Meinl l&#8217;opportunit\u00e0 di risparmiare il 20% di peso in pi\u00f9 rispetto al modello in fibra di vetro. Inoltre, questo materiale leggero vibra anche facilmente, il che d\u00e0 al suono un acuto davvero vibrante e un basso incredibilmente profondo. Come punto forte, il sistema di accordatura meccanica ci permette di trovare rapidamente il suono perfetto.<\/p>\n<p>Caratteristiche principali:<br \/>Peso molto leggero<br \/>Perfetto per l&#8217;uso all&#8217;aperto<br \/>Testa sintetica<br \/>Finitura Simba<\/p>\n","protected":false},"excerpt":{"rendered":"<p>Djembe da 10&#8221; ADJ10-SI. I Djembes della seri Alpine di Meinl sono progettati per essere portati ovunque. Il guscio \u00e8 fatto di plastica, rendendo lo strumento estremamente leggero e robusto. L&#8217;uso della plastica ha dato agli sviluppatori di Meinl l&#8217;opportunit\u00e0 di risparmiare il 20% di peso in pi\u00f9 rispetto al modello in fibra di vetro. [&hellip;]<\/p>\n","protected":false},"featured_media":27145,"template":"","meta":{"site-sidebar-layout":"default","site-content-layout":"","ast-site-content-layout":"default","site-content-style":"default","site-sidebar-style":"default","ast-global-header-display":"","ast-banner-title-visibility":"","ast-main-header-display":"","ast-hfb-above-header-display":"","ast-hfb-below-header-display":"","ast-hfb-mobile-header-display":"","site-post-title":"","ast-breadcrumbs-content":"","ast-featured-img":"","footer-sml-layout":"","theme-transparent-header-meta":"","adv-header-id-meta":"","stick-header-meta":"","header-above-stick-meta":"","header-main-stick-meta":"","header-below-stick-meta":"","astra-migrate-meta-layouts":"default","ast-page-background-enabled":"default","ast-page-background-meta":{"desktop":{"background-color":"var(--ast-global-color-4)","background-image":"","background-repeat":"repeat","background-position":"center center","background-size":"auto","background-attachment":"scroll","background-type":"","background-media":"","overlay-type":"","overlay-color":"","overlay-opacity":"","overlay-gradient":""},"tablet":{"background-color":"","background-image":"","background-repeat":"repeat","background-position":"center center","background-size":"auto","background-attachment":"scroll","background-type":"","background-media":"","overlay-type":"","overlay-color":"","overlay-opacity":"","overlay-gradient":""},"mobile":{"background-color":"","background-image":"","background-repeat":"repeat","background-position":"center center","background-size":"auto","background-attachment":"scroll","background-type":"","background-media":"","overlay-type":"","overlay-color":"","overlay-opacity":"","overlay-gradient":""}},"ast-content-background-meta":{"desktop":{"background-color":"var(--ast-global-color-5)","background-image":"","background-repeat":"repeat","background-position":"center center","background-size":"auto","background-attachment":"scroll","background-type":"","background-media":"","overlay-type":"","overlay-color":"","overlay-opacity":"","overlay-gradient":""},"tablet":{"background-color":"var(--ast-global-color-5)","background-image":"","background-repeat":"repeat","background-position":"center center","background-size":"auto","background-attachment":"scroll","background-type":"","background-media":"","overlay-type":"","overlay-color":"","overlay-opacity":"","overlay-gradient":""},"mobile":{"background-color":"var(--ast-global-color-5)","background-image":"","background-repeat":"repeat","background-position":"center center","background-size":"auto","background-attachment":"scroll","background-type":"","background-media":"","overlay-type":"","overlay-color":"","overlay-opacity":"","overlay-gradient":""}}},"product_brand":[],"product_cat":[311],"product_tag":[],"class_list":{"0":"post-27146","1":"product","2":"type-product","3":"status-publish","4":"has-post-thumbnail","6":"product_cat-djembe-percussioni-batterie","7":"desktop-align-left","8":"tablet-align-left","9":"mobile-align-left","11":"first","12":"instock","13":"taxable","14":"shipping-taxable","15":"purchasable","16":"product-type-simple"},"_links":{"self":[{"href":"https:\/\/gigionestrumentimusicali.it\/index.php\/wp-json\/wp\/v2\/product\/27146","targetHints":{"allow":["GET"]}}],"collection":[{"href":"https:\/\/gigionestrumentimusicali.it\/index.php\/wp-json\/wp\/v2\/product"}],"about":[{"href":"https:\/\/gigionestrumentimusicali.it\/index.php\/wp-json\/wp\/v2\/types\/product"}],"wp:featuredmedia":[{"embeddable":true,"href":"https:\/\/gigionestrumentimusicali.it\/index.php\/wp-json\/wp\/v2\/media\/27145"}],"wp:attachment":[{"href":"https:\/\/gigionestrumentimusicali.it\/index.php\/wp-json\/wp\/v2\/media?parent=27146"}],"wp:term":[{"taxonomy":"product_brand","embeddable":true,"href":"https:\/\/gigionestrumentimusicali.it\/index.php\/wp-json\/wp\/v2\/product_brand?post=27146"},{"taxonomy":"product_cat","embeddable":true,"href":"https:\/\/gigionestrumentimusicali.it\/index.php\/wp-json\/wp\/v2\/product_cat?post=27146"},{"taxonomy":"product_tag","embeddable":true,"href":"https:\/\/gigionestrumentimusicali.it\/index.php\/wp-json\/wp\/v2\/product_tag?post=27146"}],"curies":[{"name":"wp","href":"https:\/\/api.w.org\/{rel}","templated":true}]}}