{"id":27151,"date":"2025-11-18T15:27:02","date_gmt":"2025-11-18T15:27:02","guid":{"rendered":"https:\/\/gigionestrumentimusicali.it\/index.php\/product\/admira-teresa-artesania-chitarra-classica-4-4-made-in-spain\/"},"modified":"2026-04-11T23:25:11","modified_gmt":"2026-04-11T23:25:11","slug":"admira-teresa-artesania-chitarra-classica-4-4-made-in-spain","status":"publish","type":"product","link":"https:\/\/gigionestrumentimusicali.it\/index.php\/product\/admira-teresa-artesania-chitarra-classica-4-4-made-in-spain\/","title":{"rendered":"ADMIRA TERESA ARTESAN\u00ecA CHITARRA CLASSICA 4\/4 MADE IN SPAIN"},"content":{"rendered":"<p>L\u2019admira TERESA, \u00e8 la nostra chitarra, tutta in palissandro massello. \u00c8 realizzata con una selezione di legni, combinando il cedro massello nella parte superiore ed anche la paletta \u00e8 in legno massello nei lati e nella parte posteriore. Ha un manico in tre pezzi con rinforzo in ebano che conferisce maggiore stabilit\u00e0 alla chitarra e un suono chiaro e nitido. Lo produciamo anche in versione elettrificata con Fishman.<\/p>\n<p>La serie ARTESAN\u00cdA \u00e8 realizzata con l\u2019unione tra il corpo e il manico della chitarra attraverso il tallone spagnolo. Questa costruzione \u00e8 considerata la pi\u00f9 tradizionale nell\u2019elaborazione delle chitarre classiche spagnole. Questo conferisce maggiore stabilit\u00e0 e proiezione del suono alle chitarre.<\/p>\n<p>Le nostre chitarre ARTESAN\u00cdA sono una fusione di materiali selezionati di altissima qualit\u00e0, design e tecniche di produzione tradizionali realizzate dai nostri liutai altamente qualificati e appassionati. I nostri liutai utilizzano metodi artigianali tradizionali per produrre chitarre con tono, chiarezza ed espressivit\u00e0 eccezionali.<br \/>Ci\u00f2 che rende la serie ARTESAN\u00cdA il nostro fiore all\u2019occhiello.<\/p>\n<p>Top: Solid Cedar<\/p>\n","protected":false},"excerpt":{"rendered":"<p>L\u2019admira TERESA, \u00e8 la nostra chitarra, tutta in palissandro massello. \u00c8 realizzata con una selezione di legni, combinando il cedro massello nella parte superiore ed anche la paletta \u00e8 in legno massello nei lati e nella parte posteriore. Ha un manico in tre pezzi con rinforzo in ebano che conferisce maggiore stabilit\u00e0 alla chitarra e [&hellip;]<\/p>\n","protected":false},"featured_media":27152,"template":"","meta":{"site-sidebar-layout":"default","site-content-layout":"","ast-site-content-layout":"default","site-content-style":"default","site-sidebar-style":"default","ast-global-header-display":"","ast-banner-title-visibility":"","ast-main-header-display":"","ast-hfb-above-header-display":"","ast-hfb-below-header-display":"","ast-hfb-mobile-header-display":"","site-post-title":"","ast-breadcrumbs-content":"","ast-featured-img":"","footer-sml-layout":"","theme-transparent-header-meta":"","adv-header-id-meta":"","stick-header-meta":"","header-above-stick-meta":"","header-main-stick-meta":"","header-below-stick-meta":"","astra-migrate-meta-layouts":"default","ast-page-background-enabled":"default","ast-page-background-meta":{"desktop":{"background-color":"var(--ast-global-color-4)","background-image":"","background-repeat":"repeat","background-position":"center center","background-size":"auto","background-attachment":"scroll","background-type":"","background-media":"","overlay-type":"","overlay-color":"","overlay-opacity":"","overlay-gradient":""},"tablet":{"background-color":"","background-image":"","background-repeat":"repeat","background-position":"center center","background-size":"auto","background-attachment":"scroll","background-type":"","background-media":"","overlay-type":"","overlay-color":"","overlay-opacity":"","overlay-gradient":""},"mobile":{"background-color":"","background-image":"","background-repeat":"repeat","background-position":"center center","background-size":"auto","background-attachment":"scroll","background-type":"","background-media":"","overlay-type":"","overlay-color":"","overlay-opacity":"","overlay-gradient":""}},"ast-content-background-meta":{"desktop":{"background-color":"var(--ast-global-color-5)","background-image":"","background-repeat":"repeat","background-position":"center center","background-size":"auto","background-attachment":"scroll","background-type":"","background-media":"","overlay-type":"","overlay-color":"","overlay-opacity":"","overlay-gradient":""},"tablet":{"background-color":"var(--ast-global-color-5)","background-image":"","background-repeat":"repeat","background-position":"center center","background-size":"auto","background-attachment":"scroll","background-type":"","background-media":"","overlay-type":"","overlay-color":"","overlay-opacity":"","overlay-gradient":""},"mobile":{"background-color":"var(--ast-global-color-5)","background-image":"","background-repeat":"repeat","background-position":"center center","background-size":"auto","background-attachment":"scroll","background-type":"","background-media":"","overlay-type":"","overlay-color":"","overlay-opacity":"","overlay-gradient":""}}},"product_brand":[],"product_cat":[385],"product_tag":[],"class_list":{"0":"post-27151","1":"product","2":"type-product","3":"status-publish","4":"has-post-thumbnail","6":"product_cat-chitarre-4-4","7":"desktop-align-left","8":"tablet-align-left","9":"mobile-align-left","11":"first","12":"instock","13":"taxable","14":"shipping-taxable","15":"purchasable","16":"product-type-simple"},"_links":{"self":[{"href":"https:\/\/gigionestrumentimusicali.it\/index.php\/wp-json\/wp\/v2\/product\/27151","targetHints":{"allow":["GET"]}}],"collection":[{"href":"https:\/\/gigionestrumentimusicali.it\/index.php\/wp-json\/wp\/v2\/product"}],"about":[{"href":"https:\/\/gigionestrumentimusicali.it\/index.php\/wp-json\/wp\/v2\/types\/product"}],"wp:featuredmedia":[{"embeddable":true,"href":"https:\/\/gigionestrumentimusicali.it\/index.php\/wp-json\/wp\/v2\/media\/27152"}],"wp:attachment":[{"href":"https:\/\/gigionestrumentimusicali.it\/index.php\/wp-json\/wp\/v2\/media?parent=27151"}],"wp:term":[{"taxonomy":"product_brand","embeddable":true,"href":"https:\/\/gigionestrumentimusicali.it\/index.php\/wp-json\/wp\/v2\/product_brand?post=27151"},{"taxonomy":"product_cat","embeddable":true,"href":"https:\/\/gigionestrumentimusicali.it\/index.php\/wp-json\/wp\/v2\/product_cat?post=27151"},{"taxonomy":"product_tag","embeddable":true,"href":"https:\/\/gigionestrumentimusicali.it\/index.php\/wp-json\/wp\/v2\/product_tag?post=27151"}],"curies":[{"name":"wp","href":"https:\/\/api.w.org\/{rel}","templated":true}]}}