{"id":27273,"date":"2025-12-11T17:30:14","date_gmt":"2025-12-11T17:30:14","guid":{"rendered":"https:\/\/gigionestrumentimusicali.it\/index.php\/product\/alpha-theta-ddj-grv6-controller-dj-4-compatibile-con-rekordbox-serato-dj-pro\/"},"modified":"2026-04-14T03:14:41","modified_gmt":"2026-04-14T03:14:41","slug":"alpha-theta-ddj-grv6-controller-dj-4-compatibile-con-rekordbox-serato-dj-pro","status":"publish","type":"product","link":"https:\/\/gigionestrumentimusicali.it\/index.php\/product\/alpha-theta-ddj-grv6-controller-dj-4-compatibile-con-rekordbox-serato-dj-pro\/","title":{"rendered":"ALPHA THETA DDJ-GRV6 CONTROLLER DJ 4 COMPATIBILE CON REKORDBOX SERATO DJ PRO"},"content":{"rendered":"<p>CONSOLE PER DJ 4 CANALI<br \/>Con Groove Circuit puoi evocare i remix pi\u00f9 emozionanti con il semplice tocco di un pulsante. Anche mentre la traccia \u00e8 gi\u00e0 in riproduzione, puoi sostituire le parti di batteria di una traccia con diversi loop, permettendoti di passare ad altri generi e creare senza sforzo remix unici. Grazie agli effetti che puoi aggiungere alla batteria, puoi creare riempimenti, build-up e breakdown in pochissimo tempo. Sperimenta liberamente con la batteria e porta le tue esibizioni dal vivo a un livello superiore con remix innovativi e creativi. Il DDJ-GRV6 \u00e8 dotato di grandi jog wheel che facilitano lo scratch, 8 Performance Pad sopra le jog wheel, come sul nostro multiplayer di punta CDJ-3000 e Beat FX del DJM-A9 nella sezione mixer. Con tutte queste funzionalit\u00e0 ti avvicini al vero feeling da club: rendi il tuo set ancora pi\u00f9 dinamico combinando pause espressive di scratch con tecniche di pad ed effetti che fanno ballare tutti. Oltre ai movimenti standard di rotazione e pressione, puoi spostare il nuovo smart dial sul DDJ-GRV6 su\/gi\u00f9 e a sinistra\/destra quando utilizzi rekordbox per Mac\/Windows. Con un cenno a sinistra\/destra puoi navigare facilmente attraverso il browser multimediale, la visualizzazione ad albero e l&#8217;elenco dei brani, mentre con un cenno su\/gi\u00f9 puoi spostarti rapidamente tra playlist e raccolte, in modo da poter trovare la traccia che stai cercando. Il DDJ-GRV6 \u00e8 compatibile con Serato DJ Pro, che ti d\u00e0 accesso alla funzione Stems FX. Esprimi te stesso nella tua musica applicando effetti come Roll, Trans, Echo Out e Delay alle singole voci di una traccia: batteria, linea di basso, voce o melodia. Per tua comodit\u00e0, posiziona il foglio di rivestimento incluso sul DDJ-GRV6 per trasformare le etichette dei pulsanti in Stems FX. Sta a te decidere se utilizzare il DDJ-GRV6 solo con rekordbox per Mac\/Windows o anche con rekordbox per iOS\/Android. La possibilit\u00e0 di mixare mobile ti d\u00e0 la libert\u00e0 di fare il DJ nel tuo stile preferito e in luoghi molto diversi.<br \/>Caratteristiche<br \/>Canali: 4<br \/>Gamma di frequenza: 20 Hz &#8211; 20 kHz (USB<br \/>Rapporto S\/N 104dB (USB)<br \/>Rapporto di distorsione armonica totale: 0,003% (USB)<br \/>Ingressi: Mic \u00d7 1 (jack TRS da 1\/4&#8243; \u00d7 1)<br \/>Uscite: Master \u00d7 2 (jack TRS da 1\/4&#8243; \u00d7 1, RCA \u00d7 1), Boot (RCA \u00d7 1), CUFFIE \u00d7 2 (jack sda 1\/4&#8243; \u00d7 1, 3,5 mm \u00d7 1)<br \/>USB tipo C \u00d7 2<br \/>Jog Wheel: 206 mm<br \/>Campionatore: Rekordbox 16 slot \u00d7 4 banchi, Serato DJ Pro 8 slot \u00d7 4 banchi<br \/>Software compatibile: Rekordbox, Serato DJ Pro<br \/>Dimensioni (LxPxA): 711,4 \u00d7 375,9 \u00d7 75,7 mm<br \/>Peso: 4,6 Kg<\/p>\n","protected":false},"excerpt":{"rendered":"<p>CONSOLE PER DJ 4 CANALICon Groove Circuit puoi evocare i remix pi\u00f9 emozionanti con il semplice tocco di un pulsante. Anche mentre la traccia \u00e8 gi\u00e0 in riproduzione, puoi sostituire le parti di batteria di una traccia con diversi loop, permettendoti di passare ad altri generi e creare senza sforzo remix unici. Grazie agli effetti [&hellip;]<\/p>\n","protected":false},"featured_media":27282,"template":"","meta":{"site-sidebar-layout":"default","site-content-layout":"","ast-site-content-layout":"default","site-content-style":"default","site-sidebar-style":"default","ast-global-header-display":"","ast-banner-title-visibility":"","ast-main-header-display":"","ast-hfb-above-header-display":"","ast-hfb-below-header-display":"","ast-hfb-mobile-header-display":"","site-post-title":"","ast-breadcrumbs-content":"","ast-featured-img":"","footer-sml-layout":"","theme-transparent-header-meta":"","adv-header-id-meta":"","stick-header-meta":"","header-above-stick-meta":"","header-main-stick-meta":"","header-below-stick-meta":"","astra-migrate-meta-layouts":"default","ast-page-background-enabled":"default","ast-page-background-meta":{"desktop":{"background-color":"var(--ast-global-color-4)","background-image":"","background-repeat":"repeat","background-position":"center center","background-size":"auto","background-attachment":"scroll","background-type":"","background-media":"","overlay-type":"","overlay-color":"","overlay-opacity":"","overlay-gradient":""},"tablet":{"background-color":"","background-image":"","background-repeat":"repeat","background-position":"center center","background-size":"auto","background-attachment":"scroll","background-type":"","background-media":"","overlay-type":"","overlay-color":"","overlay-opacity":"","overlay-gradient":""},"mobile":{"background-color":"","background-image":"","background-repeat":"repeat","background-position":"center center","background-size":"auto","background-attachment":"scroll","background-type":"","background-media":"","overlay-type":"","overlay-color":"","overlay-opacity":"","overlay-gradient":""}},"ast-content-background-meta":{"desktop":{"background-color":"var(--ast-global-color-5)","background-image":"","background-repeat":"repeat","background-position":"center center","background-size":"auto","background-attachment":"scroll","background-type":"","background-media":"","overlay-type":"","overlay-color":"","overlay-opacity":"","overlay-gradient":""},"tablet":{"background-color":"var(--ast-global-color-5)","background-image":"","background-repeat":"repeat","background-position":"center center","background-size":"auto","background-attachment":"scroll","background-type":"","background-media":"","overlay-type":"","overlay-color":"","overlay-opacity":"","overlay-gradient":""},"mobile":{"background-color":"var(--ast-global-color-5)","background-image":"","background-repeat":"repeat","background-position":"center center","background-size":"auto","background-attachment":"scroll","background-type":"","background-media":"","overlay-type":"","overlay-color":"","overlay-opacity":"","overlay-gradient":""}}},"product_brand":[],"product_cat":[490],"product_tag":[],"class_list":{"0":"post-27273","1":"product","2":"type-product","3":"status-publish","4":"has-post-thumbnail","6":"product_cat-controllers","7":"desktop-align-left","8":"tablet-align-left","9":"mobile-align-left","11":"first","12":"instock","13":"taxable","14":"shipping-taxable","15":"purchasable","16":"product-type-simple"},"_links":{"self":[{"href":"https:\/\/gigionestrumentimusicali.it\/index.php\/wp-json\/wp\/v2\/product\/27273","targetHints":{"allow":["GET"]}}],"collection":[{"href":"https:\/\/gigionestrumentimusicali.it\/index.php\/wp-json\/wp\/v2\/product"}],"about":[{"href":"https:\/\/gigionestrumentimusicali.it\/index.php\/wp-json\/wp\/v2\/types\/product"}],"wp:featuredmedia":[{"embeddable":true,"href":"https:\/\/gigionestrumentimusicali.it\/index.php\/wp-json\/wp\/v2\/media\/27282"}],"wp:attachment":[{"href":"https:\/\/gigionestrumentimusicali.it\/index.php\/wp-json\/wp\/v2\/media?parent=27273"}],"wp:term":[{"taxonomy":"product_brand","embeddable":true,"href":"https:\/\/gigionestrumentimusicali.it\/index.php\/wp-json\/wp\/v2\/product_brand?post=27273"},{"taxonomy":"product_cat","embeddable":true,"href":"https:\/\/gigionestrumentimusicali.it\/index.php\/wp-json\/wp\/v2\/product_cat?post=27273"},{"taxonomy":"product_tag","embeddable":true,"href":"https:\/\/gigionestrumentimusicali.it\/index.php\/wp-json\/wp\/v2\/product_tag?post=27273"}],"curies":[{"name":"wp","href":"https:\/\/api.w.org\/{rel}","templated":true}]}}