{"id":27351,"date":"2025-12-12T08:53:04","date_gmt":"2025-12-12T08:53:04","guid":{"rendered":"https:\/\/gigionestrumentimusicali.it\/index.php\/product\/herouard-benard-l2250n-legatura-clarinetto-in-sib510041\/"},"modified":"2026-04-10T21:09:02","modified_gmt":"2026-04-10T21:09:02","slug":"herouard-benard-l2250n-legatura-clarinetto-in-sib510041","status":"publish","type":"product","link":"https:\/\/gigionestrumentimusicali.it\/index.php\/product\/herouard-benard-l2250n-legatura-clarinetto-in-sib510041\/","title":{"rendered":"HEROUARD &amp; BENARD L2250N LEGATURA CLARINETTO IN SIb510041"},"content":{"rendered":"<p>Caratteristiche principali:<br \/>Prodotto: Legatura per clarinetto.<br \/>Marca\/Produttore: Prodotta in Francia da H\u00e9rouard &amp; B\u00e9nard.<br \/>Materiale: Nichelata (indicato dalla &#8220;N&#8221; nel codice).<br \/>Design: Presenta due viti per un fissaggio comodo e guide metalliche progettate per un contatto ottimale con l&#8217;ancia, garantendo stabilit\u00e0 e semplicit\u00e0 nel suono. <br \/>In sintesi, \u00e8 un accessorio per strumenti a fiato, specificamente progettato per musicisti che utilizzano un clarinetto in Si?.<\/p>\n","protected":false},"excerpt":{"rendered":"<p>Caratteristiche principali:Prodotto: Legatura per clarinetto.Marca\/Produttore: Prodotta in Francia da H\u00e9rouard &amp; B\u00e9nard.Materiale: Nichelata (indicato dalla &#8220;N&#8221; nel codice).Design: Presenta due viti per un fissaggio comodo e guide metalliche progettate per un contatto ottimale con l&#8217;ancia, garantendo stabilit\u00e0 e semplicit\u00e0 nel suono. In sintesi, \u00e8 un accessorio per strumenti a fiato, specificamente progettato per musicisti che [&hellip;]<\/p>\n","protected":false},"featured_media":27352,"template":"","meta":{"site-sidebar-layout":"default","site-content-layout":"","ast-site-content-layout":"default","site-content-style":"default","site-sidebar-style":"default","ast-global-header-display":"","ast-banner-title-visibility":"","ast-main-header-display":"","ast-hfb-above-header-display":"","ast-hfb-below-header-display":"","ast-hfb-mobile-header-display":"","site-post-title":"","ast-breadcrumbs-content":"","ast-featured-img":"","footer-sml-layout":"","theme-transparent-header-meta":"","adv-header-id-meta":"","stick-header-meta":"","header-above-stick-meta":"","header-main-stick-meta":"","header-below-stick-meta":"","astra-migrate-meta-layouts":"default","ast-page-background-enabled":"default","ast-page-background-meta":{"desktop":{"background-color":"var(--ast-global-color-4)","background-image":"","background-repeat":"repeat","background-position":"center center","background-size":"auto","background-attachment":"scroll","background-type":"","background-media":"","overlay-type":"","overlay-color":"","overlay-opacity":"","overlay-gradient":""},"tablet":{"background-color":"","background-image":"","background-repeat":"repeat","background-position":"center center","background-size":"auto","background-attachment":"scroll","background-type":"","background-media":"","overlay-type":"","overlay-color":"","overlay-opacity":"","overlay-gradient":""},"mobile":{"background-color":"","background-image":"","background-repeat":"repeat","background-position":"center center","background-size":"auto","background-attachment":"scroll","background-type":"","background-media":"","overlay-type":"","overlay-color":"","overlay-opacity":"","overlay-gradient":""}},"ast-content-background-meta":{"desktop":{"background-color":"var(--ast-global-color-5)","background-image":"","background-repeat":"repeat","background-position":"center center","background-size":"auto","background-attachment":"scroll","background-type":"","background-media":"","overlay-type":"","overlay-color":"","overlay-opacity":"","overlay-gradient":""},"tablet":{"background-color":"var(--ast-global-color-5)","background-image":"","background-repeat":"repeat","background-position":"center center","background-size":"auto","background-attachment":"scroll","background-type":"","background-media":"","overlay-type":"","overlay-color":"","overlay-opacity":"","overlay-gradient":""},"mobile":{"background-color":"var(--ast-global-color-5)","background-image":"","background-repeat":"repeat","background-position":"center center","background-size":"auto","background-attachment":"scroll","background-type":"","background-media":"","overlay-type":"","overlay-color":"","overlay-opacity":"","overlay-gradient":""}}},"product_brand":[],"product_cat":[510],"product_tag":[],"class_list":{"0":"post-27351","1":"product","2":"type-product","3":"status-publish","4":"has-post-thumbnail","6":"product_cat-accessori-per-fiati","7":"desktop-align-left","8":"tablet-align-left","9":"mobile-align-left","11":"first","12":"instock","13":"taxable","14":"shipping-taxable","15":"purchasable","16":"product-type-simple"},"_links":{"self":[{"href":"https:\/\/gigionestrumentimusicali.it\/index.php\/wp-json\/wp\/v2\/product\/27351","targetHints":{"allow":["GET"]}}],"collection":[{"href":"https:\/\/gigionestrumentimusicali.it\/index.php\/wp-json\/wp\/v2\/product"}],"about":[{"href":"https:\/\/gigionestrumentimusicali.it\/index.php\/wp-json\/wp\/v2\/types\/product"}],"wp:featuredmedia":[{"embeddable":true,"href":"https:\/\/gigionestrumentimusicali.it\/index.php\/wp-json\/wp\/v2\/media\/27352"}],"wp:attachment":[{"href":"https:\/\/gigionestrumentimusicali.it\/index.php\/wp-json\/wp\/v2\/media?parent=27351"}],"wp:term":[{"taxonomy":"product_brand","embeddable":true,"href":"https:\/\/gigionestrumentimusicali.it\/index.php\/wp-json\/wp\/v2\/product_brand?post=27351"},{"taxonomy":"product_cat","embeddable":true,"href":"https:\/\/gigionestrumentimusicali.it\/index.php\/wp-json\/wp\/v2\/product_cat?post=27351"},{"taxonomy":"product_tag","embeddable":true,"href":"https:\/\/gigionestrumentimusicali.it\/index.php\/wp-json\/wp\/v2\/product_tag?post=27351"}],"curies":[{"name":"wp","href":"https:\/\/api.w.org\/{rel}","templated":true}]}}