{"id":27396,"date":"2025-12-12T10:53:41","date_gmt":"2025-12-12T10:53:41","guid":{"rendered":"https:\/\/gigionestrumentimusicali.it\/index.php\/product\/yamaha-clavinova-clp-150\/"},"modified":"2026-04-19T00:17:59","modified_gmt":"2026-04-19T00:17:59","slug":"yamaha-clavinova-clp-150","status":"publish","type":"product","link":"https:\/\/gigionestrumentimusicali.it\/index.php\/product\/yamaha-clavinova-clp-150\/","title":{"rendered":"YAMAHA CLAVINOVA CLP-150"},"content":{"rendered":"<p>PIANOFORTE DIGITALE 88 TASTI<\/p>\n<p>Il CSP-150 insegner\u00e0 a coloro che hanno sempre sognato di suonare il pianoforte come eseguire rapidamente le proprie canzoni preferite. Il Clavinova CSP far\u00e0 diventare realt\u00e0 questo sogno. L&#8217;app Smart Pianist scansionando le canzoni della libreria musicale dal tuo smartphone produrr\u00e0 una tabella degli accordi, una partitura di pianoforte e mostrer\u00e0 quali tasti e quando devono essere suonati, grazie alla intuitiva funzionalit\u00e0 Stream Lights. Mai la tecnologia ha potuto realizzare questo sogno! CSP Clavinova offre una potenza senza eguali per l&#8217;espressione musicale con un&#8217;enorme variet\u00e0 di suoni strumento. Puoi anche godere di sessioni di ensemble con gruppi rock o jazz e persino di orchestre bossa nova, semplicemente assegnando gli Style. Vuoi anche cantare? Il CSP \u00e8 dotato di un ingresso microfonico e pu\u00f2 perfino armonizzare le tua voce mentre canti. Il Clavinova CSP-150 offre la percezione e la risposta autentica di un vero e proprio piano acustico. Yamaha lo chiama Real Grand Expression &#8211; e loro dovrebbero conoscerlo. Hanno perfezionato il loro mestiere di costruttori di pianoforti per oltre un secolo e i loro pianoforti a coda sono equipaggiamenti standard negli studi pi\u00f9 importanti e sui palchi dei concerti pi\u00f9 importanti in tutto il mondo.<br \/>Caratteristiche<br \/>Top dei tasti in avorio \/ ebano sintetici per una sensazione autentica di pianoforte<br \/>692 Voci e 29 kit Drum \/ SFX rendono facile creare arrangiamenti stupendi<br \/>Campione Binaural Yamaha CFX che suona in modo stupefacente attraverso le cuffie<br \/>Virtual Resonance Modeling (VRM) vibra e riverbera come un vero e proprio piano acustico<br \/>Campioni Yamaha CFX e B\u00f6sendorfer Imperial<br \/>Stereophonic Optimizer eleva il suono ad un livello superiore quando si utilizzano le cuffie<br \/>Graded Hammer Action 3 (GH3X) tastiera a 88 note con scappamento<br \/>Tecnologia Acoustic Optimizer<br \/>Campioni Smooth Release, key-off e String Resonance<br \/>Design tradizionale verticale con gambe anteriori e logo Yamaha<br \/>Motore sonoro Real Grand Expression (RGE); Polifonia a 256 note; funzionalit\u00e0 dual layer<br \/>Intelligent Acoustic Control (IAC); DSP Smooth Release<br \/>Effetti Reverb (58 preset) e Master EQ (5 preset \/ 1 utente)<br \/>Audio To Score scansiona la musica sul tuo smartphone, analizza, quindi genera uno spartito di pianoforte<br \/>Stream Lights usano 4 luci LED sopra ogni tasto per mostrare quali note suonare e quando<br \/>Vocal Harmony 2 (VH2) potenzia le tue canzoni con 3 voci di background virtuali<br \/>Migliora la tua performance vocale con correzione dell&#8217;intonazione, vocoder e effetti<br \/>Il Melody Suppressor attenua la melodia delle canzoni su dispositivi collegati alla presa di ingresso Aux Line<br \/>Interfaccia basata su tablet mantiene l&#8217;aspetto elegante e tradizionale di un classico piano<br \/>Registratore a 16 tracce, 403 canzoni<br \/>Pedali Soft, sostenuto e damper; effetto half-damper<br \/>MIDI USB per la connessione al computer<br \/>Metronomo, doppia uscite per cuffie<br \/>Sistema di altoparlanti incorporato da 30W<br \/>Dimensioni: (L) 1,412 x (A) 1,040 x (P) 46 mm<br \/>Peso: 58 kg<\/p>\n","protected":false},"excerpt":{"rendered":"<p>PIANOFORTE DIGITALE 88 TASTI Il CSP-150 insegner\u00e0 a coloro che hanno sempre sognato di suonare il pianoforte come eseguire rapidamente le proprie canzoni preferite. Il Clavinova CSP far\u00e0 diventare realt\u00e0 questo sogno. L&#8217;app Smart Pianist scansionando le canzoni della libreria musicale dal tuo smartphone produrr\u00e0 una tabella degli accordi, una partitura di pianoforte e mostrer\u00e0 [&hellip;]<\/p>\n","protected":false},"featured_media":27397,"template":"","meta":{"site-sidebar-layout":"default","site-content-layout":"","ast-site-content-layout":"default","site-content-style":"default","site-sidebar-style":"default","ast-global-header-display":"","ast-banner-title-visibility":"","ast-main-header-display":"","ast-hfb-above-header-display":"","ast-hfb-below-header-display":"","ast-hfb-mobile-header-display":"","site-post-title":"","ast-breadcrumbs-content":"","ast-featured-img":"","footer-sml-layout":"","theme-transparent-header-meta":"","adv-header-id-meta":"","stick-header-meta":"","header-above-stick-meta":"","header-main-stick-meta":"","header-below-stick-meta":"","astra-migrate-meta-layouts":"default","ast-page-background-enabled":"default","ast-page-background-meta":{"desktop":{"background-color":"var(--ast-global-color-4)","background-image":"","background-repeat":"repeat","background-position":"center center","background-size":"auto","background-attachment":"scroll","background-type":"","background-media":"","overlay-type":"","overlay-color":"","overlay-opacity":"","overlay-gradient":""},"tablet":{"background-color":"","background-image":"","background-repeat":"repeat","background-position":"center center","background-size":"auto","background-attachment":"scroll","background-type":"","background-media":"","overlay-type":"","overlay-color":"","overlay-opacity":"","overlay-gradient":""},"mobile":{"background-color":"","background-image":"","background-repeat":"repeat","background-position":"center center","background-size":"auto","background-attachment":"scroll","background-type":"","background-media":"","overlay-type":"","overlay-color":"","overlay-opacity":"","overlay-gradient":""}},"ast-content-background-meta":{"desktop":{"background-color":"var(--ast-global-color-5)","background-image":"","background-repeat":"repeat","background-position":"center center","background-size":"auto","background-attachment":"scroll","background-type":"","background-media":"","overlay-type":"","overlay-color":"","overlay-opacity":"","overlay-gradient":""},"tablet":{"background-color":"var(--ast-global-color-5)","background-image":"","background-repeat":"repeat","background-position":"center center","background-size":"auto","background-attachment":"scroll","background-type":"","background-media":"","overlay-type":"","overlay-color":"","overlay-opacity":"","overlay-gradient":""},"mobile":{"background-color":"var(--ast-global-color-5)","background-image":"","background-repeat":"repeat","background-position":"center center","background-size":"auto","background-attachment":"scroll","background-type":"","background-media":"","overlay-type":"","overlay-color":"","overlay-opacity":"","overlay-gradient":""}}},"product_brand":[],"product_cat":[675],"product_tag":[],"class_list":{"0":"post-27396","1":"product","2":"type-product","3":"status-publish","4":"has-post-thumbnail","6":"product_cat-pianoforti-digitali","7":"desktop-align-left","8":"tablet-align-left","9":"mobile-align-left","11":"first","12":"instock","13":"taxable","14":"shipping-taxable","15":"purchasable","16":"product-type-simple"},"_links":{"self":[{"href":"https:\/\/gigionestrumentimusicali.it\/index.php\/wp-json\/wp\/v2\/product\/27396","targetHints":{"allow":["GET"]}}],"collection":[{"href":"https:\/\/gigionestrumentimusicali.it\/index.php\/wp-json\/wp\/v2\/product"}],"about":[{"href":"https:\/\/gigionestrumentimusicali.it\/index.php\/wp-json\/wp\/v2\/types\/product"}],"wp:featuredmedia":[{"embeddable":true,"href":"https:\/\/gigionestrumentimusicali.it\/index.php\/wp-json\/wp\/v2\/media\/27397"}],"wp:attachment":[{"href":"https:\/\/gigionestrumentimusicali.it\/index.php\/wp-json\/wp\/v2\/media?parent=27396"}],"wp:term":[{"taxonomy":"product_brand","embeddable":true,"href":"https:\/\/gigionestrumentimusicali.it\/index.php\/wp-json\/wp\/v2\/product_brand?post=27396"},{"taxonomy":"product_cat","embeddable":true,"href":"https:\/\/gigionestrumentimusicali.it\/index.php\/wp-json\/wp\/v2\/product_cat?post=27396"},{"taxonomy":"product_tag","embeddable":true,"href":"https:\/\/gigionestrumentimusicali.it\/index.php\/wp-json\/wp\/v2\/product_tag?post=27396"}],"curies":[{"name":"wp","href":"https:\/\/api.w.org\/{rel}","templated":true}]}}