{"id":27416,"date":"2025-12-12T15:58:46","date_gmt":"2025-12-12T15:58:46","guid":{"rendered":"https:\/\/gigionestrumentimusicali.it\/index.php\/product\/akai-apc-mini-mk2\/"},"modified":"2026-04-04T23:02:43","modified_gmt":"2026-04-04T23:02:43","slug":"akai-apc-mini-mk2","status":"publish","type":"product","link":"https:\/\/gigionestrumentimusicali.it\/index.php\/product\/akai-apc-mini-mk2\/","title":{"rendered":"AKAI APC MINI MK2"},"content":{"rendered":"<p>CONTROLLER MIDI USB COMPATTO CON MATRICE 64 PAD LED RETROILLUMINATI<\/p>\n<p>Akai Pro APC Mini Mk2 \u00e8 un MIDI controller USB compatto con una matrice di 64 pad retroilluminati a LED per la gestione di Clip e Scene nella finestra Session del software Ableton Live. Si contraddistingue per le tre modalit\u00e0 di configurazione aggiuntive Note, Smart Scale e Drum per suonare comodamente i tuoi virtual instrument durante le performance live o in studio. 9 Fader, 8 per i canali selezionati e uno per il Master, consentono il controllo fisico di vari parametri del mixer e dei device (instrument ed effetti).<br \/>Riproduci loop, samples, campiona e registra in tempo reale, suona strumenti virtuali in Ableton Live senza dover ricorrere al mouse. Rispetto alla precedente versione, l&#8217;APC mini MK2 mette a disposizione tre modalit\u00e0 di configurazione dei pad che ti permettono di suonare il virtual instrument selezionato nel software. Un controller efficiente, che si adatta automaticamente in modalit\u00e0 Control Surface con il progetto di Ableton Live grazie ai nuovi LED capaci di rappresentare visivamente centinaia di colori differenti per meglio adattarsi quelli assegnati alle Clip. Non pi\u00f9 solo i tre colori disponibili nel precedente modello.<br \/>La serie Ableton Performance Controller (APC) della AKAI Professional \u00e8 stata la prima linea di hardware progettati appositamente per un&#8217;interazione perfetta con il software Ableton Live. I controller appartenenti a questa serie offrono una configurazione immediata di tipo &#8220;Control Surface&#8221; che permette alla matrice pad di adattarsi dinamicamente alle Clip della finestra Session del tuo progetto musicale. Anche gli altri controlli fisici, come ad esempio i fader vengono automaticamente riassegnati a quanto hai selezionato nel progetto o nell&#8217;hardware: dal controllo dei device, cio\u00e8 degli effetti audio caricati in insert sulle tracce o dei parametri degli strumenti virtuali, al controllo dei volumi nel mixer, dalla gestione del pan alle mandate verso gli effetti (send).<br \/>64 pad di nuova concezione per gestire al meglio le Clip e le Scene nella finestra Session di Ableton Live, con una retroilluminazione a LED RGB per una rappresentazione perfetta dei colori assegnati alle Clip del software. Grazie a 4 pulsanti dedicati potrai spostarti comodamente in orizzontale o verticale nel tuo progetto per selezionare le tracce e le relative Clip da gestire. Dalla riproduzione alla registrazione, dalle singole Clip alle intere Scene: suona, triggera e riproduci sample audio, loop e clip MIDI.<br \/>4 pulsanti ti consentono di selezionare cosa controllare dai fader dello strumento: volume, pan, send o i parametri del device selezionato. Controlla filtri, riverberi, delay, scrivi e registra le automazioni per dare alle tue performance live e alle produzioni musicali quel tocco in pi\u00f9. Nel modo Device, i controlli fisici rotativi si assegnano automaticamente alla mappatura macro dell&#8217;effetto o strumento selezionato in Ableton Live. Tramite i vari pulsanti potrai inoltre gestire funzioni essenziali di trasporto come Solo, Mute, armatura delle tracce, etc.<br \/>La modalit\u00e0 Drum fornisce una perfetta integrazione con il Drum Rack di Ableton destinando un quadrante 4&#215;4 (16 pad) dell&#8217;APC Mini per il controllo del device Drum Rack, mentre gli altri pad saranno comunque usabili\/assegnabili a tuo piacimento. Ci\u00f2 consente di realizzare layout di pad personalizzati e performance ancor pi\u00f9 creative, non ottenibili con altri controller della serie APC.<br \/>La Smart Scale View fornisce un feedback visivo immediato mentre si cambia la tonica e il tipo di scala. In questa modalit\u00e0, la scala musicale attualmente selezionata \u00e8 visibile anche attraverso i pad. La modalit\u00e0 Noteoffre un nuovo flusso di lavoro per le performance, consentendoti di suonare con Ableton Live delle parti musicali perfette senza incappare in note sbagliate.<br \/>Registrando il tuo controller Akai APCmini Mk2 sul sito AkaiPro.com potrai accedere ai software forniti gratuitamente in dotazione a scopo promozionale. Troverai il codice per sbloccare una versione Lite del software Ableton Lite e tre licenze d&#8217;uso gratuite per l&#8217;utilizzo di 3 strumenti virtuali della Air Music Tech: il sintetizzatore virtual analog Hybrid 3 (perfetto per i generi EDM, Trap, House, Techno ed elettronica moderna in generale), il pianoforte acustico Mini Grand e il piano elettrico Velvet.<br \/>Caratteristiche<br \/>Ableton Performance Controller<br \/>MIDI USB Controller Class Compliant<br \/>Non ha bisogno di driver<br \/>Universalmente compatibile con PC e Mac<br \/>Matrice di Pad 8&#215;8 con 64 pad retroilluminati RGB<br \/>9 Fader assegnabili<br \/>Modo Smart Scale View<br \/>Modalit\u00e0 Note e Drum per suonare direttamente dai pad<br \/>Pulsanti dedicati al controllo delle scene<br \/>4 pulsanti per muoverti nella matrice di Clip<br \/>Porta USB di tipo B per computer Mac e PC<br \/>Alimentazione diretta da computer via USB<br \/>Cavo da USB B a USB A da 1 metro incluso nella confezione<br \/>Dimensioni: 240 x 210 x 32mm<br \/>Peso: 0,81kg<br \/>Software in dotazione per PC e Mac (download)<br \/>Ableton Live Lite Music Production Software<br \/>Air Music Hybrid 3: synth virtual analog<br \/>Air Music Mini Grand: pianoforte acustico<br \/>Air Music Velvet: piano elettrico<\/p>\n","protected":false},"excerpt":{"rendered":"<p>CONTROLLER MIDI USB COMPATTO CON MATRICE 64 PAD LED RETROILLUMINATI Akai Pro APC Mini Mk2 \u00e8 un MIDI controller USB compatto con una matrice di 64 pad retroilluminati a LED per la gestione di Clip e Scene nella finestra Session del software Ableton Live. Si contraddistingue per le tre modalit\u00e0 di configurazione aggiuntive Note, Smart [&hellip;]<\/p>\n","protected":false},"featured_media":27419,"template":"","meta":{"site-sidebar-layout":"default","site-content-layout":"","ast-site-content-layout":"default","site-content-style":"default","site-sidebar-style":"default","ast-global-header-display":"","ast-banner-title-visibility":"","ast-main-header-display":"","ast-hfb-above-header-display":"","ast-hfb-below-header-display":"","ast-hfb-mobile-header-display":"","site-post-title":"","ast-breadcrumbs-content":"","ast-featured-img":"","footer-sml-layout":"","theme-transparent-header-meta":"","adv-header-id-meta":"","stick-header-meta":"","header-above-stick-meta":"","header-main-stick-meta":"","header-below-stick-meta":"","astra-migrate-meta-layouts":"default","ast-page-background-enabled":"default","ast-page-background-meta":{"desktop":{"background-color":"var(--ast-global-color-4)","background-image":"","background-repeat":"repeat","background-position":"center center","background-size":"auto","background-attachment":"scroll","background-type":"","background-media":"","overlay-type":"","overlay-color":"","overlay-opacity":"","overlay-gradient":""},"tablet":{"background-color":"","background-image":"","background-repeat":"repeat","background-position":"center center","background-size":"auto","background-attachment":"scroll","background-type":"","background-media":"","overlay-type":"","overlay-color":"","overlay-opacity":"","overlay-gradient":""},"mobile":{"background-color":"","background-image":"","background-repeat":"repeat","background-position":"center center","background-size":"auto","background-attachment":"scroll","background-type":"","background-media":"","overlay-type":"","overlay-color":"","overlay-opacity":"","overlay-gradient":""}},"ast-content-background-meta":{"desktop":{"background-color":"var(--ast-global-color-5)","background-image":"","background-repeat":"repeat","background-position":"center center","background-size":"auto","background-attachment":"scroll","background-type":"","background-media":"","overlay-type":"","overlay-color":"","overlay-opacity":"","overlay-gradient":""},"tablet":{"background-color":"var(--ast-global-color-5)","background-image":"","background-repeat":"repeat","background-position":"center center","background-size":"auto","background-attachment":"scroll","background-type":"","background-media":"","overlay-type":"","overlay-color":"","overlay-opacity":"","overlay-gradient":""},"mobile":{"background-color":"var(--ast-global-color-5)","background-image":"","background-repeat":"repeat","background-position":"center center","background-size":"auto","background-attachment":"scroll","background-type":"","background-media":"","overlay-type":"","overlay-color":"","overlay-opacity":"","overlay-gradient":""}}},"product_brand":[],"product_cat":[671],"product_tag":[],"class_list":{"0":"post-27416","1":"product","2":"type-product","3":"status-publish","4":"has-post-thumbnail","6":"product_cat-master-keyboards-midi","7":"desktop-align-left","8":"tablet-align-left","9":"mobile-align-left","11":"first","12":"instock","13":"taxable","14":"shipping-taxable","15":"purchasable","16":"product-type-simple"},"_links":{"self":[{"href":"https:\/\/gigionestrumentimusicali.it\/index.php\/wp-json\/wp\/v2\/product\/27416","targetHints":{"allow":["GET"]}}],"collection":[{"href":"https:\/\/gigionestrumentimusicali.it\/index.php\/wp-json\/wp\/v2\/product"}],"about":[{"href":"https:\/\/gigionestrumentimusicali.it\/index.php\/wp-json\/wp\/v2\/types\/product"}],"wp:featuredmedia":[{"embeddable":true,"href":"https:\/\/gigionestrumentimusicali.it\/index.php\/wp-json\/wp\/v2\/media\/27419"}],"wp:attachment":[{"href":"https:\/\/gigionestrumentimusicali.it\/index.php\/wp-json\/wp\/v2\/media?parent=27416"}],"wp:term":[{"taxonomy":"product_brand","embeddable":true,"href":"https:\/\/gigionestrumentimusicali.it\/index.php\/wp-json\/wp\/v2\/product_brand?post=27416"},{"taxonomy":"product_cat","embeddable":true,"href":"https:\/\/gigionestrumentimusicali.it\/index.php\/wp-json\/wp\/v2\/product_cat?post=27416"},{"taxonomy":"product_tag","embeddable":true,"href":"https:\/\/gigionestrumentimusicali.it\/index.php\/wp-json\/wp\/v2\/product_tag?post=27416"}],"curies":[{"name":"wp","href":"https:\/\/api.w.org\/{rel}","templated":true}]}}