{"id":27417,"date":"2025-12-12T15:58:49","date_gmt":"2025-12-12T15:58:49","guid":{"rendered":"https:\/\/gigionestrumentimusicali.it\/index.php\/product\/akai-mpd218-controller-professional-2\/"},"modified":"2026-04-04T23:02:53","modified_gmt":"2026-04-04T23:02:53","slug":"akai-mpd218-controller-professional-2","status":"publish","type":"product","link":"https:\/\/gigionestrumentimusicali.it\/index.php\/product\/akai-mpd218-controller-professional-2\/","title":{"rendered":"AKAI MIDIMIX CONTROLLER PROFESSIONAL"},"content":{"rendered":"<p>CONTROLLER MIDI PER WORKSTATION AUDIO DIGITALI<br \/>Akai Professional MIDIMIX \u00e8 un MIDI USB controller che si propone con un layout in stile mixer tradizionale, con 9 fader (8 di canale e uno master) e 24 potenziometri rotativi (3 su ciascuno degli 8 canali), pensato per la gestione dei software DAW, in particolare per Ableton Live con il quale si interfaccia automaticamente in modalit\u00e0 control surface, al fine di consentire una gestione dinamica del controllo dei tuoi progetti. Estremamente portatile e leggero, ma ricco di potenziometri rotativi e fader, AKAI Professional MIDIMIX torner\u00e0 comodo anche a chi effettua live performance, in quanto potr\u00e0 mapparlo a suo piacimento sfruttando le funzionalit\u00e0 MIDI Learn disponibili in ormai tutti i software audio\/MIDI, nei virtual instruments, o nei programmi di mixaggio DJ: da Virtual DJ a Traktor Pro, da Serato DJ a Logic Pro, etc.<br \/>Caratteristiche principali<br \/>Superficie di controllo MIDI USB per PC e Mac<br \/>9 Fader: 8+1 (Master)<br \/>24 Potenziometri rotativi (3 su ciascun canale)<br \/>16 Pulsanti organizzati su 2 banchi: mute, solo e funzionalit\u00e0 record per canale<br \/>Integrazione 1-to-1 con Ableton Live in modo Control Surface<br \/>Ableton Live Lite incluso<br \/>Dimensioni: 23,9 x 20,1 x 3,0 cm<br \/>Peso: 0,7 kg<\/p>\n","protected":false},"excerpt":{"rendered":"<p>CONTROLLER MIDI PER WORKSTATION AUDIO DIGITALIAkai Professional MIDIMIX \u00e8 un MIDI USB controller che si propone con un layout in stile mixer tradizionale, con 9 fader (8 di canale e uno master) e 24 potenziometri rotativi (3 su ciascuno degli 8 canali), pensato per la gestione dei software DAW, in particolare per Ableton Live con [&hellip;]<\/p>\n","protected":false},"featured_media":27418,"template":"","meta":{"site-sidebar-layout":"default","site-content-layout":"","ast-site-content-layout":"default","site-content-style":"default","site-sidebar-style":"default","ast-global-header-display":"","ast-banner-title-visibility":"","ast-main-header-display":"","ast-hfb-above-header-display":"","ast-hfb-below-header-display":"","ast-hfb-mobile-header-display":"","site-post-title":"","ast-breadcrumbs-content":"","ast-featured-img":"","footer-sml-layout":"","theme-transparent-header-meta":"","adv-header-id-meta":"","stick-header-meta":"","header-above-stick-meta":"","header-main-stick-meta":"","header-below-stick-meta":"","astra-migrate-meta-layouts":"default","ast-page-background-enabled":"default","ast-page-background-meta":{"desktop":{"background-color":"var(--ast-global-color-4)","background-image":"","background-repeat":"repeat","background-position":"center center","background-size":"auto","background-attachment":"scroll","background-type":"","background-media":"","overlay-type":"","overlay-color":"","overlay-opacity":"","overlay-gradient":""},"tablet":{"background-color":"","background-image":"","background-repeat":"repeat","background-position":"center center","background-size":"auto","background-attachment":"scroll","background-type":"","background-media":"","overlay-type":"","overlay-color":"","overlay-opacity":"","overlay-gradient":""},"mobile":{"background-color":"","background-image":"","background-repeat":"repeat","background-position":"center center","background-size":"auto","background-attachment":"scroll","background-type":"","background-media":"","overlay-type":"","overlay-color":"","overlay-opacity":"","overlay-gradient":""}},"ast-content-background-meta":{"desktop":{"background-color":"var(--ast-global-color-5)","background-image":"","background-repeat":"repeat","background-position":"center center","background-size":"auto","background-attachment":"scroll","background-type":"","background-media":"","overlay-type":"","overlay-color":"","overlay-opacity":"","overlay-gradient":""},"tablet":{"background-color":"var(--ast-global-color-5)","background-image":"","background-repeat":"repeat","background-position":"center center","background-size":"auto","background-attachment":"scroll","background-type":"","background-media":"","overlay-type":"","overlay-color":"","overlay-opacity":"","overlay-gradient":""},"mobile":{"background-color":"var(--ast-global-color-5)","background-image":"","background-repeat":"repeat","background-position":"center center","background-size":"auto","background-attachment":"scroll","background-type":"","background-media":"","overlay-type":"","overlay-color":"","overlay-opacity":"","overlay-gradient":""}}},"product_brand":[],"product_cat":[671],"product_tag":[],"class_list":{"0":"post-27417","1":"product","2":"type-product","3":"status-publish","4":"has-post-thumbnail","6":"product_cat-master-keyboards-midi","7":"desktop-align-left","8":"tablet-align-left","9":"mobile-align-left","11":"first","12":"instock","13":"taxable","14":"shipping-taxable","15":"purchasable","16":"product-type-simple"},"_links":{"self":[{"href":"https:\/\/gigionestrumentimusicali.it\/index.php\/wp-json\/wp\/v2\/product\/27417","targetHints":{"allow":["GET"]}}],"collection":[{"href":"https:\/\/gigionestrumentimusicali.it\/index.php\/wp-json\/wp\/v2\/product"}],"about":[{"href":"https:\/\/gigionestrumentimusicali.it\/index.php\/wp-json\/wp\/v2\/types\/product"}],"wp:featuredmedia":[{"embeddable":true,"href":"https:\/\/gigionestrumentimusicali.it\/index.php\/wp-json\/wp\/v2\/media\/27418"}],"wp:attachment":[{"href":"https:\/\/gigionestrumentimusicali.it\/index.php\/wp-json\/wp\/v2\/media?parent=27417"}],"wp:term":[{"taxonomy":"product_brand","embeddable":true,"href":"https:\/\/gigionestrumentimusicali.it\/index.php\/wp-json\/wp\/v2\/product_brand?post=27417"},{"taxonomy":"product_cat","embeddable":true,"href":"https:\/\/gigionestrumentimusicali.it\/index.php\/wp-json\/wp\/v2\/product_cat?post=27417"},{"taxonomy":"product_tag","embeddable":true,"href":"https:\/\/gigionestrumentimusicali.it\/index.php\/wp-json\/wp\/v2\/product_tag?post=27417"}],"curies":[{"name":"wp","href":"https:\/\/api.w.org\/{rel}","templated":true}]}}