{"id":27443,"date":"2025-12-17T08:50:22","date_gmt":"2025-12-17T08:50:22","guid":{"rendered":"https:\/\/gigionestrumentimusicali.it\/index.php\/product\/sire-larry-carlton-l7-new-gen-mgo-mrtallic-gold\/"},"modified":"2026-04-22T22:03:47","modified_gmt":"2026-04-22T22:03:47","slug":"sire-larry-carlton-l7-new-gen-mgo-mrtallic-gold","status":"publish","type":"product","link":"https:\/\/gigionestrumentimusicali.it\/index.php\/product\/sire-larry-carlton-l7-new-gen-mgo-mrtallic-gold\/","title":{"rendered":"SIRE LARRY CARLTON L7 NEW GEN MGO MRTALLIC GOLD"},"content":{"rendered":"<table style=\"font-family: arial, verdana, helvetica, sans-serif;font-size: 13px\">\n<tbody>\n<tr>\n<td class=\"productDesc\" style=\"font-size: 15px;line-height: 20px\">La Sire Larry Carlton L7 New Gen \u00e8 la versione aggiornata e perfezionata del classico modello single-cut, pensata per offrire prestazioni elevate e una versatilit\u00e0 sonora superiore. Realizzata con cura per soddisfare le esigenze dei chitarristi moderni, questa chitarra combina un look di ispirazione vintage con caratteristiche tecniche di alto livello. Il nuovo profilo del manico, dotato di tastiera in ebano con tasti in acciaio inox, capotasto in Tusq e segnaposizioni laterali Lumilay, assicura una suonabilit\u00e0 molto pi\u00f9 fluida e confortevole anche durante le sessioni pi\u00f9 lunghe. La coppia di pickup LC Vintage-2 Humbucker, messa a punto secondo le preferenze sonore di Larry Carlton, garantisce un suono potente e dinamico, capace di passare da timbri caldi e rotondi a sonorit\u00e0 pi\u00f9 incisive anche grazie al push-pull per il coil split su entrambi i potenziometri del tono. Le nuove finiture moderne sono dotate di componenti migliorate che offrono non solo un\u2019estetica contemporanea ma lunga durata nel tempo e molta pi\u00f9 versatilit\u00e0. Completano lo strumento le corde DR Dragon Skin+DEQ-10, per una risposta ancora pi\u00f9 incisiva e definita.<\/td>\n<\/tr>\n<\/tbody>\n<\/table>\n<h4 style=\"margin: 1em 0px;padding: 0px;font-family: arial, verdana, helvetica, sans-serif;font-size: 13px\"><strong><font color=\"#9A9A9A\">Caratteristiche<\/font><\/strong><\/h4>\n<ul style=\"margin-right: 0px;margin-bottom: 0px;margin-left: 0px;padding: 0px;font-family: arial, verdana, helvetica, sans-serif\">\n<li style=\"margin-left: 3px;line-height: 18px\"><b>Corpo: Mogano + Top in acero duro alleggerito<\/b><\/li>\n<li style=\"margin-left: 3px;line-height: 18px\"><b>Forma corpo: Single-Cut Sire L<\/b><\/li>\n<li style=\"margin-left: 3px;line-height: 18px\"><b>Manico: Mogano, profilo C<\/b><\/li>\n<li style=\"margin-left: 3px;line-height: 18px\"><b>Tastiera: Ebano Edgeless<\/b><\/li>\n<li style=\"margin-left: 3px;line-height: 18px\"><b>Raggio tastiera: 12&#8243;<\/b><\/li>\n<li style=\"margin-left: 3px;line-height: 18px\"><b>Tasti: 22 Medium Jumbo in acciaio inox 2.7 mm<\/b><\/li>\n<li style=\"margin-left: 3px;line-height: 18px\"><b>Capotasto: Graphtech Tusq XL, 43 mm<\/b><\/li>\n<li style=\"margin-left: 3px;line-height: 18px\"><b>Intarsi: Trapezio in madreperla<\/b><\/li>\n<li style=\"margin-left: 3px;line-height: 18px\"><b>Scala: 24.75&#8243;<\/b><\/li>\n<li style=\"margin-left: 3px;line-height: 18px\"><b>Giunzione manico: Set-in Neck<\/b><\/li>\n<li style=\"margin-left: 3px;line-height: 18px\"><b>Configurazione pickup: H-H<\/b><\/li>\n<li style=\"margin-left: 3px;line-height: 18px\"><b>Pickup: LC Vintage-2 Humbucker Set<\/b><\/li>\n<li style=\"margin-left: 3px;line-height: 18px\"><b>Controlli: Toggle Switch a 3 posizioni, 2 Volume, 2 Tono (Push\/Pull per Coil Split)<\/b><\/li>\n<li style=\"margin-left: 3px;line-height: 18px\"><b>Ponte: Sire Modern Tune-O-Matic &amp; Stop Tail Piece in aluminio<\/b><\/li>\n<li style=\"margin-left: 3px;line-height: 18px\"><b>Meccaniche: Premium Locking Tuner<\/b><\/li>\n<li style=\"margin-left: 3px;line-height: 18px\"><b>Finitura hardware: Cromato<\/b><\/li>\n<li style=\"margin-left: 3px;line-height: 18px\"><b>Battipenna: Avorio<\/b><\/li>\n<li style=\"margin-left: 3px;line-height: 18px\"><b>Colore: Metallic Gold<\/b><\/li>\n<li style=\"margin-left: 3px;line-height: 18px\"><b>Corde: DR Dragon Skin+DEQ-10<\/b><\/li>\n<\/ul>\n","protected":false},"excerpt":{"rendered":"<p>La Sire Larry Carlton L7 New Gen \u00e8 la versione aggiornata e perfezionata del classico modello single-cut, pensata per offrire prestazioni elevate e una versatilit\u00e0 sonora superiore. Realizzata con cura per soddisfare le esigenze dei chitarristi moderni, questa chitarra combina un look di ispirazione vintage con caratteristiche tecniche di alto livello. Il nuovo profilo del [&hellip;]<\/p>\n","protected":false},"featured_media":27450,"template":"","meta":{"site-sidebar-layout":"default","site-content-layout":"","ast-site-content-layout":"default","site-content-style":"default","site-sidebar-style":"default","ast-global-header-display":"","ast-banner-title-visibility":"","ast-main-header-display":"","ast-hfb-above-header-display":"","ast-hfb-below-header-display":"","ast-hfb-mobile-header-display":"","site-post-title":"","ast-breadcrumbs-content":"","ast-featured-img":"","footer-sml-layout":"","theme-transparent-header-meta":"","adv-header-id-meta":"","stick-header-meta":"","header-above-stick-meta":"","header-main-stick-meta":"","header-below-stick-meta":"","astra-migrate-meta-layouts":"default","ast-page-background-enabled":"default","ast-page-background-meta":{"desktop":{"background-color":"var(--ast-global-color-4)","background-image":"","background-repeat":"repeat","background-position":"center center","background-size":"auto","background-attachment":"scroll","background-type":"","background-media":"","overlay-type":"","overlay-color":"","overlay-opacity":"","overlay-gradient":""},"tablet":{"background-color":"","background-image":"","background-repeat":"repeat","background-position":"center center","background-size":"auto","background-attachment":"scroll","background-type":"","background-media":"","overlay-type":"","overlay-color":"","overlay-opacity":"","overlay-gradient":""},"mobile":{"background-color":"","background-image":"","background-repeat":"repeat","background-position":"center center","background-size":"auto","background-attachment":"scroll","background-type":"","background-media":"","overlay-type":"","overlay-color":"","overlay-opacity":"","overlay-gradient":""}},"ast-content-background-meta":{"desktop":{"background-color":"var(--ast-global-color-5)","background-image":"","background-repeat":"repeat","background-position":"center center","background-size":"auto","background-attachment":"scroll","background-type":"","background-media":"","overlay-type":"","overlay-color":"","overlay-opacity":"","overlay-gradient":""},"tablet":{"background-color":"var(--ast-global-color-5)","background-image":"","background-repeat":"repeat","background-position":"center center","background-size":"auto","background-attachment":"scroll","background-type":"","background-media":"","overlay-type":"","overlay-color":"","overlay-opacity":"","overlay-gradient":""},"mobile":{"background-color":"var(--ast-global-color-5)","background-image":"","background-repeat":"repeat","background-position":"center center","background-size":"auto","background-attachment":"scroll","background-type":"","background-media":"","overlay-type":"","overlay-color":"","overlay-opacity":"","overlay-gradient":""}}},"product_brand":[],"product_cat":[387],"product_tag":[],"class_list":{"0":"post-27443","1":"product","2":"type-product","3":"status-publish","4":"has-post-thumbnail","6":"product_cat-chitarre-elettriche","7":"desktop-align-left","8":"tablet-align-left","9":"mobile-align-left","11":"first","12":"instock","13":"taxable","14":"shipping-taxable","15":"purchasable","16":"product-type-simple"},"_links":{"self":[{"href":"https:\/\/gigionestrumentimusicali.it\/index.php\/wp-json\/wp\/v2\/product\/27443","targetHints":{"allow":["GET"]}}],"collection":[{"href":"https:\/\/gigionestrumentimusicali.it\/index.php\/wp-json\/wp\/v2\/product"}],"about":[{"href":"https:\/\/gigionestrumentimusicali.it\/index.php\/wp-json\/wp\/v2\/types\/product"}],"wp:featuredmedia":[{"embeddable":true,"href":"https:\/\/gigionestrumentimusicali.it\/index.php\/wp-json\/wp\/v2\/media\/27450"}],"wp:attachment":[{"href":"https:\/\/gigionestrumentimusicali.it\/index.php\/wp-json\/wp\/v2\/media?parent=27443"}],"wp:term":[{"taxonomy":"product_brand","embeddable":true,"href":"https:\/\/gigionestrumentimusicali.it\/index.php\/wp-json\/wp\/v2\/product_brand?post=27443"},{"taxonomy":"product_cat","embeddable":true,"href":"https:\/\/gigionestrumentimusicali.it\/index.php\/wp-json\/wp\/v2\/product_cat?post=27443"},{"taxonomy":"product_tag","embeddable":true,"href":"https:\/\/gigionestrumentimusicali.it\/index.php\/wp-json\/wp\/v2\/product_tag?post=27443"}],"curies":[{"name":"wp","href":"https:\/\/api.w.org\/{rel}","templated":true}]}}