{"id":27445,"date":"2025-12-17T08:50:40","date_gmt":"2025-12-17T08:50:40","guid":{"rendered":"https:\/\/gigionestrumentimusicali.it\/index.php\/product\/sirelarry-carlton-l7v-new-gen-black\/"},"modified":"2026-04-02T23:13:48","modified_gmt":"2026-04-02T23:13:48","slug":"sirelarry-carlton-l7v-new-gen-black","status":"publish","type":"product","link":"https:\/\/gigionestrumentimusicali.it\/index.php\/product\/sirelarry-carlton-l7v-new-gen-black\/","title":{"rendered":"SIRE LARRY CARLTON L7V NEW GEN BLACK"},"content":{"rendered":"<p>La Sire Larry Carlton L7v New Gen \u00e8 la versione aggiornata e perfezionata del classico modello single-cut, pensata per offrire prestazioni elevate e una versatilit\u00e0 sonora superiore. Realizzata con cura per soddisfare le esigenze dei chitarristi moderni, questa chitarra combina un look di ispirazione vintage con caratteristiche tecniche di alto livello. Il nuovo profilo del manico, dotato di tastiera in ebano con tasti in acciaio inox, capotasto in Tusq e segnaposizioni laterali Lumilay, assicura una suonabilit\u00e0 molto pi\u00f9 fluida e confortevole anche durante le sessioni pi\u00f9 lunghe. La coppia di pickup Vintage p90, ottimizzata secondo le preferenze sonore di Larry Carlton, restituisce un suono caldo e ricco di armoniche e garantisce un output bilanciato tra manico e ponte permettendo allo strumento di essere completamente versatile. Le nuove finiture moderne sono dotate di componenti migliorate che offrono non solo un\u2019estetica contemporanea ma lunga durata nel tempo e molta pi\u00f9 versatilit\u00e0. Completano lo strumento le corde DR Dragon Skin+DEQ-10, per una risposta ancora pi\u00f9 incisiva e definita.<\/p>\n<p>Caratteristiche<br \/>Corpo: Mogano + Top in acero duro alleggerito<br \/>Forma corpo: Single-Cut Sire L<br \/>Manico: Mogano, profilo C<br \/>Tastiera: Ebano Edgeless<br \/>Raggio tastiera: 12&#8243;<br \/>Tasti: 22 Medium Jumbo in acciaio inox 2.7 mm<br \/>Capotasto: Graphtech Tusq XL, 43 mm<br \/>Intarsi: Trapezio in madreperla<br \/>Scala: 24.75&#8243;<br \/>Giunzione manico: Set-in Neck<br \/>Configurazione pickup: 2 P90<br \/>Pickup: Vintage-P90 Set Cream<br \/>Controlli: Toggle Switch a 3 posizioni, 2 Volume, 2 Tono<br \/>Ponte: Sire Modern Tune-O-Matic &amp; Stop Tail Piece in aluminio<br \/>Meccaniche: Premium Locking Tuner<br \/>Finitura hardware: Dorato<br \/>Battipenna: Avorio<br \/>Colore: Black<br \/>Corde: DR Dragon Skin+DEQ-10<\/p>\n","protected":false},"excerpt":{"rendered":"<p>La Sire Larry Carlton L7v New Gen \u00e8 la versione aggiornata e perfezionata del classico modello single-cut, pensata per offrire prestazioni elevate e una versatilit\u00e0 sonora superiore. Realizzata con cura per soddisfare le esigenze dei chitarristi moderni, questa chitarra combina un look di ispirazione vintage con caratteristiche tecniche di alto livello. Il nuovo profilo del [&hellip;]<\/p>\n","protected":false},"featured_media":27453,"template":"","meta":{"site-sidebar-layout":"default","site-content-layout":"","ast-site-content-layout":"default","site-content-style":"default","site-sidebar-style":"default","ast-global-header-display":"","ast-banner-title-visibility":"","ast-main-header-display":"","ast-hfb-above-header-display":"","ast-hfb-below-header-display":"","ast-hfb-mobile-header-display":"","site-post-title":"","ast-breadcrumbs-content":"","ast-featured-img":"","footer-sml-layout":"","theme-transparent-header-meta":"","adv-header-id-meta":"","stick-header-meta":"","header-above-stick-meta":"","header-main-stick-meta":"","header-below-stick-meta":"","astra-migrate-meta-layouts":"default","ast-page-background-enabled":"default","ast-page-background-meta":{"desktop":{"background-color":"var(--ast-global-color-4)","background-image":"","background-repeat":"repeat","background-position":"center center","background-size":"auto","background-attachment":"scroll","background-type":"","background-media":"","overlay-type":"","overlay-color":"","overlay-opacity":"","overlay-gradient":""},"tablet":{"background-color":"","background-image":"","background-repeat":"repeat","background-position":"center center","background-size":"auto","background-attachment":"scroll","background-type":"","background-media":"","overlay-type":"","overlay-color":"","overlay-opacity":"","overlay-gradient":""},"mobile":{"background-color":"","background-image":"","background-repeat":"repeat","background-position":"center center","background-size":"auto","background-attachment":"scroll","background-type":"","background-media":"","overlay-type":"","overlay-color":"","overlay-opacity":"","overlay-gradient":""}},"ast-content-background-meta":{"desktop":{"background-color":"var(--ast-global-color-5)","background-image":"","background-repeat":"repeat","background-position":"center center","background-size":"auto","background-attachment":"scroll","background-type":"","background-media":"","overlay-type":"","overlay-color":"","overlay-opacity":"","overlay-gradient":""},"tablet":{"background-color":"var(--ast-global-color-5)","background-image":"","background-repeat":"repeat","background-position":"center center","background-size":"auto","background-attachment":"scroll","background-type":"","background-media":"","overlay-type":"","overlay-color":"","overlay-opacity":"","overlay-gradient":""},"mobile":{"background-color":"var(--ast-global-color-5)","background-image":"","background-repeat":"repeat","background-position":"center center","background-size":"auto","background-attachment":"scroll","background-type":"","background-media":"","overlay-type":"","overlay-color":"","overlay-opacity":"","overlay-gradient":""}}},"product_brand":[],"product_cat":[387],"product_tag":[],"class_list":{"0":"post-27445","1":"product","2":"type-product","3":"status-publish","4":"has-post-thumbnail","6":"product_cat-chitarre-elettriche","7":"desktop-align-left","8":"tablet-align-left","9":"mobile-align-left","11":"first","12":"instock","13":"taxable","14":"shipping-taxable","15":"purchasable","16":"product-type-simple"},"_links":{"self":[{"href":"https:\/\/gigionestrumentimusicali.it\/index.php\/wp-json\/wp\/v2\/product\/27445","targetHints":{"allow":["GET"]}}],"collection":[{"href":"https:\/\/gigionestrumentimusicali.it\/index.php\/wp-json\/wp\/v2\/product"}],"about":[{"href":"https:\/\/gigionestrumentimusicali.it\/index.php\/wp-json\/wp\/v2\/types\/product"}],"wp:featuredmedia":[{"embeddable":true,"href":"https:\/\/gigionestrumentimusicali.it\/index.php\/wp-json\/wp\/v2\/media\/27453"}],"wp:attachment":[{"href":"https:\/\/gigionestrumentimusicali.it\/index.php\/wp-json\/wp\/v2\/media?parent=27445"}],"wp:term":[{"taxonomy":"product_brand","embeddable":true,"href":"https:\/\/gigionestrumentimusicali.it\/index.php\/wp-json\/wp\/v2\/product_brand?post=27445"},{"taxonomy":"product_cat","embeddable":true,"href":"https:\/\/gigionestrumentimusicali.it\/index.php\/wp-json\/wp\/v2\/product_cat?post=27445"},{"taxonomy":"product_tag","embeddable":true,"href":"https:\/\/gigionestrumentimusicali.it\/index.php\/wp-json\/wp\/v2\/product_tag?post=27445"}],"curies":[{"name":"wp","href":"https:\/\/api.w.org\/{rel}","templated":true}]}}