{"id":27492,"date":"2025-12-20T09:44:39","date_gmt":"2025-12-20T09:44:39","guid":{"rendered":"https:\/\/gigionestrumentimusicali.it\/index.php\/product\/larry-carlton-s7-hss-new-gen-black\/"},"modified":"2026-04-02T22:37:42","modified_gmt":"2026-04-02T22:37:42","slug":"larry-carlton-s7-hss-new-gen-black","status":"publish","type":"product","link":"https:\/\/gigionestrumentimusicali.it\/index.php\/product\/larry-carlton-s7-hss-new-gen-black\/","title":{"rendered":"LARRY CARLTON S7 HSS NEW GEN BLACK"},"content":{"rendered":"<p>La Sire Larry Carlton S7 della serie New Gen rappresenta l&#8217;evoluzione della celebre S7, completamente riprogettata per offrire altissime prestazioni, massima durabilit\u00e0 nel tempo e una versatilit\u00e0 tonale ancora pi\u00f9 ampia. Questa chitarra presenta un set di pickup Sire Larry Carlton HSS di nuova concezione, ottimizzati per offrire un suono bilanciato e dinamico, con sound caldi e ben definiti. Il nuovo profilo del manico con tastiera in acero americano o in palissandro (a seconda della finitura), I tasti in acciaio inox, il raggio compound e il capotasto in Tusq garantiscono una suonabilit\u00e0 morbida e sempre precisa, mentre i segnaposizione laterali Lumilay assicurano visibilit\u00e0 anche in condizioni di scarsa illuminazione. Il corpo in ontano nordamericano, aggiornato nel design e disponibile nelle nuove finiture, combina eleganza e robustezza con il resto delle caratteristiche rendendo la S7 estremamente affidabile. In dotazione, un battipenna in PVC preinstallato e uno in alluminio per ottenere un look pi\u00f9 moderno senza modificare la resa tonale dello strumento. Fornita con corde DR Dragon Skin + DEQ-10, la S7 New Gen \u00e8 uno strumento che fonde perfettamente estetica, comfort e prestazioni di livello professionale.<\/p>\n<p>Caratteristiche<br \/>Serie: S-Series<br \/>Corpo: Ontano nordamericano<br \/>Forma corpo: S-Style<br \/>Manico: Acero duro<br \/>Profilo manico: Profilo a C<br \/>Scala: 25.5&#8243;<br \/>Tastiera: Acero duro Edgeless con bordi arrotondati<br \/>Raggio tastiera: Compound 9.5&#8243;\u201314&#8243;<br \/>Tasti: 22 Medium Jumbo in acciaio inox 2.7 mm<br \/>Capotasto: Graphtech Tusq XL, larghezza 42 mm<br \/>Intarsi: Luminlay Dot (luminescenti)<br \/>Giunzione manico: 4 viti con piastra in acciaio<br \/>Configurazione pickup: H-S-S<br \/>Pickup: Set Sire LC HSS<br \/>Controlli: Volume, Tono, Selettore 5 vie<br \/>Ponte: Sire Modern Tremolo<br \/>Meccaniche: Sire Premium Autobloccanti<br \/>Finitura hardware: Cromato<br \/>Battipenna: Tortoise &#8211; incluso battipenna in alluminio aggiuntivo<br \/>Corde: DR Dragon Skin + DEQ-10<br \/>Colore: Black<\/p>\n","protected":false},"excerpt":{"rendered":"<p>La Sire Larry Carlton S7 della serie New Gen rappresenta l&#8217;evoluzione della celebre S7, completamente riprogettata per offrire altissime prestazioni, massima durabilit\u00e0 nel tempo e una versatilit\u00e0 tonale ancora pi\u00f9 ampia. Questa chitarra presenta un set di pickup Sire Larry Carlton HSS di nuova concezione, ottimizzati per offrire un suono bilanciato e dinamico, con sound [&hellip;]<\/p>\n","protected":false},"featured_media":27493,"template":"","meta":{"site-sidebar-layout":"default","site-content-layout":"","ast-site-content-layout":"default","site-content-style":"default","site-sidebar-style":"default","ast-global-header-display":"","ast-banner-title-visibility":"","ast-main-header-display":"","ast-hfb-above-header-display":"","ast-hfb-below-header-display":"","ast-hfb-mobile-header-display":"","site-post-title":"","ast-breadcrumbs-content":"","ast-featured-img":"","footer-sml-layout":"","theme-transparent-header-meta":"","adv-header-id-meta":"","stick-header-meta":"","header-above-stick-meta":"","header-main-stick-meta":"","header-below-stick-meta":"","astra-migrate-meta-layouts":"default","ast-page-background-enabled":"default","ast-page-background-meta":{"desktop":{"background-color":"var(--ast-global-color-4)","background-image":"","background-repeat":"repeat","background-position":"center center","background-size":"auto","background-attachment":"scroll","background-type":"","background-media":"","overlay-type":"","overlay-color":"","overlay-opacity":"","overlay-gradient":""},"tablet":{"background-color":"","background-image":"","background-repeat":"repeat","background-position":"center center","background-size":"auto","background-attachment":"scroll","background-type":"","background-media":"","overlay-type":"","overlay-color":"","overlay-opacity":"","overlay-gradient":""},"mobile":{"background-color":"","background-image":"","background-repeat":"repeat","background-position":"center center","background-size":"auto","background-attachment":"scroll","background-type":"","background-media":"","overlay-type":"","overlay-color":"","overlay-opacity":"","overlay-gradient":""}},"ast-content-background-meta":{"desktop":{"background-color":"var(--ast-global-color-5)","background-image":"","background-repeat":"repeat","background-position":"center center","background-size":"auto","background-attachment":"scroll","background-type":"","background-media":"","overlay-type":"","overlay-color":"","overlay-opacity":"","overlay-gradient":""},"tablet":{"background-color":"var(--ast-global-color-5)","background-image":"","background-repeat":"repeat","background-position":"center center","background-size":"auto","background-attachment":"scroll","background-type":"","background-media":"","overlay-type":"","overlay-color":"","overlay-opacity":"","overlay-gradient":""},"mobile":{"background-color":"var(--ast-global-color-5)","background-image":"","background-repeat":"repeat","background-position":"center center","background-size":"auto","background-attachment":"scroll","background-type":"","background-media":"","overlay-type":"","overlay-color":"","overlay-opacity":"","overlay-gradient":""}}},"product_brand":[],"product_cat":[387],"product_tag":[],"class_list":{"0":"post-27492","1":"product","2":"type-product","3":"status-publish","4":"has-post-thumbnail","6":"product_cat-chitarre-elettriche","7":"desktop-align-left","8":"tablet-align-left","9":"mobile-align-left","11":"first","12":"instock","13":"taxable","14":"shipping-taxable","15":"purchasable","16":"product-type-simple"},"_links":{"self":[{"href":"https:\/\/gigionestrumentimusicali.it\/index.php\/wp-json\/wp\/v2\/product\/27492","targetHints":{"allow":["GET"]}}],"collection":[{"href":"https:\/\/gigionestrumentimusicali.it\/index.php\/wp-json\/wp\/v2\/product"}],"about":[{"href":"https:\/\/gigionestrumentimusicali.it\/index.php\/wp-json\/wp\/v2\/types\/product"}],"wp:featuredmedia":[{"embeddable":true,"href":"https:\/\/gigionestrumentimusicali.it\/index.php\/wp-json\/wp\/v2\/media\/27493"}],"wp:attachment":[{"href":"https:\/\/gigionestrumentimusicali.it\/index.php\/wp-json\/wp\/v2\/media?parent=27492"}],"wp:term":[{"taxonomy":"product_brand","embeddable":true,"href":"https:\/\/gigionestrumentimusicali.it\/index.php\/wp-json\/wp\/v2\/product_brand?post=27492"},{"taxonomy":"product_cat","embeddable":true,"href":"https:\/\/gigionestrumentimusicali.it\/index.php\/wp-json\/wp\/v2\/product_cat?post=27492"},{"taxonomy":"product_tag","embeddable":true,"href":"https:\/\/gigionestrumentimusicali.it\/index.php\/wp-json\/wp\/v2\/product_tag?post=27492"}],"curies":[{"name":"wp","href":"https:\/\/api.w.org\/{rel}","templated":true}]}}