{"id":27517,"date":"2025-12-28T08:57:38","date_gmt":"2025-12-28T08:57:38","guid":{"rendered":"https:\/\/gigionestrumentimusicali.it\/index.php\/product\/akai-mpk-mini-play-controller-master\/"},"modified":"2026-04-04T23:02:55","modified_gmt":"2026-04-04T23:02:55","slug":"akai-mpk-mini-play-controller-master","status":"publish","type":"product","link":"https:\/\/gigionestrumentimusicali.it\/index.php\/product\/akai-mpk-mini-play-controller-master\/","title":{"rendered":"AKAI MPK MINI PLAY CONTROLLER MASTER"},"content":{"rendered":"<p>La tastiera e controller MIDI Akai Professional MPK Mini Play MK3 \u00e8 il nuovo livello di tastiera MIDI aggiornata in una custodia compatta e portatile per i musicisti in viaggio. Basandosi sull&#8217;eccellente reputazione dei modelli precedenti, l&#8217;MK3 introduce diverse parti aggiornate per migliorare le prestazioni, la suonabilit\u00e0 e la funzionalit\u00e0. Con l&#8217;MPK Mini Play MK3 potrete suonare esattamente come intendete fare, con la massima autenticit\u00e0, grazie al piano tasti Gen 2 aggiornato, e sentire esattamente come suoner\u00e0 la vostra musica, con particolare attenzione alle basse frequenze, grazie all&#8217;diffusore integrato rinnovato. Otto pads migliorati in stile MPC offrono un controllo tattile sugli elementi di percussione della vostra performance per una risposta migliore e una maggiore durata nel tempo.<\/p>\n<p>Combinando la suonabilit\u00e0 con la funzionalit\u00e0 e la portabilit\u00e0, l&#8217;MPK Mini Play MK3 \u00e8 lo strumento ideale per creare musica ovunque. La tastiera, di dimensioni ridotte e conforme alla classe di appartenenza, alimentata tramite USB o batteria, offre fino a 14 ore di autonomia per la creazione di musica in modalit\u00e0 completamente wireless. Per i musicisti di ogni livello, MPK Mini Play MK3 viene dotato di diverse soluzioni software, tra cui MPC Beats per la produzione musicale e Melodics per la formazione musicale. Con oltre 128 suoni interni, non sarete mai a corto di scelta per creare la musica che avete sempre desiderato.<\/p>\n<p>Prendete il controllo delle vostre sessioni e utilizzate l&#8217;MPK Mini Play MK3 di Akai Professional come controller utilizzando le quattro manopole assegnabili, per controllare i parametri MIDI delle vostre sessioni, tra cui Pan, automazione e editing preciso. Perfetto per produttori e musicisti, l&#8217;MPK MK3 offre un nuovo modo unico di fare musica che avete sempre desiderato.<\/p>\n<p>L&#8217;MPK Mini supporta ora anche l&#8217;integrazione con NKS, consentendo di utilizzare i Native Instruments plugin al massimo del loro potenziale. \u00c8 inoltre inclusa la scelta di uno dei tre bundle Komplete Select, ciascuno adatto a diversi stili di produzione.<\/p>\n","protected":false},"excerpt":{"rendered":"<p>La tastiera e controller MIDI Akai Professional MPK Mini Play MK3 \u00e8 il nuovo livello di tastiera MIDI aggiornata in una custodia compatta e portatile per i musicisti in viaggio. Basandosi sull&#8217;eccellente reputazione dei modelli precedenti, l&#8217;MK3 introduce diverse parti aggiornate per migliorare le prestazioni, la suonabilit\u00e0 e la funzionalit\u00e0. Con l&#8217;MPK Mini Play MK3 [&hellip;]<\/p>\n","protected":false},"featured_media":27518,"template":"","meta":{"site-sidebar-layout":"default","site-content-layout":"","ast-site-content-layout":"default","site-content-style":"default","site-sidebar-style":"default","ast-global-header-display":"","ast-banner-title-visibility":"","ast-main-header-display":"","ast-hfb-above-header-display":"","ast-hfb-below-header-display":"","ast-hfb-mobile-header-display":"","site-post-title":"","ast-breadcrumbs-content":"","ast-featured-img":"","footer-sml-layout":"","theme-transparent-header-meta":"","adv-header-id-meta":"","stick-header-meta":"","header-above-stick-meta":"","header-main-stick-meta":"","header-below-stick-meta":"","astra-migrate-meta-layouts":"default","ast-page-background-enabled":"default","ast-page-background-meta":{"desktop":{"background-color":"var(--ast-global-color-4)","background-image":"","background-repeat":"repeat","background-position":"center center","background-size":"auto","background-attachment":"scroll","background-type":"","background-media":"","overlay-type":"","overlay-color":"","overlay-opacity":"","overlay-gradient":""},"tablet":{"background-color":"","background-image":"","background-repeat":"repeat","background-position":"center center","background-size":"auto","background-attachment":"scroll","background-type":"","background-media":"","overlay-type":"","overlay-color":"","overlay-opacity":"","overlay-gradient":""},"mobile":{"background-color":"","background-image":"","background-repeat":"repeat","background-position":"center center","background-size":"auto","background-attachment":"scroll","background-type":"","background-media":"","overlay-type":"","overlay-color":"","overlay-opacity":"","overlay-gradient":""}},"ast-content-background-meta":{"desktop":{"background-color":"var(--ast-global-color-5)","background-image":"","background-repeat":"repeat","background-position":"center center","background-size":"auto","background-attachment":"scroll","background-type":"","background-media":"","overlay-type":"","overlay-color":"","overlay-opacity":"","overlay-gradient":""},"tablet":{"background-color":"var(--ast-global-color-5)","background-image":"","background-repeat":"repeat","background-position":"center center","background-size":"auto","background-attachment":"scroll","background-type":"","background-media":"","overlay-type":"","overlay-color":"","overlay-opacity":"","overlay-gradient":""},"mobile":{"background-color":"var(--ast-global-color-5)","background-image":"","background-repeat":"repeat","background-position":"center center","background-size":"auto","background-attachment":"scroll","background-type":"","background-media":"","overlay-type":"","overlay-color":"","overlay-opacity":"","overlay-gradient":""}}},"product_brand":[],"product_cat":[671],"product_tag":[],"class_list":{"0":"post-27517","1":"product","2":"type-product","3":"status-publish","4":"has-post-thumbnail","6":"product_cat-master-keyboards-midi","7":"desktop-align-left","8":"tablet-align-left","9":"mobile-align-left","11":"first","12":"instock","13":"taxable","14":"shipping-taxable","15":"purchasable","16":"product-type-simple"},"_links":{"self":[{"href":"https:\/\/gigionestrumentimusicali.it\/index.php\/wp-json\/wp\/v2\/product\/27517","targetHints":{"allow":["GET"]}}],"collection":[{"href":"https:\/\/gigionestrumentimusicali.it\/index.php\/wp-json\/wp\/v2\/product"}],"about":[{"href":"https:\/\/gigionestrumentimusicali.it\/index.php\/wp-json\/wp\/v2\/types\/product"}],"wp:featuredmedia":[{"embeddable":true,"href":"https:\/\/gigionestrumentimusicali.it\/index.php\/wp-json\/wp\/v2\/media\/27518"}],"wp:attachment":[{"href":"https:\/\/gigionestrumentimusicali.it\/index.php\/wp-json\/wp\/v2\/media?parent=27517"}],"wp:term":[{"taxonomy":"product_brand","embeddable":true,"href":"https:\/\/gigionestrumentimusicali.it\/index.php\/wp-json\/wp\/v2\/product_brand?post=27517"},{"taxonomy":"product_cat","embeddable":true,"href":"https:\/\/gigionestrumentimusicali.it\/index.php\/wp-json\/wp\/v2\/product_cat?post=27517"},{"taxonomy":"product_tag","embeddable":true,"href":"https:\/\/gigionestrumentimusicali.it\/index.php\/wp-json\/wp\/v2\/product_tag?post=27517"}],"curies":[{"name":"wp","href":"https:\/\/api.w.org\/{rel}","templated":true}]}}