{"id":27568,"date":"2025-12-31T08:46:00","date_gmt":"2025-12-31T08:46:00","guid":{"rendered":"https:\/\/gigionestrumentimusicali.it\/index.php\/product\/reloop-rmx60-mixer-dj-41-canali\/"},"modified":"2026-04-18T21:30:02","modified_gmt":"2026-04-18T21:30:02","slug":"reloop-rmx60-mixer-dj-41-canali","status":"publish","type":"product","link":"https:\/\/gigionestrumentimusicali.it\/index.php\/product\/reloop-rmx60-mixer-dj-41-canali\/","title":{"rendered":"RELOOP RMX60 MIXER DJ 4+1 CANALI"},"content":{"rendered":"<p>MIXER DIGITALE 4+1 CANALI PER DJ<\/p>\n<p>RMX-60 Digital \u00e8 un mixer digitale professionale di altissima qualit\u00e0 per DJ. La vasta gamma di connessioni, la costruzione robusta, l&#8217;architettura audio completamente digitale e il classico design a 4+1 canali, rendono RMX-60 Digital il mixer ideale per l&#8217;utilizzo nei club e perfetto per le esigenze dei moderni DJ. Per soddisfare differenti stili di mixaggio, la sezione EQ dell&#8217;RMX-60 Digital offre due modalit\u00e0 di funzionamento: Classic e Isolator. In aggiunta, sotto l&#8217;equalizzatore a 3-bande di ciascun canale, \u00e8 posizionato un filtro bipolare con curve dedicate alle alte e basse frequenze. Ispirata al mixer RMX-80 Digital di Reloop, la sezione effetti di RMX-60 Digital include ben 8 effetti professionali tra cui Delay, Echo, Reverb, Gate, Pitch Shift, Phase, Bit Crusher e Noise, in grado di offrire spunti creativi illimitati ed eseguire remix in tempo reale durante i set. Il routing flessibile consente di assegnare gli effetti singolarmente all&#8217;ingresso microfonico, ad uno dei 4 canali line\/phono, oppure al canale master. L&#8217;ampio display LCD visualizza le informazioni pi\u00f9 importati e facilit\u00e0 il controllo dei parametri durante le sessioni maggiormente creative. Il doppio BPM counter consente di verificare la velocit\u00e0 dei brani per ottenere mixaggi pi\u00f9 precisi. RMX-60 dispone di molteplici funzionalit\u00e0 avanzate tra cui la curva regolabile di canali e crossfader, faderstart, modalit\u00e0 &#8220;Active Ducking Technology&#8221; per l&#8217;ingresso microfonico e possibilit\u00e0 di aggiornamento firmware tramite tramite porta USB.<br \/>Caratteristiche principali<br \/>Performance mixer professionale a 4+1 canali<br \/>11 ingressi e 6 uscite totali<br \/>Architettura completamente digitale per un suono eccezionale e una maggiore flessibilit\u00e0<br \/>8 effetti di alta qualit\u00e0: delay, echo, reverb, gate, pitch shift, phase, bit crusher, noise<br \/>Ampio display per la visualizzazione dei parametri principali<br \/>Filtro bipolare indipendente per ciascun canale<br \/>Equalizzatori indipendenti per ciascun canale con funzioni Classic e Isolator<br \/>Compatibilit\u00e0 Innofader<br \/>Crossfader assegnabile e<br \/>Canale Mic con EQ a due bande e talkover con &#8220;Active Ducking Technology&#8221;<br \/>2 uscite cuffie (in formato jack e mini-jack) con equalizzatore intelligente integrato e interruttore mono\/stereo<br \/>A prova di futuro grazie al firmware aggiornabile via porta USB<br \/>Fader e crossfader-start<br \/>Uscite in formato bilanciato e sbilanciato<br \/>Ingressi: 6 Line, 2 Phono, 1 Aux, 1 Combo-Mic<br \/>Uscite: XLR, Jack da 1\/4&#8243; e 2xRCA, 2xCuffie<br \/>da Risposta in frequenza: 20Hz &#8211; 20KHz<br \/>Range EQ in modalit\u00e0 Classic: +12dB \/ -8dB<br \/>Range EQ in modalit\u00e0 Isolator: +12dB \/ -26dB (total kill)<br \/>Dimensioni: 320 x 107 x 387mm<br \/>Peso: 6,8kg<\/p>\n","protected":false},"excerpt":{"rendered":"<p>MIXER DIGITALE 4+1 CANALI PER DJ RMX-60 Digital \u00e8 un mixer digitale professionale di altissima qualit\u00e0 per DJ. La vasta gamma di connessioni, la costruzione robusta, l&#8217;architettura audio completamente digitale e il classico design a 4+1 canali, rendono RMX-60 Digital il mixer ideale per l&#8217;utilizzo nei club e perfetto per le esigenze dei moderni DJ. [&hellip;]<\/p>\n","protected":false},"featured_media":27569,"template":"","meta":{"site-sidebar-layout":"default","site-content-layout":"","ast-site-content-layout":"default","site-content-style":"default","site-sidebar-style":"default","ast-global-header-display":"","ast-banner-title-visibility":"","ast-main-header-display":"","ast-hfb-above-header-display":"","ast-hfb-below-header-display":"","ast-hfb-mobile-header-display":"","site-post-title":"","ast-breadcrumbs-content":"","ast-featured-img":"","footer-sml-layout":"","theme-transparent-header-meta":"","adv-header-id-meta":"","stick-header-meta":"","header-above-stick-meta":"","header-main-stick-meta":"","header-below-stick-meta":"","astra-migrate-meta-layouts":"default","ast-page-background-enabled":"default","ast-page-background-meta":{"desktop":{"background-color":"var(--ast-global-color-4)","background-image":"","background-repeat":"repeat","background-position":"center center","background-size":"auto","background-attachment":"scroll","background-type":"","background-media":"","overlay-type":"","overlay-color":"","overlay-opacity":"","overlay-gradient":""},"tablet":{"background-color":"","background-image":"","background-repeat":"repeat","background-position":"center center","background-size":"auto","background-attachment":"scroll","background-type":"","background-media":"","overlay-type":"","overlay-color":"","overlay-opacity":"","overlay-gradient":""},"mobile":{"background-color":"","background-image":"","background-repeat":"repeat","background-position":"center center","background-size":"auto","background-attachment":"scroll","background-type":"","background-media":"","overlay-type":"","overlay-color":"","overlay-opacity":"","overlay-gradient":""}},"ast-content-background-meta":{"desktop":{"background-color":"var(--ast-global-color-5)","background-image":"","background-repeat":"repeat","background-position":"center center","background-size":"auto","background-attachment":"scroll","background-type":"","background-media":"","overlay-type":"","overlay-color":"","overlay-opacity":"","overlay-gradient":""},"tablet":{"background-color":"var(--ast-global-color-5)","background-image":"","background-repeat":"repeat","background-position":"center center","background-size":"auto","background-attachment":"scroll","background-type":"","background-media":"","overlay-type":"","overlay-color":"","overlay-opacity":"","overlay-gradient":""},"mobile":{"background-color":"var(--ast-global-color-5)","background-image":"","background-repeat":"repeat","background-position":"center center","background-size":"auto","background-attachment":"scroll","background-type":"","background-media":"","overlay-type":"","overlay-color":"","overlay-opacity":"","overlay-gradient":""}}},"product_brand":[],"product_cat":[503],"product_tag":[],"class_list":{"0":"post-27568","1":"product","2":"type-product","3":"status-publish","4":"has-post-thumbnail","6":"product_cat-mixer-dj","7":"desktop-align-left","8":"tablet-align-left","9":"mobile-align-left","11":"first","12":"instock","13":"taxable","14":"shipping-taxable","15":"purchasable","16":"product-type-simple"},"_links":{"self":[{"href":"https:\/\/gigionestrumentimusicali.it\/index.php\/wp-json\/wp\/v2\/product\/27568","targetHints":{"allow":["GET"]}}],"collection":[{"href":"https:\/\/gigionestrumentimusicali.it\/index.php\/wp-json\/wp\/v2\/product"}],"about":[{"href":"https:\/\/gigionestrumentimusicali.it\/index.php\/wp-json\/wp\/v2\/types\/product"}],"wp:featuredmedia":[{"embeddable":true,"href":"https:\/\/gigionestrumentimusicali.it\/index.php\/wp-json\/wp\/v2\/media\/27569"}],"wp:attachment":[{"href":"https:\/\/gigionestrumentimusicali.it\/index.php\/wp-json\/wp\/v2\/media?parent=27568"}],"wp:term":[{"taxonomy":"product_brand","embeddable":true,"href":"https:\/\/gigionestrumentimusicali.it\/index.php\/wp-json\/wp\/v2\/product_brand?post=27568"},{"taxonomy":"product_cat","embeddable":true,"href":"https:\/\/gigionestrumentimusicali.it\/index.php\/wp-json\/wp\/v2\/product_cat?post=27568"},{"taxonomy":"product_tag","embeddable":true,"href":"https:\/\/gigionestrumentimusicali.it\/index.php\/wp-json\/wp\/v2\/product_tag?post=27568"}],"curies":[{"name":"wp","href":"https:\/\/api.w.org\/{rel}","templated":true}]}}