{"id":27584,"date":"2026-01-02T17:22:38","date_gmt":"2026-01-02T17:22:38","guid":{"rendered":"https:\/\/gigionestrumentimusicali.it\/index.php\/product\/pioneer-hdj-cue1-red-cuffia-per-dj-red-bluetooth\/"},"modified":"2026-04-02T22:37:01","modified_gmt":"2026-04-02T22:37:01","slug":"pioneer-hdj-cue1-red-cuffia-per-dj-red-bluetooth","status":"publish","type":"product","link":"https:\/\/gigionestrumentimusicali.it\/index.php\/product\/pioneer-hdj-cue1-red-cuffia-per-dj-red-bluetooth\/","title":{"rendered":"PIONEER HDJ-CUE1 RED CUFFIA PER DJ RED BLUETOOTH"},"content":{"rendered":"<p>CUFFIA PER DJ ROSSA<\/p>\n<p>Inizia il tuo viaggio nel mondo del DJing con le cuffie Pioneer HDJ-CUE1. Queste cuffie per DJ, dal grande stile, sono realizzate con il DNA dei modelli Pioneer professionali, ma sono disponibili a un prezzo di gran lunga pi\u00f9 modico. Pur essendo le cuffie base pi\u00f9 accessibili di Pioneer, soddisfano molti dei parametri definiti per la qualit\u00e0 e la funzionalit\u00e0 dalla gamma professionale. Scegli il modello HDJ-CUE1 per uno stile professionale, un suono ricco, un design compatto e flessibile nonch\u00e9 finiture di alta qualit\u00e0. Goditi la calibrazione di precisione del suono ereditata dal modello professionale HDJ-X5. Ascolta perfettamente le basse frequenze di bassi e grancassa, per eseguire mix precisi e sapere esattamente quello che sentiranno i tuoi amici quando introdurrai il brano successivo.<br \/>Caratteristiche<br \/>Tipo di cuffie: Chiusa, dinamica<br \/>Driver: 40mm a cupola<br \/>Cavo: Spiralato da 1,2m (lunghezza esteso 1,8m)<br \/>Peso (senza cavo): 215g<br \/>Potenza di ingresso (max): 2000mW<br \/>Sensibilit\u00e0: 104dB<br \/>Gamma di frequenza: 5Hz &#8211; 30kHz<br \/>Impedenza: 32 Ohm<\/p>\n","protected":false},"excerpt":{"rendered":"<p>CUFFIA PER DJ ROSSA Inizia il tuo viaggio nel mondo del DJing con le cuffie Pioneer HDJ-CUE1. Queste cuffie per DJ, dal grande stile, sono realizzate con il DNA dei modelli Pioneer professionali, ma sono disponibili a un prezzo di gran lunga pi\u00f9 modico. Pur essendo le cuffie base pi\u00f9 accessibili di Pioneer, soddisfano molti [&hellip;]<\/p>\n","protected":false},"featured_media":27585,"template":"","meta":{"site-sidebar-layout":"default","site-content-layout":"","ast-site-content-layout":"default","site-content-style":"default","site-sidebar-style":"default","ast-global-header-display":"","ast-banner-title-visibility":"","ast-main-header-display":"","ast-hfb-above-header-display":"","ast-hfb-below-header-display":"","ast-hfb-mobile-header-display":"","site-post-title":"","ast-breadcrumbs-content":"","ast-featured-img":"","footer-sml-layout":"","theme-transparent-header-meta":"","adv-header-id-meta":"","stick-header-meta":"","header-above-stick-meta":"","header-main-stick-meta":"","header-below-stick-meta":"","astra-migrate-meta-layouts":"default","ast-page-background-enabled":"default","ast-page-background-meta":{"desktop":{"background-color":"var(--ast-global-color-4)","background-image":"","background-repeat":"repeat","background-position":"center center","background-size":"auto","background-attachment":"scroll","background-type":"","background-media":"","overlay-type":"","overlay-color":"","overlay-opacity":"","overlay-gradient":""},"tablet":{"background-color":"","background-image":"","background-repeat":"repeat","background-position":"center center","background-size":"auto","background-attachment":"scroll","background-type":"","background-media":"","overlay-type":"","overlay-color":"","overlay-opacity":"","overlay-gradient":""},"mobile":{"background-color":"","background-image":"","background-repeat":"repeat","background-position":"center center","background-size":"auto","background-attachment":"scroll","background-type":"","background-media":"","overlay-type":"","overlay-color":"","overlay-opacity":"","overlay-gradient":""}},"ast-content-background-meta":{"desktop":{"background-color":"var(--ast-global-color-5)","background-image":"","background-repeat":"repeat","background-position":"center center","background-size":"auto","background-attachment":"scroll","background-type":"","background-media":"","overlay-type":"","overlay-color":"","overlay-opacity":"","overlay-gradient":""},"tablet":{"background-color":"var(--ast-global-color-5)","background-image":"","background-repeat":"repeat","background-position":"center center","background-size":"auto","background-attachment":"scroll","background-type":"","background-media":"","overlay-type":"","overlay-color":"","overlay-opacity":"","overlay-gradient":""},"mobile":{"background-color":"var(--ast-global-color-5)","background-image":"","background-repeat":"repeat","background-position":"center center","background-size":"auto","background-attachment":"scroll","background-type":"","background-media":"","overlay-type":"","overlay-color":"","overlay-opacity":"","overlay-gradient":""}}},"product_brand":[],"product_cat":[491],"product_tag":[],"class_list":{"0":"post-27584","1":"product","2":"type-product","3":"status-publish","4":"has-post-thumbnail","6":"product_cat-cuffie-dj","7":"desktop-align-left","8":"tablet-align-left","9":"mobile-align-left","11":"first","12":"instock","13":"taxable","14":"shipping-taxable","15":"purchasable","16":"product-type-simple"},"_links":{"self":[{"href":"https:\/\/gigionestrumentimusicali.it\/index.php\/wp-json\/wp\/v2\/product\/27584","targetHints":{"allow":["GET"]}}],"collection":[{"href":"https:\/\/gigionestrumentimusicali.it\/index.php\/wp-json\/wp\/v2\/product"}],"about":[{"href":"https:\/\/gigionestrumentimusicali.it\/index.php\/wp-json\/wp\/v2\/types\/product"}],"wp:featuredmedia":[{"embeddable":true,"href":"https:\/\/gigionestrumentimusicali.it\/index.php\/wp-json\/wp\/v2\/media\/27585"}],"wp:attachment":[{"href":"https:\/\/gigionestrumentimusicali.it\/index.php\/wp-json\/wp\/v2\/media?parent=27584"}],"wp:term":[{"taxonomy":"product_brand","embeddable":true,"href":"https:\/\/gigionestrumentimusicali.it\/index.php\/wp-json\/wp\/v2\/product_brand?post=27584"},{"taxonomy":"product_cat","embeddable":true,"href":"https:\/\/gigionestrumentimusicali.it\/index.php\/wp-json\/wp\/v2\/product_cat?post=27584"},{"taxonomy":"product_tag","embeddable":true,"href":"https:\/\/gigionestrumentimusicali.it\/index.php\/wp-json\/wp\/v2\/product_tag?post=27584"}],"curies":[{"name":"wp","href":"https:\/\/api.w.org\/{rel}","templated":true}]}}