{"id":27588,"date":"2026-01-04T08:47:01","date_gmt":"2026-01-04T08:47:01","guid":{"rendered":"https:\/\/gigionestrumentimusicali.it\/index.php\/product\/mesa-boogie-flux-drive-usato\/"},"modified":"2026-04-09T21:28:15","modified_gmt":"2026-04-09T21:28:15","slug":"mesa-boogie-flux-drive-usato","status":"publish","type":"product","link":"https:\/\/gigionestrumentimusicali.it\/index.php\/product\/mesa-boogie-flux-drive-usato\/","title":{"rendered":"MESA BOOGIE FLUX- DRIVE &#8211; USATO &#8211;"},"content":{"rendered":"<p>PRODOTTO USATO IN OTTIME CONDIZIONI  CON CONFEZIONE ORIGINALE PARI AL NUOVO<\/p>\n<p>Flux-Drive \u00e8 il pedale per coloro che desiderano pi\u00f9 del meglio da un overdrive. Ha un gain pi\u00f9 liquido ed un sustain migliorato che alimenta facilmente armoniche ricche che lo rendono incredibilmente avvincente e stimolante da suonare, sia in un canale pulito o, soprattutto, per migliorare un crunch o un canale con gain pi\u00f9 alto. Offre inoltre una gamma di regolazioni del suono pi\u00f9 completa con i controlli Treble e Bass indipendenti. Questa architettura rende il Flux-Drive un preamplificatore pi\u00f9 completo con una versatilit\u00e0 aggiuntiva superiore a quella della maggior parte dei pedali overdrive.<br \/>Caratteristiche<br \/>Progettato e realizzato a mano a Petaluma, California, USA<br \/>Switch On \/ Off True Bypass per garantire l&#8217;integrit\u00e0 tonale<br \/>Il Gain Control ti consente di regolare la quantit\u00e0 perfetta di overdrive, dinamica e di sustain<br \/>Il Master Level Control fornisce una gamma variabile di boost del segnale fino a +20dB<br \/>I controlli Bass e Treble forniscono +\/-12dB di boost o cut per un&#8217;eccezionale modellatura del suono<br \/>LED di stato On\/Off<br \/>Alimentazione a batteria da 9V o alimentazione esterna tramite alimentatore (opzionale)<br \/>Jack di ingresso e uscita (ingresso nominale -20dB)<\/p>\n","protected":false},"excerpt":{"rendered":"<p>PRODOTTO USATO IN OTTIME CONDIZIONI CON CONFEZIONE ORIGINALE PARI AL NUOVO Flux-Drive \u00e8 il pedale per coloro che desiderano pi\u00f9 del meglio da un overdrive. Ha un gain pi\u00f9 liquido ed un sustain migliorato che alimenta facilmente armoniche ricche che lo rendono incredibilmente avvincente e stimolante da suonare, sia in un canale pulito o, soprattutto, [&hellip;]<\/p>\n","protected":false},"featured_media":27593,"template":"","meta":{"site-sidebar-layout":"default","site-content-layout":"","ast-site-content-layout":"default","site-content-style":"default","site-sidebar-style":"default","ast-global-header-display":"","ast-banner-title-visibility":"","ast-main-header-display":"","ast-hfb-above-header-display":"","ast-hfb-below-header-display":"","ast-hfb-mobile-header-display":"","site-post-title":"","ast-breadcrumbs-content":"","ast-featured-img":"","footer-sml-layout":"","theme-transparent-header-meta":"","adv-header-id-meta":"","stick-header-meta":"","header-above-stick-meta":"","header-main-stick-meta":"","header-below-stick-meta":"","astra-migrate-meta-layouts":"default","ast-page-background-enabled":"default","ast-page-background-meta":{"desktop":{"background-color":"var(--ast-global-color-4)","background-image":"","background-repeat":"repeat","background-position":"center center","background-size":"auto","background-attachment":"scroll","background-type":"","background-media":"","overlay-type":"","overlay-color":"","overlay-opacity":"","overlay-gradient":""},"tablet":{"background-color":"","background-image":"","background-repeat":"repeat","background-position":"center center","background-size":"auto","background-attachment":"scroll","background-type":"","background-media":"","overlay-type":"","overlay-color":"","overlay-opacity":"","overlay-gradient":""},"mobile":{"background-color":"","background-image":"","background-repeat":"repeat","background-position":"center center","background-size":"auto","background-attachment":"scroll","background-type":"","background-media":"","overlay-type":"","overlay-color":"","overlay-opacity":"","overlay-gradient":""}},"ast-content-background-meta":{"desktop":{"background-color":"var(--ast-global-color-5)","background-image":"","background-repeat":"repeat","background-position":"center center","background-size":"auto","background-attachment":"scroll","background-type":"","background-media":"","overlay-type":"","overlay-color":"","overlay-opacity":"","overlay-gradient":""},"tablet":{"background-color":"var(--ast-global-color-5)","background-image":"","background-repeat":"repeat","background-position":"center center","background-size":"auto","background-attachment":"scroll","background-type":"","background-media":"","overlay-type":"","overlay-color":"","overlay-opacity":"","overlay-gradient":""},"mobile":{"background-color":"var(--ast-global-color-5)","background-image":"","background-repeat":"repeat","background-position":"center center","background-size":"auto","background-attachment":"scroll","background-type":"","background-media":"","overlay-type":"","overlay-color":"","overlay-opacity":"","overlay-gradient":""}}},"product_brand":[],"product_cat":[686],"product_tag":[],"class_list":{"0":"post-27588","1":"product","2":"type-product","3":"status-publish","4":"has-post-thumbnail","6":"product_cat-effetti-a-pedale-ex-demo-usato","7":"desktop-align-left","8":"tablet-align-left","9":"mobile-align-left","11":"first","12":"instock","13":"taxable","14":"shipping-taxable","15":"purchasable","16":"product-type-simple"},"_links":{"self":[{"href":"https:\/\/gigionestrumentimusicali.it\/index.php\/wp-json\/wp\/v2\/product\/27588","targetHints":{"allow":["GET"]}}],"collection":[{"href":"https:\/\/gigionestrumentimusicali.it\/index.php\/wp-json\/wp\/v2\/product"}],"about":[{"href":"https:\/\/gigionestrumentimusicali.it\/index.php\/wp-json\/wp\/v2\/types\/product"}],"wp:featuredmedia":[{"embeddable":true,"href":"https:\/\/gigionestrumentimusicali.it\/index.php\/wp-json\/wp\/v2\/media\/27593"}],"wp:attachment":[{"href":"https:\/\/gigionestrumentimusicali.it\/index.php\/wp-json\/wp\/v2\/media?parent=27588"}],"wp:term":[{"taxonomy":"product_brand","embeddable":true,"href":"https:\/\/gigionestrumentimusicali.it\/index.php\/wp-json\/wp\/v2\/product_brand?post=27588"},{"taxonomy":"product_cat","embeddable":true,"href":"https:\/\/gigionestrumentimusicali.it\/index.php\/wp-json\/wp\/v2\/product_cat?post=27588"},{"taxonomy":"product_tag","embeddable":true,"href":"https:\/\/gigionestrumentimusicali.it\/index.php\/wp-json\/wp\/v2\/product_tag?post=27588"}],"curies":[{"name":"wp","href":"https:\/\/api.w.org\/{rel}","templated":true}]}}