{"id":27649,"date":"2026-01-16T08:27:16","date_gmt":"2026-01-16T08:27:16","guid":{"rendered":"https:\/\/gigionestrumentimusicali.it\/index.php\/product\/nux-mg-300-pedaliera-multieffetto-con-tecnologia-modeler-per-chitarra\/"},"modified":"2026-04-08T20:18:40","modified_gmt":"2026-04-08T20:18:40","slug":"nux-mg-300-pedaliera-multieffetto-con-tecnologia-modeler-per-chitarra","status":"publish","type":"product","link":"https:\/\/gigionestrumentimusicali.it\/index.php\/product\/nux-mg-300-pedaliera-multieffetto-con-tecnologia-modeler-per-chitarra\/","title":{"rendered":"NUX MG-300 &#8211; PEDALIERA MULTIEFFETTO CON TECNOLOGIA MODELER PER CHITARRA &#8211;"},"content":{"rendered":"<p>Il multieffetto sul mercato col pi\u00f9 alto valore: compatto, leggero, potente e soprattutto realistico. NUX ha lavorato sodo per darti il massimo senza prosciugarti il conto: con MG-300 c&#8217;\u00e8 riuscita in pieno. Nel 2010 NUX ha introdotto TSAC (True Simulation for Analog Circuit) con la sola intenzione di portare l&#8217;Amp Modeling ad un livello completamente nuovo. Il settore dei DSP si \u00e8 evoluto con una velocit\u00e0 vertiginosa, e tenere il passo pu\u00f2 essere una sfida. Nux \u00e8 rimasta colpita dal fatto che un prodotto come il Fractal AX-FX avesse la lungimiranza di utilizzare un algoritmo TSAC (white-box) ad alta definizione per usare il suo Amp Modeling. Quindi Nux ha preso nota ed ha avviato lo sviluppo di un modellatore accessibile con TSAC-HD. Il concetto di &#8220;Chaos makes the muse&#8221; si applica perfettamente al circuito analogico. Quando si regola una manopola, questa influisce su se stessa e su altri parametri. Per un sistema digitale lineare, il parametro \u00e8 indipendente. L&#8217;algoritmo white-box offre un feedback negativo reale, incremento-per-incremento. NUX TSAC-HD replica la stessa suonabilit\u00e0 che la maggior parte dei chitarristi preferisce in un vero amplificatore valvolare. Costruire un prodotto dal prezzo altissimo \u00e8 facile. L&#8217;arte di costruire un prodotto accessibile \u00e8 una vera sfida.<\/p>\n<p>Caratteristiche<br \/>Ricrea con grande fedelt\u00e0 il suono dei pi\u00f9 famosi distorsori e overdrive<br \/>Amp modeling con tecnologia NUX TSAC-HD che replica la suonabilit\u00e0 di un vero valvolare<br \/>IR loader + IR di terze parti editabili<br \/>FX di alta qualit\u00e0 con Core Image Technology (modulation, delay, reverb)<br \/>Drum machine e looper integrati (56 ritmi e loop da 60 secondi)<br \/>Quick Tone editor softwarev<br \/>Pedale di espressione integrato (Volume\/FX)<br \/>USB Audio Stream per usare l&#8217;unit\u00e0 come interfaccia audio senza setup<\/p>\n","protected":false},"excerpt":{"rendered":"<p>Il multieffetto sul mercato col pi\u00f9 alto valore: compatto, leggero, potente e soprattutto realistico. NUX ha lavorato sodo per darti il massimo senza prosciugarti il conto: con MG-300 c&#8217;\u00e8 riuscita in pieno. Nel 2010 NUX ha introdotto TSAC (True Simulation for Analog Circuit) con la sola intenzione di portare l&#8217;Amp Modeling ad un livello completamente [&hellip;]<\/p>\n","protected":false},"featured_media":27650,"template":"","meta":{"site-sidebar-layout":"default","site-content-layout":"","ast-site-content-layout":"default","site-content-style":"default","site-sidebar-style":"default","ast-global-header-display":"","ast-banner-title-visibility":"","ast-main-header-display":"","ast-hfb-above-header-display":"","ast-hfb-below-header-display":"","ast-hfb-mobile-header-display":"","site-post-title":"","ast-breadcrumbs-content":"","ast-featured-img":"","footer-sml-layout":"","theme-transparent-header-meta":"","adv-header-id-meta":"","stick-header-meta":"","header-above-stick-meta":"","header-main-stick-meta":"","header-below-stick-meta":"","astra-migrate-meta-layouts":"default","ast-page-background-enabled":"default","ast-page-background-meta":{"desktop":{"background-color":"var(--ast-global-color-4)","background-image":"","background-repeat":"repeat","background-position":"center center","background-size":"auto","background-attachment":"scroll","background-type":"","background-media":"","overlay-type":"","overlay-color":"","overlay-opacity":"","overlay-gradient":""},"tablet":{"background-color":"","background-image":"","background-repeat":"repeat","background-position":"center center","background-size":"auto","background-attachment":"scroll","background-type":"","background-media":"","overlay-type":"","overlay-color":"","overlay-opacity":"","overlay-gradient":""},"mobile":{"background-color":"","background-image":"","background-repeat":"repeat","background-position":"center center","background-size":"auto","background-attachment":"scroll","background-type":"","background-media":"","overlay-type":"","overlay-color":"","overlay-opacity":"","overlay-gradient":""}},"ast-content-background-meta":{"desktop":{"background-color":"var(--ast-global-color-5)","background-image":"","background-repeat":"repeat","background-position":"center center","background-size":"auto","background-attachment":"scroll","background-type":"","background-media":"","overlay-type":"","overlay-color":"","overlay-opacity":"","overlay-gradient":""},"tablet":{"background-color":"var(--ast-global-color-5)","background-image":"","background-repeat":"repeat","background-position":"center center","background-size":"auto","background-attachment":"scroll","background-type":"","background-media":"","overlay-type":"","overlay-color":"","overlay-opacity":"","overlay-gradient":""},"mobile":{"background-color":"var(--ast-global-color-5)","background-image":"","background-repeat":"repeat","background-position":"center center","background-size":"auto","background-attachment":"scroll","background-type":"","background-media":"","overlay-type":"","overlay-color":"","overlay-opacity":"","overlay-gradient":""}}},"product_brand":[],"product_cat":[457],"product_tag":[],"class_list":{"0":"post-27649","1":"product","2":"type-product","3":"status-publish","4":"has-post-thumbnail","6":"product_cat-multieffetto-per-chitarra","7":"desktop-align-left","8":"tablet-align-left","9":"mobile-align-left","11":"first","12":"instock","13":"taxable","14":"shipping-taxable","15":"purchasable","16":"product-type-simple"},"_links":{"self":[{"href":"https:\/\/gigionestrumentimusicali.it\/index.php\/wp-json\/wp\/v2\/product\/27649","targetHints":{"allow":["GET"]}}],"collection":[{"href":"https:\/\/gigionestrumentimusicali.it\/index.php\/wp-json\/wp\/v2\/product"}],"about":[{"href":"https:\/\/gigionestrumentimusicali.it\/index.php\/wp-json\/wp\/v2\/types\/product"}],"wp:featuredmedia":[{"embeddable":true,"href":"https:\/\/gigionestrumentimusicali.it\/index.php\/wp-json\/wp\/v2\/media\/27650"}],"wp:attachment":[{"href":"https:\/\/gigionestrumentimusicali.it\/index.php\/wp-json\/wp\/v2\/media?parent=27649"}],"wp:term":[{"taxonomy":"product_brand","embeddable":true,"href":"https:\/\/gigionestrumentimusicali.it\/index.php\/wp-json\/wp\/v2\/product_brand?post=27649"},{"taxonomy":"product_cat","embeddable":true,"href":"https:\/\/gigionestrumentimusicali.it\/index.php\/wp-json\/wp\/v2\/product_cat?post=27649"},{"taxonomy":"product_tag","embeddable":true,"href":"https:\/\/gigionestrumentimusicali.it\/index.php\/wp-json\/wp\/v2\/product_tag?post=27649"}],"curies":[{"name":"wp","href":"https:\/\/api.w.org\/{rel}","templated":true}]}}