{"id":27675,"date":"2026-01-23T09:09:27","date_gmt":"2026-01-23T09:09:27","guid":{"rendered":"https:\/\/gigionestrumentimusicali.it\/index.php\/product\/fender-squier-mini-precision-bass-dakota-red-3-4\/"},"modified":"2026-04-04T20:39:44","modified_gmt":"2026-04-04T20:39:44","slug":"fender-squier-mini-precision-bass-dakota-red-3-4","status":"publish","type":"product","link":"https:\/\/gigionestrumentimusicali.it\/index.php\/product\/fender-squier-mini-precision-bass-dakota-red-3-4\/","title":{"rendered":"FENDER SQUIER MINI PRECISION BASS DAKOTA RED 3\/4"},"content":{"rendered":"<p>Lo Squier Mini Precision Bass \u00e8 una versione da 3\/4 (lunghezza scala di 28.6&#8243;) del basso P full-size. E&#8217; un basso da viaggio ideale per musicisti di tutte le et\u00e0 e un ottimo primo basso per i principianti pi\u00f9 giovani o quelli con mani pi\u00f9 piccole. E&#8217; dotato di un pickup P Bass single coil single split controllato tramite volume e manopole di tono per un suono classico e martellante. Un ponte in stile vintage a 4 selle garantisce una grande intonazione e stabilit\u00e0 dell&#8217;accordatura.<\/p>\n<p>Caratteristiche<br \/>Body: Pioppo<br \/>Finitura: Poliuretano lucido<br \/>Formato: Mini Precision Bass<br \/>Manico: Acero<br \/>Finitura: Uretano satinato<br \/>Profilo: Forma a &#8220;C&#8221;<br \/>Scala: 28.6&#8243; (726mm)<br \/>Tastiera: Alloro<br \/>Raggio: 9.5 &#8220;(241mm)<br \/>Tasti: 20, Narrow Tall<br \/>Capotasto: Osso sintetico<br \/>Larghezza: 1.60&#8243; (40,6mm)<br \/>Intarsi: Dot perlati<br \/>Truss Rod: Head Adjust<br \/>Pickup al manico: Split Single-Coil Precision Bass<br \/>Controlli: Volume, Tono<br \/>Ponte: 4 Selle stile vintage<br \/>Hardware: Cromato<br \/>Meccaniche: Die-Cast Sealed<br \/>Battipenna: 1 Strato bianco<br \/>Manopole: Zigrinate Flat-Top<br \/>Lunghezza totale: 102cm<br \/>Peso: 3,78kg<br \/>N.B. Custodia NON inclusa<\/p>\n","protected":false},"excerpt":{"rendered":"<p>Lo Squier Mini Precision Bass \u00e8 una versione da 3\/4 (lunghezza scala di 28.6&#8243;) del basso P full-size. E&#8217; un basso da viaggio ideale per musicisti di tutte le et\u00e0 e un ottimo primo basso per i principianti pi\u00f9 giovani o quelli con mani pi\u00f9 piccole. E&#8217; dotato di un pickup P Bass single coil [&hellip;]<\/p>\n","protected":false},"featured_media":27679,"template":"","meta":{"site-sidebar-layout":"default","site-content-layout":"","ast-site-content-layout":"default","site-content-style":"default","site-sidebar-style":"default","ast-global-header-display":"","ast-banner-title-visibility":"","ast-main-header-display":"","ast-hfb-above-header-display":"","ast-hfb-below-header-display":"","ast-hfb-mobile-header-display":"","site-post-title":"","ast-breadcrumbs-content":"","ast-featured-img":"","footer-sml-layout":"","theme-transparent-header-meta":"","adv-header-id-meta":"","stick-header-meta":"","header-above-stick-meta":"","header-main-stick-meta":"","header-below-stick-meta":"","astra-migrate-meta-layouts":"default","ast-page-background-enabled":"default","ast-page-background-meta":{"desktop":{"background-color":"var(--ast-global-color-4)","background-image":"","background-repeat":"repeat","background-position":"center center","background-size":"auto","background-attachment":"scroll","background-type":"","background-media":"","overlay-type":"","overlay-color":"","overlay-opacity":"","overlay-gradient":""},"tablet":{"background-color":"","background-image":"","background-repeat":"repeat","background-position":"center center","background-size":"auto","background-attachment":"scroll","background-type":"","background-media":"","overlay-type":"","overlay-color":"","overlay-opacity":"","overlay-gradient":""},"mobile":{"background-color":"","background-image":"","background-repeat":"repeat","background-position":"center center","background-size":"auto","background-attachment":"scroll","background-type":"","background-media":"","overlay-type":"","overlay-color":"","overlay-opacity":"","overlay-gradient":""}},"ast-content-background-meta":{"desktop":{"background-color":"var(--ast-global-color-5)","background-image":"","background-repeat":"repeat","background-position":"center center","background-size":"auto","background-attachment":"scroll","background-type":"","background-media":"","overlay-type":"","overlay-color":"","overlay-opacity":"","overlay-gradient":""},"tablet":{"background-color":"var(--ast-global-color-5)","background-image":"","background-repeat":"repeat","background-position":"center center","background-size":"auto","background-attachment":"scroll","background-type":"","background-media":"","overlay-type":"","overlay-color":"","overlay-opacity":"","overlay-gradient":""},"mobile":{"background-color":"var(--ast-global-color-5)","background-image":"","background-repeat":"repeat","background-position":"center center","background-size":"auto","background-attachment":"scroll","background-type":"","background-media":"","overlay-type":"","overlay-color":"","overlay-opacity":"","overlay-gradient":""}}},"product_brand":[],"product_cat":[161],"product_tag":[],"class_list":{"0":"post-27675","1":"product","2":"type-product","3":"status-publish","4":"has-post-thumbnail","6":"product_cat-bassi-elettrici-a-4-corde","7":"desktop-align-left","8":"tablet-align-left","9":"mobile-align-left","11":"first","12":"instock","13":"taxable","14":"shipping-taxable","15":"purchasable","16":"product-type-simple"},"_links":{"self":[{"href":"https:\/\/gigionestrumentimusicali.it\/index.php\/wp-json\/wp\/v2\/product\/27675","targetHints":{"allow":["GET"]}}],"collection":[{"href":"https:\/\/gigionestrumentimusicali.it\/index.php\/wp-json\/wp\/v2\/product"}],"about":[{"href":"https:\/\/gigionestrumentimusicali.it\/index.php\/wp-json\/wp\/v2\/types\/product"}],"wp:featuredmedia":[{"embeddable":true,"href":"https:\/\/gigionestrumentimusicali.it\/index.php\/wp-json\/wp\/v2\/media\/27679"}],"wp:attachment":[{"href":"https:\/\/gigionestrumentimusicali.it\/index.php\/wp-json\/wp\/v2\/media?parent=27675"}],"wp:term":[{"taxonomy":"product_brand","embeddable":true,"href":"https:\/\/gigionestrumentimusicali.it\/index.php\/wp-json\/wp\/v2\/product_brand?post=27675"},{"taxonomy":"product_cat","embeddable":true,"href":"https:\/\/gigionestrumentimusicali.it\/index.php\/wp-json\/wp\/v2\/product_cat?post=27675"},{"taxonomy":"product_tag","embeddable":true,"href":"https:\/\/gigionestrumentimusicali.it\/index.php\/wp-json\/wp\/v2\/product_tag?post=27675"}],"curies":[{"name":"wp","href":"https:\/\/api.w.org\/{rel}","templated":true}]}}