{"id":27743,"date":"2026-01-30T15:54:47","date_gmt":"2026-01-30T15:54:47","guid":{"rendered":"https:\/\/gigionestrumentimusicali.it\/index.php\/product\/fender-lvl12-engine-room-power-supply-alimentatore-per-pedaliera-effetti\/"},"modified":"2026-04-04T22:06:56","modified_gmt":"2026-04-04T22:06:56","slug":"fender-lvl12-engine-room-power-supply-alimentatore-per-pedaliera-effetti","status":"publish","type":"product","link":"https:\/\/gigionestrumentimusicali.it\/index.php\/product\/fender-lvl12-engine-room-power-supply-alimentatore-per-pedaliera-effetti\/","title":{"rendered":"FENDER LVL12 ENGINE ROOM POWER SUPPLY ALIMENTATORE PER PEDALIERA EFFETTI"},"content":{"rendered":"<p>Progettata per soddisfare tutte le esigenze della tua pedaliera, l&#8217;Engine Room LVL 12 \u00e8 pronta per essere consegnata. Dotata di dodici prese di alimentazione isolate, 10 sono in grado di fornire 9V CC a 500mA mentre 2 prese aggiuntive forniscono tensione selezionabile (9V \/ 12V \/ 18V) tramite uno switch a 3 vie o uno switch a scorrimento. Una presa IEC di cortesia sul retro consente di aggiungere un&#8217;ulteriore Engine Room LVL5, LVL8 o persino LVL12 per i rig pi\u00f9 grandi.<br \/>L&#8217;alimentatore dell&#8217;Engine Room \u00e8 stato progettato dal team interno di esperti Fender nel sud della California. Il telaio \u00e8 realizzato in alluminio anodizzato leggero e resistente e il suo aspetto elegante ed a basso profilo \u00e8 progettato per ospitare la maggior parte delle pedaliere. Testato su strada e pronto per l&#8217;uso dal vivo o in studio, l&#8217;alimentatore per l&#8217;Engine Room \u00e8 progettato per potenziare le tue prestazioni.<\/p>\n<p>Caratteristiche<br \/>12 Uscite isolate &#8211; 10 prese 9V CC a 500mA e 2 prese con tensione selezionabile (9V\/12V\/18V)<br \/>Tensione di ingresso di rete globale (100-240V CA) 50\/60Hz per l&#8217;utilizzo in qualsiasi parte del mondo<br \/>Connettore di rete IEC standard<br \/>Dimensioni: 282 x 90 x 42mm<br \/>Uscita 5V USB-A e USBC per caricare dispositivi smart<br \/>Cavi inclusi<br \/>Connettore cilindrico da 6 x 2,1mm, lunghezza 24&#8243; (60cm)<br \/>Connettore cilindrico 4x 2,1mm, lunghezza 18&#8243; (45cm)<br \/>Connettore cilindrico 2x 2,1mm, lunghezza 12&#8243; (30cm)<br \/>1x Connettore cilindrico 2,5mm &#8211; 2,1mm (45cm)<br \/>1x Connettore con polarit\u00e0 inversa da 2,5mm a 2,1mm (45cm)<br \/>1x TS 3,5mm &#8211; cilindrico da 2,1mm (45cm)<br \/>1x Clip per batteria da 9V a cilindrico da 2,1mm (45cm)<br \/>1x Cavo IEC daisy-chain (da maschio a femmina)<\/p>\n","protected":false},"excerpt":{"rendered":"<p>Progettata per soddisfare tutte le esigenze della tua pedaliera, l&#8217;Engine Room LVL 12 \u00e8 pronta per essere consegnata. Dotata di dodici prese di alimentazione isolate, 10 sono in grado di fornire 9V CC a 500mA mentre 2 prese aggiuntive forniscono tensione selezionabile (9V \/ 12V \/ 18V) tramite uno switch a 3 vie o uno [&hellip;]<\/p>\n","protected":false},"featured_media":27894,"template":"","meta":{"site-sidebar-layout":"default","site-content-layout":"","ast-site-content-layout":"default","site-content-style":"default","site-sidebar-style":"default","ast-global-header-display":"","ast-banner-title-visibility":"","ast-main-header-display":"","ast-hfb-above-header-display":"","ast-hfb-below-header-display":"","ast-hfb-mobile-header-display":"","site-post-title":"","ast-breadcrumbs-content":"","ast-featured-img":"","footer-sml-layout":"","theme-transparent-header-meta":"","adv-header-id-meta":"","stick-header-meta":"","header-above-stick-meta":"","header-main-stick-meta":"","header-below-stick-meta":"","astra-migrate-meta-layouts":"default","ast-page-background-enabled":"default","ast-page-background-meta":{"desktop":{"background-color":"var(--ast-global-color-4)","background-image":"","background-repeat":"repeat","background-position":"center center","background-size":"auto","background-attachment":"scroll","background-type":"","background-media":"","overlay-type":"","overlay-color":"","overlay-opacity":"","overlay-gradient":""},"tablet":{"background-color":"","background-image":"","background-repeat":"repeat","background-position":"center center","background-size":"auto","background-attachment":"scroll","background-type":"","background-media":"","overlay-type":"","overlay-color":"","overlay-opacity":"","overlay-gradient":""},"mobile":{"background-color":"","background-image":"","background-repeat":"repeat","background-position":"center center","background-size":"auto","background-attachment":"scroll","background-type":"","background-media":"","overlay-type":"","overlay-color":"","overlay-opacity":"","overlay-gradient":""}},"ast-content-background-meta":{"desktop":{"background-color":"var(--ast-global-color-5)","background-image":"","background-repeat":"repeat","background-position":"center center","background-size":"auto","background-attachment":"scroll","background-type":"","background-media":"","overlay-type":"","overlay-color":"","overlay-opacity":"","overlay-gradient":""},"tablet":{"background-color":"var(--ast-global-color-5)","background-image":"","background-repeat":"repeat","background-position":"center center","background-size":"auto","background-attachment":"scroll","background-type":"","background-media":"","overlay-type":"","overlay-color":"","overlay-opacity":"","overlay-gradient":""},"mobile":{"background-color":"var(--ast-global-color-5)","background-image":"","background-repeat":"repeat","background-position":"center center","background-size":"auto","background-attachment":"scroll","background-type":"","background-media":"","overlay-type":"","overlay-color":"","overlay-opacity":"","overlay-gradient":""}}},"product_brand":[],"product_cat":[419],"product_tag":[],"class_list":{"0":"post-27743","1":"product","2":"type-product","3":"status-publish","4":"has-post-thumbnail","6":"product_cat-alimentatori-per-effetti-effetti-a-pedale-per-chitarre","7":"desktop-align-left","8":"tablet-align-left","9":"mobile-align-left","11":"first","12":"instock","13":"taxable","14":"shipping-taxable","15":"purchasable","16":"product-type-simple"},"_links":{"self":[{"href":"https:\/\/gigionestrumentimusicali.it\/index.php\/wp-json\/wp\/v2\/product\/27743","targetHints":{"allow":["GET"]}}],"collection":[{"href":"https:\/\/gigionestrumentimusicali.it\/index.php\/wp-json\/wp\/v2\/product"}],"about":[{"href":"https:\/\/gigionestrumentimusicali.it\/index.php\/wp-json\/wp\/v2\/types\/product"}],"wp:featuredmedia":[{"embeddable":true,"href":"https:\/\/gigionestrumentimusicali.it\/index.php\/wp-json\/wp\/v2\/media\/27894"}],"wp:attachment":[{"href":"https:\/\/gigionestrumentimusicali.it\/index.php\/wp-json\/wp\/v2\/media?parent=27743"}],"wp:term":[{"taxonomy":"product_brand","embeddable":true,"href":"https:\/\/gigionestrumentimusicali.it\/index.php\/wp-json\/wp\/v2\/product_brand?post=27743"},{"taxonomy":"product_cat","embeddable":true,"href":"https:\/\/gigionestrumentimusicali.it\/index.php\/wp-json\/wp\/v2\/product_cat?post=27743"},{"taxonomy":"product_tag","embeddable":true,"href":"https:\/\/gigionestrumentimusicali.it\/index.php\/wp-json\/wp\/v2\/product_tag?post=27743"}],"curies":[{"name":"wp","href":"https:\/\/api.w.org\/{rel}","templated":true}]}}