{"id":27762,"date":"2026-02-06T08:59:52","date_gmt":"2026-02-06T08:59:52","guid":{"rendered":"https:\/\/gigionestrumentimusicali.it\/index.php\/product\/strymon-olivera-delay\/"},"modified":"2026-04-17T23:42:06","modified_gmt":"2026-04-17T23:42:06","slug":"strymon-olivera-delay","status":"publish","type":"product","link":"https:\/\/gigionestrumentimusicali.it\/index.php\/product\/strymon-olivera-delay\/","title":{"rendered":"STRYMON OLIVERA DELAY"},"content":{"rendered":"<p>I primi echi di lattina d&#8217;olio furono realizzati dalla societ\u00e0 Tel-Rey nel 1959, ottenendo le ripetizioni caricando una carica statica su un piccolo disco rotante all&#8217;interno di una lattina, utilizzando l&#8217;olio come dielettrico lubrificante. Questo approccio innovativo produce suoni molto diversi da quelli che si sentirebbero da un registratore a nastro, e i risultati trasportano immediatamente l&#8217;ascoltatore in un luogo pi\u00f9 oscuro e torbido, che trasuda vibrazioni. L&#8217;enorme numero di variabili nel design ha reso l&#8217;emulazione autentica una sfida, richiedendo un&#8217;enorme quantit\u00e0 di ricerca e un algoritmo completamente nuovo per raggiungere il realismo che ci eravamo prefissati. Siamo certi che Olivera catturi la vera anima delle unit\u00e0 originali, dalle ripetizioni scure con caratteristiche ritmiche e di decadimento uniche alla modulazione densa e irreale che cambia e si trasforma con l&#8217;audio. Nessun altro tipo di delay pu\u00f2 fare ci\u00f2 che fa un olio, e nessun&#8217;altra emulazione di pedale si avvicina a Olivera. Olivera offre una serie di potenti funzionalit\u00e0 che semplificano l&#8217;integrazione di questi suoni nostalgici nel tuo impianto moderno: funzionamento stereo discreto per l&#8217;elaborazione indipendente degli ingressi stereo sinistro e destro. Un set di controlli semplificato, pedale di espressione e funzionalit\u00e0 Multiswitch. Delay spillover per preservare le ripetizioni quando il pedale \u00e8 spento. Preamplificatore di ingresso stereo JFET discreto in Classe A per un&#8217;eccezionale sensibilit\u00e0 al tocco e una risposta in frequenza ideale. Controllo MIDI del richiamo delle patch e dei dati del controller continui. Componenti di alta qualit\u00e0, struttura robusta e resistente agli urti e una presa USB per eseguire aggiornamenti del firmware o controllare il pedale dal computer.<\/p>\n<p>Emulazione fedele all&#8217;originale del classico Oil Can Echo per echo scuri e modulati con movimento organico<br \/>Uno speciale algoritmo riproduce il design della rotazione dell&#8217;olio dielettrico<br \/>Elaborazione stereo indipendente<br \/>Controlli: Mix, Time, Regen, Intensity, Rate<br \/>Selettore Heads: Long \/ Short \/ Both<br \/>Modalit\u00e0 I\/O: Mono \/ Mono to Stereo \/ Stereo<br \/>True bypass\/buffered bypass commutabile<br \/>LED di stato: acceso<br \/>Footswitch: bypass<br \/>Ingresso mono\/stereo: jack stereo da 6,3 mm<br \/>Uscita mono\/stereo: jack stereo da 6,3 mm<br \/>EXP\/MIDI: jack stereo da 6,3 mm<br \/>Porta USB<br \/>Collegamento per l&#8217;alimentatore: presa a spina cava da 5,5 x 2,1 mm e polo negativo interno<br \/>Assorbimento di corrente: 250 mA<br \/>Funziona con alimentatore da 9 V DC (alimentatore consigliato: art. 409939 &#8211; non incluso, acquistabile separatamente)<br \/>Dimensioni (L x P x A): 43 x 114 x 56 mm<\/p>\n","protected":false},"excerpt":{"rendered":"<p>I primi echi di lattina d&#8217;olio furono realizzati dalla societ\u00e0 Tel-Rey nel 1959, ottenendo le ripetizioni caricando una carica statica su un piccolo disco rotante all&#8217;interno di una lattina, utilizzando l&#8217;olio come dielettrico lubrificante. Questo approccio innovativo produce suoni molto diversi da quelli che si sentirebbero da un registratore a nastro, e i risultati trasportano [&hellip;]<\/p>\n","protected":false},"featured_media":27763,"template":"","meta":{"site-sidebar-layout":"default","site-content-layout":"","ast-site-content-layout":"default","site-content-style":"default","site-sidebar-style":"default","ast-global-header-display":"","ast-banner-title-visibility":"","ast-main-header-display":"","ast-hfb-above-header-display":"","ast-hfb-below-header-display":"","ast-hfb-mobile-header-display":"","site-post-title":"","ast-breadcrumbs-content":"","ast-featured-img":"","footer-sml-layout":"","theme-transparent-header-meta":"","adv-header-id-meta":"","stick-header-meta":"","header-above-stick-meta":"","header-main-stick-meta":"","header-below-stick-meta":"","astra-migrate-meta-layouts":"default","ast-page-background-enabled":"default","ast-page-background-meta":{"desktop":{"background-color":"var(--ast-global-color-4)","background-image":"","background-repeat":"repeat","background-position":"center center","background-size":"auto","background-attachment":"scroll","background-type":"","background-media":"","overlay-type":"","overlay-color":"","overlay-opacity":"","overlay-gradient":""},"tablet":{"background-color":"","background-image":"","background-repeat":"repeat","background-position":"center center","background-size":"auto","background-attachment":"scroll","background-type":"","background-media":"","overlay-type":"","overlay-color":"","overlay-opacity":"","overlay-gradient":""},"mobile":{"background-color":"","background-image":"","background-repeat":"repeat","background-position":"center center","background-size":"auto","background-attachment":"scroll","background-type":"","background-media":"","overlay-type":"","overlay-color":"","overlay-opacity":"","overlay-gradient":""}},"ast-content-background-meta":{"desktop":{"background-color":"var(--ast-global-color-5)","background-image":"","background-repeat":"repeat","background-position":"center center","background-size":"auto","background-attachment":"scroll","background-type":"","background-media":"","overlay-type":"","overlay-color":"","overlay-opacity":"","overlay-gradient":""},"tablet":{"background-color":"var(--ast-global-color-5)","background-image":"","background-repeat":"repeat","background-position":"center center","background-size":"auto","background-attachment":"scroll","background-type":"","background-media":"","overlay-type":"","overlay-color":"","overlay-opacity":"","overlay-gradient":""},"mobile":{"background-color":"var(--ast-global-color-5)","background-image":"","background-repeat":"repeat","background-position":"center center","background-size":"auto","background-attachment":"scroll","background-type":"","background-media":"","overlay-type":"","overlay-color":"","overlay-opacity":"","overlay-gradient":""}}},"product_brand":[],"product_cat":[427],"product_tag":[],"class_list":{"0":"post-27762","1":"product","2":"type-product","3":"status-publish","4":"has-post-thumbnail","6":"product_cat-delays-echo-effetti-a-pedale-per-chitarre","7":"desktop-align-left","8":"tablet-align-left","9":"mobile-align-left","11":"first","12":"outofstock","13":"taxable","14":"shipping-taxable","15":"purchasable","16":"product-type-simple"},"_links":{"self":[{"href":"https:\/\/gigionestrumentimusicali.it\/index.php\/wp-json\/wp\/v2\/product\/27762","targetHints":{"allow":["GET"]}}],"collection":[{"href":"https:\/\/gigionestrumentimusicali.it\/index.php\/wp-json\/wp\/v2\/product"}],"about":[{"href":"https:\/\/gigionestrumentimusicali.it\/index.php\/wp-json\/wp\/v2\/types\/product"}],"wp:featuredmedia":[{"embeddable":true,"href":"https:\/\/gigionestrumentimusicali.it\/index.php\/wp-json\/wp\/v2\/media\/27763"}],"wp:attachment":[{"href":"https:\/\/gigionestrumentimusicali.it\/index.php\/wp-json\/wp\/v2\/media?parent=27762"}],"wp:term":[{"taxonomy":"product_brand","embeddable":true,"href":"https:\/\/gigionestrumentimusicali.it\/index.php\/wp-json\/wp\/v2\/product_brand?post=27762"},{"taxonomy":"product_cat","embeddable":true,"href":"https:\/\/gigionestrumentimusicali.it\/index.php\/wp-json\/wp\/v2\/product_cat?post=27762"},{"taxonomy":"product_tag","embeddable":true,"href":"https:\/\/gigionestrumentimusicali.it\/index.php\/wp-json\/wp\/v2\/product_tag?post=27762"}],"curies":[{"name":"wp","href":"https:\/\/api.w.org\/{rel}","templated":true}]}}