{"id":27830,"date":"2026-02-06T09:42:51","date_gmt":"2026-02-06T09:42:51","guid":{"rendered":"https:\/\/gigionestrumentimusicali.it\/index.php\/product\/fazley-sunset-series-tempest-90-shell-pink-with-gig-bag\/"},"modified":"2026-04-18T21:38:59","modified_gmt":"2026-04-18T21:38:59","slug":"fazley-sunset-series-tempest-90-shell-pink-with-gig-bag","status":"publish","type":"product","link":"https:\/\/gigionestrumentimusicali.it\/index.php\/product\/fazley-sunset-series-tempest-90-shell-pink-with-gig-bag\/","title":{"rendered":"FAZLEY SUNSET SERIES TEMPEST 90 SHELL PINK WITH GIG BAG"},"content":{"rendered":"<p>STRUMENTO IN OTTIME CONDIZIONI PARI AL NUOVO &#8211; NO CARTONE &#8211;<\/p>\n<p>Parte della serie Fazley Sunset, la chitarra elettrica Tempest 90 fonde lo stile contemporaneo con la sorprendente ricchezza di suono di un pickup P90 nella posizione del manico, da cui &#8220;90&#8221;. Il risultato \u00e8 un modello in stile &#8220;T&#8221; con un suono forte e un twang tradizionale, per non parlare del fatto che \u00e8 un modello adatto sia ai chitarristi pi\u00f9 giovani che a quelli pi\u00f9 esperti. La custodia \u00e8 inclusa!<\/p>\n<p>La Sunset Series Tempest 90: un&#8217;esperienza di gioco affidabile<br \/>Unico nel suo genere per una chitarra di questo prezzo, il manico \u00e8 stato realizzato con acero torrefatto: un acero appositamente essiccato, pi\u00f9 duro e stabile. Questo, unito alla finitura satinata, ai ventidue tasti medium jumbo e al moderno profilo a C del manico, conferisce un elevato comfort di esecuzione, ulteriormente migliorato dal taglio obliquo-contenuto nel corpo in tiglio, che facilita l&#8217;accesso ai tasti pi\u00f9 alti per sostenere assoli veloci.<\/p>\n","protected":false},"excerpt":{"rendered":"<p>STRUMENTO IN OTTIME CONDIZIONI PARI AL NUOVO &#8211; NO CARTONE &#8211; Parte della serie Fazley Sunset, la chitarra elettrica Tempest 90 fonde lo stile contemporaneo con la sorprendente ricchezza di suono di un pickup P90 nella posizione del manico, da cui &#8220;90&#8221;. Il risultato \u00e8 un modello in stile &#8220;T&#8221; con un suono forte e [&hellip;]<\/p>\n","protected":false},"featured_media":27831,"template":"","meta":{"site-sidebar-layout":"default","site-content-layout":"","ast-site-content-layout":"default","site-content-style":"default","site-sidebar-style":"default","ast-global-header-display":"","ast-banner-title-visibility":"","ast-main-header-display":"","ast-hfb-above-header-display":"","ast-hfb-below-header-display":"","ast-hfb-mobile-header-display":"","site-post-title":"","ast-breadcrumbs-content":"","ast-featured-img":"","footer-sml-layout":"","theme-transparent-header-meta":"","adv-header-id-meta":"","stick-header-meta":"","header-above-stick-meta":"","header-main-stick-meta":"","header-below-stick-meta":"","astra-migrate-meta-layouts":"default","ast-page-background-enabled":"default","ast-page-background-meta":{"desktop":{"background-color":"var(--ast-global-color-4)","background-image":"","background-repeat":"repeat","background-position":"center center","background-size":"auto","background-attachment":"scroll","background-type":"","background-media":"","overlay-type":"","overlay-color":"","overlay-opacity":"","overlay-gradient":""},"tablet":{"background-color":"","background-image":"","background-repeat":"repeat","background-position":"center center","background-size":"auto","background-attachment":"scroll","background-type":"","background-media":"","overlay-type":"","overlay-color":"","overlay-opacity":"","overlay-gradient":""},"mobile":{"background-color":"","background-image":"","background-repeat":"repeat","background-position":"center center","background-size":"auto","background-attachment":"scroll","background-type":"","background-media":"","overlay-type":"","overlay-color":"","overlay-opacity":"","overlay-gradient":""}},"ast-content-background-meta":{"desktop":{"background-color":"var(--ast-global-color-5)","background-image":"","background-repeat":"repeat","background-position":"center center","background-size":"auto","background-attachment":"scroll","background-type":"","background-media":"","overlay-type":"","overlay-color":"","overlay-opacity":"","overlay-gradient":""},"tablet":{"background-color":"var(--ast-global-color-5)","background-image":"","background-repeat":"repeat","background-position":"center center","background-size":"auto","background-attachment":"scroll","background-type":"","background-media":"","overlay-type":"","overlay-color":"","overlay-opacity":"","overlay-gradient":""},"mobile":{"background-color":"var(--ast-global-color-5)","background-image":"","background-repeat":"repeat","background-position":"center center","background-size":"auto","background-attachment":"scroll","background-type":"","background-media":"","overlay-type":"","overlay-color":"","overlay-opacity":"","overlay-gradient":""}}},"product_brand":[],"product_cat":[454],"product_tag":[],"class_list":{"0":"post-27830","1":"product","2":"type-product","3":"status-publish","4":"has-post-thumbnail","6":"product_cat-ex-demo-usato-chitarre","7":"desktop-align-left","8":"tablet-align-left","9":"mobile-align-left","11":"first","12":"instock","13":"taxable","14":"shipping-taxable","15":"purchasable","16":"product-type-simple"},"_links":{"self":[{"href":"https:\/\/gigionestrumentimusicali.it\/index.php\/wp-json\/wp\/v2\/product\/27830","targetHints":{"allow":["GET"]}}],"collection":[{"href":"https:\/\/gigionestrumentimusicali.it\/index.php\/wp-json\/wp\/v2\/product"}],"about":[{"href":"https:\/\/gigionestrumentimusicali.it\/index.php\/wp-json\/wp\/v2\/types\/product"}],"wp:featuredmedia":[{"embeddable":true,"href":"https:\/\/gigionestrumentimusicali.it\/index.php\/wp-json\/wp\/v2\/media\/27831"}],"wp:attachment":[{"href":"https:\/\/gigionestrumentimusicali.it\/index.php\/wp-json\/wp\/v2\/media?parent=27830"}],"wp:term":[{"taxonomy":"product_brand","embeddable":true,"href":"https:\/\/gigionestrumentimusicali.it\/index.php\/wp-json\/wp\/v2\/product_brand?post=27830"},{"taxonomy":"product_cat","embeddable":true,"href":"https:\/\/gigionestrumentimusicali.it\/index.php\/wp-json\/wp\/v2\/product_cat?post=27830"},{"taxonomy":"product_tag","embeddable":true,"href":"https:\/\/gigionestrumentimusicali.it\/index.php\/wp-json\/wp\/v2\/product_tag?post=27830"}],"curies":[{"name":"wp","href":"https:\/\/api.w.org\/{rel}","templated":true}]}}