{"id":27839,"date":"2026-02-06T09:48:49","date_gmt":"2026-02-06T09:48:49","guid":{"rendered":"https:\/\/gigionestrumentimusicali.it\/index.php\/product\/digitech-dod-rubberneck-effetto-delay-analogico-a-pedale-per-chitarra\/"},"modified":"2026-04-18T21:40:50","modified_gmt":"2026-04-18T21:40:50","slug":"digitech-dod-rubberneck-effetto-delay-analogico-a-pedale-per-chitarra","status":"publish","type":"product","link":"https:\/\/gigionestrumentimusicali.it\/index.php\/product\/digitech-dod-rubberneck-effetto-delay-analogico-a-pedale-per-chitarra\/","title":{"rendered":"DIGITECH DOD RUBBERNECK EFFETTO DELAY ANALOGICO A PEDALE PER CHITARRA"},"content":{"rendered":"<p>l nuovo DOD Rubberneck Analog Delay ha il doppio delle funzionalit\u00e0 con il nuovo fantastico telaio a larghezza doppia. Il Rubberneck vanta oltre un secondo delle calde e musicali ripetizioni analogiche al 100% che desideri, assieme a tap-tempo, suddivisioni e code. Le doppie manopole concentriche offrono un controllo indipendente della frequenza e della profondit\u00e0 della modulazione, nonch\u00e9 del guadagno e del tono del delay. I doppi footswitch consentono funzionalit\u00e0 estese uniche come il controllo momentaneo personalizzabile dell&#8217;oscillazione e della vertiginosa scansione del pitch di &#8220;Rubbernecking&#8221;. Queste funzionalit\u00e0 estese sono controllate da singole mini manopole chiare che fungono anche da indicatori di stato a LED multicolore. Feedback loop send \/ return, controllo remoto a pedale, true bypass e robusta struttura in metallo, lo rendono un delay da avere. Il Rubberneck ha anche jack per consentire il controllo a pedale remoto a 3 pulsanti FS3X ed un send\/return in modo da poter aggiungere effetti esterni al percorso del delay. Il DOD Rubberneck utilizza un alimentatore da 9V per integrarsi facilmente nella pedaliera esistente.<\/p>\n<p>Caratteristiche<br \/>Pedale effetto delay analogici<br \/>Fino a 1,5 secondi di delay analogico<br \/>Tap Tempo con 3 selezioni di Tap Ratio<br \/>Controlli di velocit\u00e0 e profondit\u00e0 della modulazione<br \/>Delay Gain e Tone Control<br \/>Footswitch Regen per il controllo remoto<br \/>Loop Send \/ Return inserisce gli effetti nel percorso di feedback del delay<br \/>Opzioni di Delay Tails e Dry Signal<br \/>Ingresso footswitch remoto per un maggiore controllo delle prestazioni<br \/>True Bypass<br \/>Dimensioni: 122 x 119 x 55mm<br \/>Peso: 0,5kg<br \/>N.B. Alimentatore NON incluso<\/p>\n","protected":false},"excerpt":{"rendered":"<p>l nuovo DOD Rubberneck Analog Delay ha il doppio delle funzionalit\u00e0 con il nuovo fantastico telaio a larghezza doppia. Il Rubberneck vanta oltre un secondo delle calde e musicali ripetizioni analogiche al 100% che desideri, assieme a tap-tempo, suddivisioni e code. Le doppie manopole concentriche offrono un controllo indipendente della frequenza e della profondit\u00e0 della [&hellip;]<\/p>\n","protected":false},"featured_media":27840,"template":"","meta":{"site-sidebar-layout":"default","site-content-layout":"","ast-site-content-layout":"default","site-content-style":"default","site-sidebar-style":"default","ast-global-header-display":"","ast-banner-title-visibility":"","ast-main-header-display":"","ast-hfb-above-header-display":"","ast-hfb-below-header-display":"","ast-hfb-mobile-header-display":"","site-post-title":"","ast-breadcrumbs-content":"","ast-featured-img":"","footer-sml-layout":"","theme-transparent-header-meta":"","adv-header-id-meta":"","stick-header-meta":"","header-above-stick-meta":"","header-main-stick-meta":"","header-below-stick-meta":"","astra-migrate-meta-layouts":"default","ast-page-background-enabled":"default","ast-page-background-meta":{"desktop":{"background-color":"var(--ast-global-color-4)","background-image":"","background-repeat":"repeat","background-position":"center center","background-size":"auto","background-attachment":"scroll","background-type":"","background-media":"","overlay-type":"","overlay-color":"","overlay-opacity":"","overlay-gradient":""},"tablet":{"background-color":"","background-image":"","background-repeat":"repeat","background-position":"center center","background-size":"auto","background-attachment":"scroll","background-type":"","background-media":"","overlay-type":"","overlay-color":"","overlay-opacity":"","overlay-gradient":""},"mobile":{"background-color":"","background-image":"","background-repeat":"repeat","background-position":"center center","background-size":"auto","background-attachment":"scroll","background-type":"","background-media":"","overlay-type":"","overlay-color":"","overlay-opacity":"","overlay-gradient":""}},"ast-content-background-meta":{"desktop":{"background-color":"var(--ast-global-color-5)","background-image":"","background-repeat":"repeat","background-position":"center center","background-size":"auto","background-attachment":"scroll","background-type":"","background-media":"","overlay-type":"","overlay-color":"","overlay-opacity":"","overlay-gradient":""},"tablet":{"background-color":"var(--ast-global-color-5)","background-image":"","background-repeat":"repeat","background-position":"center center","background-size":"auto","background-attachment":"scroll","background-type":"","background-media":"","overlay-type":"","overlay-color":"","overlay-opacity":"","overlay-gradient":""},"mobile":{"background-color":"var(--ast-global-color-5)","background-image":"","background-repeat":"repeat","background-position":"center center","background-size":"auto","background-attachment":"scroll","background-type":"","background-media":"","overlay-type":"","overlay-color":"","overlay-opacity":"","overlay-gradient":""}}},"product_brand":[],"product_cat":[427],"product_tag":[],"class_list":{"0":"post-27839","1":"product","2":"type-product","3":"status-publish","4":"has-post-thumbnail","6":"product_cat-delays-echo-effetti-a-pedale-per-chitarre","7":"desktop-align-left","8":"tablet-align-left","9":"mobile-align-left","11":"first","12":"instock","13":"taxable","14":"shipping-taxable","15":"purchasable","16":"product-type-simple"},"_links":{"self":[{"href":"https:\/\/gigionestrumentimusicali.it\/index.php\/wp-json\/wp\/v2\/product\/27839","targetHints":{"allow":["GET"]}}],"collection":[{"href":"https:\/\/gigionestrumentimusicali.it\/index.php\/wp-json\/wp\/v2\/product"}],"about":[{"href":"https:\/\/gigionestrumentimusicali.it\/index.php\/wp-json\/wp\/v2\/types\/product"}],"wp:featuredmedia":[{"embeddable":true,"href":"https:\/\/gigionestrumentimusicali.it\/index.php\/wp-json\/wp\/v2\/media\/27840"}],"wp:attachment":[{"href":"https:\/\/gigionestrumentimusicali.it\/index.php\/wp-json\/wp\/v2\/media?parent=27839"}],"wp:term":[{"taxonomy":"product_brand","embeddable":true,"href":"https:\/\/gigionestrumentimusicali.it\/index.php\/wp-json\/wp\/v2\/product_brand?post=27839"},{"taxonomy":"product_cat","embeddable":true,"href":"https:\/\/gigionestrumentimusicali.it\/index.php\/wp-json\/wp\/v2\/product_cat?post=27839"},{"taxonomy":"product_tag","embeddable":true,"href":"https:\/\/gigionestrumentimusicali.it\/index.php\/wp-json\/wp\/v2\/product_tag?post=27839"}],"curies":[{"name":"wp","href":"https:\/\/api.w.org\/{rel}","templated":true}]}}