{"id":27920,"date":"2026-02-17T10:39:10","date_gmt":"2026-02-17T10:39:10","guid":{"rendered":"https:\/\/gigionestrumentimusicali.it\/index.php\/product\/electro-voice-eviva-12p\/"},"modified":"2026-04-07T19:14:13","modified_gmt":"2026-04-07T19:14:13","slug":"electro-voice-eviva-12p","status":"publish","type":"product","link":"https:\/\/gigionestrumentimusicali.it\/index.php\/product\/electro-voice-eviva-12p\/","title":{"rendered":"ELECTRO VOICE EVIVA 12P"},"content":{"rendered":"<p>CASSA AMPLIFICATA ELECTRO VOICE EVIVA 12P<\/p>\n<p>EVIVA 12P \u00e8 un diffusore portatile amplificato da 12&#8243; che offre la qualit\u00e0 audio e la robustezza Electro-Voice ad aspiranti musicisti, DJ e piccoli locali. \u00c8 stato progettato per un&#8217;installazione rapida, quindi il suo controllo intuitivo e la facile connettivit\u00e0 si combinano bene con un design leggero per garantire la possibilit\u00e0 di installazione da parte di una sola persona. EVIVA 12P pu\u00f2 essere combinato con altri membri della famiglia EVIVA per creare sistemi leader della categoria.<\/p>\n<p>Electro-Voice ha lanciato la famiglia EVIVA per offrire le migliori prestazioni della categoria da un diffusore portatile amplificato incentrato sulle prestazioni. Per garantire una qualit\u00e0 audio ottimale, solitamente non disponibile in questa categoria di diffusori, EVIVA \u00e8 dotato del sistema brevettato SST (Signal Synchronized Transducers) di Electro-Voice e di un driver a compressione per le alte frequenze al neodimio ad alta energia progettato su misura.<\/p>\n<p>Con un peso di soli 12 kg, EVIVA 12P offre un diagramma di copertura di 90\u00b0 x 60\u00b0 (orizzontale x verticale), offrendo Suono pulito e uniforme in tutta l&#8217;area del pubblico. EVIVA 12P ha una gamma di frequenza di 50 Hz &#8211; 20 kHz (-10 dB) e un SPL massimo di 125 dB, offrendo prestazioni sonore ai vertici della categoria. Offre connettivit\u00e0 standard di settore per rendere l&#8217;allestimento di qualsiasi concerto il pi\u00f9 rapido possibile, con due ingressi microfono\/linea XLR combo jack, un&#8217;uscita mix XLR e streaming audio Bluetooth\u00ae. Sottoposto agli stessi rigorosi test di ogni diffusore Electro-Voice, EVIVA 12P offre prestazioni costanti su cui fare affidamento in ogni occasione.<\/p>\n<p>Il sistema full range a 2 vie \u00e8 dotato di un robusto cabinet in materiale composito, un amplificatore da 1000 Watt e una sezione di ingresso analogica a 2 canali. L&#8217;intuitivo pannello di controllo \u00e8 dotato di manopole per la regolazione del livello e interruttori per cambiare la modalit\u00e0 tra Musica e Live e di commutatori passa-alto tra NO SUB e WITH SUB EVIVA 18SP. I diffusori sono alimentati tramite un ingresso di rete IEC con ingresso di tensione di rete universale 100 V ~ 240 V a commutazione automatica, incluso. Il cavo di alimentazione varia a seconda della regione.<\/p>\n<p>EVIVA 12P beneficia anche del prestigioso design industriale Electro-Voice, con due maniglie e una fessura sul retro per una facile movimentazione. Questo diffusore amplificato portatile presenta un look moderno ed elegante, che richiama la tradizione, e una rapida installazione per garantire agli utenti di ottenere il massimo dal proprio sistema in tempi pi\u00f9 rapidi. La griglia verniciata a polvere a met\u00e0 superficie offre protezione dove \u00e8 pi\u00f9 necessaria. Questo conferisce un aspetto professionale a questo diffusore leggero, garantendo a tutti gli eventi un suono superiore e uno stile esclusivo.<\/p>\n<p>Il fascino universale di EVIVA 12P \u00e8 supportato da una gamma di accessori esistenti. Le staffe di montaggio a parete BRKT-POLE-L supportano le installazioni, mentre i pali M20, i treppiedi e la borsa da trasporto ne consentono l&#8217;utilizzo mobile.<\/p>\n<p>Caratteristiche<\/p>\n<p>LF: 1 woofer da 12 WECA2124H con magnete in ferrite<br \/>HF: motore a compressione con magnete al neodimio DENA2504H e diaframma da 1 PEI con rivestimento in titanio.<br \/>Potenza nominale dellamplificatore: 1000 W.<br \/>SPL massimo: 125 dB 1 m.<br \/>Risposta in frequenza: 63 Hz 18.000 Hz 3 dB, 50 Hz 20.000 Hz 10 dB.<br \/>Angolo di copertura: 90 H x 60 V.<br \/>Frequenza di crossover: 2,20 kHz.<br \/>Connettori: 2 x XLR Combo linea\/microfono bilanciato ingressi, 1 x XLR uscita mix.<br \/>Design ergonomico e leggero con una maniglia sul lato e unaltra sulla parte superiore, cavi inferiore di presa e piedini antiscivolo.<br \/>Materiale dellinvolucro: composito.<br \/>Materiale della griglia: acciaio rivestito con vernice a polvere.<br \/>Dimensioni: 603 mm x 353 mm x 352 mm.<br \/>Peso: 12 kg.<br \/>Colore: nero<\/p>\n","protected":false},"excerpt":{"rendered":"<p>CASSA AMPLIFICATA ELECTRO VOICE EVIVA 12P EVIVA 12P \u00e8 un diffusore portatile amplificato da 12&#8243; che offre la qualit\u00e0 audio e la robustezza Electro-Voice ad aspiranti musicisti, DJ e piccoli locali. \u00c8 stato progettato per un&#8217;installazione rapida, quindi il suo controllo intuitivo e la facile connettivit\u00e0 si combinano bene con un design leggero per garantire [&hellip;]<\/p>\n","protected":false},"featured_media":27921,"template":"","meta":{"site-sidebar-layout":"default","site-content-layout":"","ast-site-content-layout":"default","site-content-style":"default","site-sidebar-style":"default","ast-global-header-display":"","ast-banner-title-visibility":"","ast-main-header-display":"","ast-hfb-above-header-display":"","ast-hfb-below-header-display":"","ast-hfb-mobile-header-display":"","site-post-title":"","ast-breadcrumbs-content":"","ast-featured-img":"","footer-sml-layout":"","theme-transparent-header-meta":"","adv-header-id-meta":"","stick-header-meta":"","header-above-stick-meta":"","header-main-stick-meta":"","header-below-stick-meta":"","astra-migrate-meta-layouts":"default","ast-page-background-enabled":"default","ast-page-background-meta":{"desktop":{"background-color":"var(--ast-global-color-4)","background-image":"","background-repeat":"repeat","background-position":"center center","background-size":"auto","background-attachment":"scroll","background-type":"","background-media":"","overlay-type":"","overlay-color":"","overlay-opacity":"","overlay-gradient":""},"tablet":{"background-color":"","background-image":"","background-repeat":"repeat","background-position":"center center","background-size":"auto","background-attachment":"scroll","background-type":"","background-media":"","overlay-type":"","overlay-color":"","overlay-opacity":"","overlay-gradient":""},"mobile":{"background-color":"","background-image":"","background-repeat":"repeat","background-position":"center center","background-size":"auto","background-attachment":"scroll","background-type":"","background-media":"","overlay-type":"","overlay-color":"","overlay-opacity":"","overlay-gradient":""}},"ast-content-background-meta":{"desktop":{"background-color":"var(--ast-global-color-5)","background-image":"","background-repeat":"repeat","background-position":"center center","background-size":"auto","background-attachment":"scroll","background-type":"","background-media":"","overlay-type":"","overlay-color":"","overlay-opacity":"","overlay-gradient":""},"tablet":{"background-color":"var(--ast-global-color-5)","background-image":"","background-repeat":"repeat","background-position":"center center","background-size":"auto","background-attachment":"scroll","background-type":"","background-media":"","overlay-type":"","overlay-color":"","overlay-opacity":"","overlay-gradient":""},"mobile":{"background-color":"var(--ast-global-color-5)","background-image":"","background-repeat":"repeat","background-position":"center center","background-size":"auto","background-attachment":"scroll","background-type":"","background-media":"","overlay-type":"","overlay-color":"","overlay-opacity":"","overlay-gradient":""}}},"product_brand":[],"product_cat":[575],"product_tag":[],"class_list":{"0":"post-27920","1":"product","2":"type-product","3":"status-publish","4":"has-post-thumbnail","6":"product_cat-casse-audio","7":"desktop-align-left","8":"tablet-align-left","9":"mobile-align-left","11":"first","12":"instock","13":"taxable","14":"shipping-taxable","15":"purchasable","16":"product-type-simple"},"_links":{"self":[{"href":"https:\/\/gigionestrumentimusicali.it\/index.php\/wp-json\/wp\/v2\/product\/27920","targetHints":{"allow":["GET"]}}],"collection":[{"href":"https:\/\/gigionestrumentimusicali.it\/index.php\/wp-json\/wp\/v2\/product"}],"about":[{"href":"https:\/\/gigionestrumentimusicali.it\/index.php\/wp-json\/wp\/v2\/types\/product"}],"wp:featuredmedia":[{"embeddable":true,"href":"https:\/\/gigionestrumentimusicali.it\/index.php\/wp-json\/wp\/v2\/media\/27921"}],"wp:attachment":[{"href":"https:\/\/gigionestrumentimusicali.it\/index.php\/wp-json\/wp\/v2\/media?parent=27920"}],"wp:term":[{"taxonomy":"product_brand","embeddable":true,"href":"https:\/\/gigionestrumentimusicali.it\/index.php\/wp-json\/wp\/v2\/product_brand?post=27920"},{"taxonomy":"product_cat","embeddable":true,"href":"https:\/\/gigionestrumentimusicali.it\/index.php\/wp-json\/wp\/v2\/product_cat?post=27920"},{"taxonomy":"product_tag","embeddable":true,"href":"https:\/\/gigionestrumentimusicali.it\/index.php\/wp-json\/wp\/v2\/product_tag?post=27920"}],"curies":[{"name":"wp","href":"https:\/\/api.w.org\/{rel}","templated":true}]}}