{"id":27959,"date":"2026-02-19T15:53:04","date_gmt":"2026-02-19T15:53:04","guid":{"rendered":"https:\/\/gigionestrumentimusicali.it\/index.php\/product\/mark-bass-standard-102-p-traveler-t102p-8ohm\/"},"modified":"2026-04-22T22:26:32","modified_gmt":"2026-04-22T22:26:32","slug":"mark-bass-standard-102-p-traveler-t102p-8ohm","status":"publish","type":"product","link":"https:\/\/gigionestrumentimusicali.it\/index.php\/product\/mark-bass-standard-102-p-traveler-t102p-8ohm\/","title":{"rendered":"MARK BASS STANDARD 102 P TRAVELER T102P-8OHM"},"content":{"rendered":"<p>CASSA PER BASSO 2&#215;10&#8243; 8 OHM \/ 400W<\/p>\n<p><\/p>\n<p>La Traveler 102P \u00e8 una delle casse pi\u00f9 piccole e leggere 2&#215;10&#8243; sul mercato, pu\u00f2 essere usata sia in posizione orizzontale che verticale. Ottima anche abbinata ad un altro cabinet, specialmente con la 151P per un suono potente e pieno.<\/p>\n<p><\/p>\n<p>Caratteristiche principali<\/p>\n<p>Potenza: 400W RMS (AES Standard)<\/p>\n<p>Impedenza: 8 Ohm<\/p>\n<p>Speaker: 2x 10&#8243;<\/p>\n<p>Bass Port: Posteriore<\/p>\n<p>Tweeter: Piezo<\/p>\n<p>Frequenza di Crossover: 3,5kHz<\/p>\n<p>Risposts in Frequenza: 45Hz &#8211; 18kHz<\/p>\n<p>Sensibilit\u00e0: 101dB SPL<\/p>\n<p>Dimensioni: 594 x H330 x 433mm<\/p>\n<p>Peso: 15kg<\/p>\n","protected":false},"excerpt":{"rendered":"CASSA PER BASSO 2x10\" 8 OHM \/ 400WLa Traveler 102P \u00e8 una delle casse pi\u00f9 piccole e leggere 2x10\" sul mercato, pu\u00f2 essere usata sia in posizione orizzontale che verticale. Ottima anche abbinata ad un altro cabinet, specialmente con la 151P per un suono potente e pieno.Caratteristiche principaliPotenza: 400W RMS (AES Standard)Impedenza: 8 OhmSpeaker: 2x [...]","protected":false},"featured_media":27955,"template":"","meta":{"site-sidebar-layout":"default","site-content-layout":"","ast-site-content-layout":"default","site-content-style":"default","site-sidebar-style":"default","ast-global-header-display":"","ast-banner-title-visibility":"","ast-main-header-display":"","ast-hfb-above-header-display":"","ast-hfb-below-header-display":"","ast-hfb-mobile-header-display":"","site-post-title":"","ast-breadcrumbs-content":"","ast-featured-img":"","footer-sml-layout":"","theme-transparent-header-meta":"","adv-header-id-meta":"","stick-header-meta":"","header-above-stick-meta":"","header-main-stick-meta":"","header-below-stick-meta":"","astra-migrate-meta-layouts":"default","ast-page-background-enabled":"default","ast-page-background-meta":{"desktop":{"background-color":"var(--ast-global-color-4)","background-image":"","background-repeat":"repeat","background-position":"center center","background-size":"auto","background-attachment":"scroll","background-type":"","background-media":"","overlay-type":"","overlay-color":"","overlay-opacity":"","overlay-gradient":""},"tablet":{"background-color":"","background-image":"","background-repeat":"repeat","background-position":"center center","background-size":"auto","background-attachment":"scroll","background-type":"","background-media":"","overlay-type":"","overlay-color":"","overlay-opacity":"","overlay-gradient":""},"mobile":{"background-color":"","background-image":"","background-repeat":"repeat","background-position":"center center","background-size":"auto","background-attachment":"scroll","background-type":"","background-media":"","overlay-type":"","overlay-color":"","overlay-opacity":"","overlay-gradient":""}},"ast-content-background-meta":{"desktop":{"background-color":"var(--ast-global-color-5)","background-image":"","background-repeat":"repeat","background-position":"center center","background-size":"auto","background-attachment":"scroll","background-type":"","background-media":"","overlay-type":"","overlay-color":"","overlay-opacity":"","overlay-gradient":""},"tablet":{"background-color":"var(--ast-global-color-5)","background-image":"","background-repeat":"repeat","background-position":"center center","background-size":"auto","background-attachment":"scroll","background-type":"","background-media":"","overlay-type":"","overlay-color":"","overlay-opacity":"","overlay-gradient":""},"mobile":{"background-color":"var(--ast-global-color-5)","background-image":"","background-repeat":"repeat","background-position":"center center","background-size":"auto","background-attachment":"scroll","background-type":"","background-media":"","overlay-type":"","overlay-color":"","overlay-opacity":"","overlay-gradient":""}}},"product_brand":[],"product_cat":[156],"product_tag":[],"class_list":{"0":"post-27959","1":"product","2":"type-product","3":"status-publish","4":"has-post-thumbnail","6":"product_cat-casse-per-basso","7":"desktop-align-left","8":"tablet-align-left","9":"mobile-align-left","11":"first","12":"instock","13":"taxable","14":"shipping-taxable","15":"purchasable","16":"product-type-simple"},"_links":{"self":[{"href":"https:\/\/gigionestrumentimusicali.it\/index.php\/wp-json\/wp\/v2\/product\/27959","targetHints":{"allow":["GET"]}}],"collection":[{"href":"https:\/\/gigionestrumentimusicali.it\/index.php\/wp-json\/wp\/v2\/product"}],"about":[{"href":"https:\/\/gigionestrumentimusicali.it\/index.php\/wp-json\/wp\/v2\/types\/product"}],"wp:featuredmedia":[{"embeddable":true,"href":"https:\/\/gigionestrumentimusicali.it\/index.php\/wp-json\/wp\/v2\/media\/27955"}],"wp:attachment":[{"href":"https:\/\/gigionestrumentimusicali.it\/index.php\/wp-json\/wp\/v2\/media?parent=27959"}],"wp:term":[{"taxonomy":"product_brand","embeddable":true,"href":"https:\/\/gigionestrumentimusicali.it\/index.php\/wp-json\/wp\/v2\/product_brand?post=27959"},{"taxonomy":"product_cat","embeddable":true,"href":"https:\/\/gigionestrumentimusicali.it\/index.php\/wp-json\/wp\/v2\/product_cat?post=27959"},{"taxonomy":"product_tag","embeddable":true,"href":"https:\/\/gigionestrumentimusicali.it\/index.php\/wp-json\/wp\/v2\/product_tag?post=27959"}],"curies":[{"name":"wp","href":"https:\/\/api.w.org\/{rel}","templated":true}]}}