{"id":27961,"date":"2026-02-19T15:56:38","date_gmt":"2026-02-19T15:56:38","guid":{"rendered":"https:\/\/gigionestrumentimusicali.it\/index.php\/product\/mark-bass-traveler-151-p\/"},"modified":"2026-04-22T22:26:27","modified_gmt":"2026-04-22T22:26:27","slug":"mark-bass-traveler-151-p","status":"publish","type":"product","link":"https:\/\/gigionestrumentimusicali.it\/index.php\/product\/mark-bass-traveler-151-p\/","title":{"rendered":"MARK BASS TRAVELER 151 P"},"content":{"rendered":"<p>  La Traveler 151P \u00e8 una delle pi\u00f9 piccole e leggere casse 1&#215;15&#8243; sul mercato, vi offre  potenza, suono professionale e trasportabilit\u00e0 illimitata. Questa cassa \u00e8 perfetta  per i club, specialmente con un&#8217;altra Traveler 151P.<\/p>\n<p>  \u00a0<\/p>\n<p>  \u00a0<\/p>\n<p>  Caratteristiche principali<\/p>\n<p>  \u00a0<\/p>\n<p>  Potenza: 400W RMS (AES Standard)<\/p>\n<p>  Impedenza: 8 Ohm<\/p>\n<p>  Speaker: 1x 15&#8243;<\/p>\n<p>  Bass Port: Posteriore<\/p>\n<p>  Tweeter: Piezo<\/p>\n<p>  Frequenza di Crossover: 3,5kHz<\/p>\n<p>  Risposts in Frequenza: 40Hz &#8211; 18kHz<\/p>\n<p>  Sensibilit\u00e0: 100dB SPL<\/p>\n<p>  Dimensioni: 594 x H464 x 433mm<\/p>\n<p>  Peso: 20,3kg<\/p>\n","protected":false},"excerpt":{"rendered":"<p>La Traveler 151P &egrave; una delle pi&ugrave; piccole e leggere casse 1&#215;15&#8243; sul mercato, vi offre potenza, suono professionale e trasportabilit&agrave; illimitata. Questa cassa &egrave; perfetta per i club, specialmente con un&#8217;altra Traveler 151P. <\/p>\n<p>Caratteristiche principali<\/p>\n<p>Potenza: 400W RMS (AES Standard)<br \/>Impedenza: 8 Ohm<br \/>Speaker: 1x 15&#8243;<br \/>Bass Port: Posteriore<br \/>Tweeter: Piezo<br \/>Frequenza di Crossover: 3,5kHz<br \/>Risposts in Frequenza: 40Hz &#8211; 18kHz<br \/>Sensibilit&agrave;: 100dB SPL<br \/>Dimensioni: 594 x H464 x 433mm<br \/>Peso: 20,3kg<\/p>\n","protected":false},"featured_media":27960,"template":"","meta":{"site-sidebar-layout":"default","site-content-layout":"","ast-site-content-layout":"default","site-content-style":"default","site-sidebar-style":"default","ast-global-header-display":"","ast-banner-title-visibility":"","ast-main-header-display":"","ast-hfb-above-header-display":"","ast-hfb-below-header-display":"","ast-hfb-mobile-header-display":"","site-post-title":"","ast-breadcrumbs-content":"","ast-featured-img":"","footer-sml-layout":"","theme-transparent-header-meta":"","adv-header-id-meta":"","stick-header-meta":"","header-above-stick-meta":"","header-main-stick-meta":"","header-below-stick-meta":"","astra-migrate-meta-layouts":"default","ast-page-background-enabled":"default","ast-page-background-meta":{"desktop":{"background-color":"var(--ast-global-color-4)","background-image":"","background-repeat":"repeat","background-position":"center center","background-size":"auto","background-attachment":"scroll","background-type":"","background-media":"","overlay-type":"","overlay-color":"","overlay-opacity":"","overlay-gradient":""},"tablet":{"background-color":"","background-image":"","background-repeat":"repeat","background-position":"center center","background-size":"auto","background-attachment":"scroll","background-type":"","background-media":"","overlay-type":"","overlay-color":"","overlay-opacity":"","overlay-gradient":""},"mobile":{"background-color":"","background-image":"","background-repeat":"repeat","background-position":"center center","background-size":"auto","background-attachment":"scroll","background-type":"","background-media":"","overlay-type":"","overlay-color":"","overlay-opacity":"","overlay-gradient":""}},"ast-content-background-meta":{"desktop":{"background-color":"var(--ast-global-color-5)","background-image":"","background-repeat":"repeat","background-position":"center center","background-size":"auto","background-attachment":"scroll","background-type":"","background-media":"","overlay-type":"","overlay-color":"","overlay-opacity":"","overlay-gradient":""},"tablet":{"background-color":"var(--ast-global-color-5)","background-image":"","background-repeat":"repeat","background-position":"center center","background-size":"auto","background-attachment":"scroll","background-type":"","background-media":"","overlay-type":"","overlay-color":"","overlay-opacity":"","overlay-gradient":""},"mobile":{"background-color":"var(--ast-global-color-5)","background-image":"","background-repeat":"repeat","background-position":"center center","background-size":"auto","background-attachment":"scroll","background-type":"","background-media":"","overlay-type":"","overlay-color":"","overlay-opacity":"","overlay-gradient":""}}},"product_brand":[],"product_cat":[156],"product_tag":[],"class_list":{"0":"post-27961","1":"product","2":"type-product","3":"status-publish","4":"has-post-thumbnail","6":"product_cat-casse-per-basso","7":"desktop-align-left","8":"tablet-align-left","9":"mobile-align-left","11":"first","12":"instock","13":"taxable","14":"shipping-taxable","15":"purchasable","16":"product-type-simple"},"_links":{"self":[{"href":"https:\/\/gigionestrumentimusicali.it\/index.php\/wp-json\/wp\/v2\/product\/27961","targetHints":{"allow":["GET"]}}],"collection":[{"href":"https:\/\/gigionestrumentimusicali.it\/index.php\/wp-json\/wp\/v2\/product"}],"about":[{"href":"https:\/\/gigionestrumentimusicali.it\/index.php\/wp-json\/wp\/v2\/types\/product"}],"wp:featuredmedia":[{"embeddable":true,"href":"https:\/\/gigionestrumentimusicali.it\/index.php\/wp-json\/wp\/v2\/media\/27960"}],"wp:attachment":[{"href":"https:\/\/gigionestrumentimusicali.it\/index.php\/wp-json\/wp\/v2\/media?parent=27961"}],"wp:term":[{"taxonomy":"product_brand","embeddable":true,"href":"https:\/\/gigionestrumentimusicali.it\/index.php\/wp-json\/wp\/v2\/product_brand?post=27961"},{"taxonomy":"product_cat","embeddable":true,"href":"https:\/\/gigionestrumentimusicali.it\/index.php\/wp-json\/wp\/v2\/product_cat?post=27961"},{"taxonomy":"product_tag","embeddable":true,"href":"https:\/\/gigionestrumentimusicali.it\/index.php\/wp-json\/wp\/v2\/product_tag?post=27961"}],"curies":[{"name":"wp","href":"https:\/\/api.w.org\/{rel}","templated":true}]}}