{"id":28009,"date":"2026-02-27T11:24:32","date_gmt":"2026-02-27T11:24:32","guid":{"rendered":"https:\/\/gigionestrumentimusicali.it\/index.php\/product\/markbass-mb-4-yellow-jb\/"},"modified":"2026-04-11T20:34:45","modified_gmt":"2026-04-11T20:34:45","slug":"markbass-mb-4-yellow-jb","status":"publish","type":"product","link":"https:\/\/gigionestrumentimusicali.it\/index.php\/product\/markbass-mb-4-yellow-jb\/","title":{"rendered":"MarkBass MB 4 YELLOW JB"},"content":{"rendered":"<p>Dai principianti che cercano il loro primo basso, ai musicisti che cercano un basso di qualit\u00e0 come secondo strumento, il prezzo accessibile di MB YELLOW \u00e8 sicuro di accontentare tutti. La famiglia MB Yellow Bass include i modelli JB, PB e LITTLE BASS&#8230; assicurando che tutte le preferenze siano soddisfatte. Il basso MB YELLOW JB presenta un classico manico sottile, basato sul feedback dei musicisti che hanno ritenuto che questo offrisse un posizionamento pi\u00f9 semplice delle dita. I due pickup single-coil lo rendono un basso molto versatile, puoi mescolarli per accedere a un&#8217;ampia variet\u00e0 di toni: \u00e8 ottimo per lo stile finger o lo slap. Se desideri un tono pi\u00f9 luminoso e acuto con un ringhio di gamma media nello stile e nel suono di Jaco, MB Yellow JB \u00e8 quello che fa per te.<\/p>\n<p>Caratteristiche<br \/>Corpo: Stile JB in Pioppo<br \/>Manico: Acero<br \/>Tastiera: Laurel, Scala 34&#8243; \u2013 20 tasti<br \/>Battipenna: Piastra di controllo nera\/cromata<br \/>Pickup: Bobine singole J\/J<br \/>Controlli: Volume, Volume, Tono<br \/>Colore: Giallo<br \/>Borsa e tracolla incluse<\/p>\n","protected":false},"excerpt":{"rendered":"<p>Dai principianti che cercano il loro primo basso, ai musicisti che cercano un basso di qualit\u00e0 come secondo strumento, il prezzo accessibile di MB YELLOW \u00e8 sicuro di accontentare tutti. La famiglia MB Yellow Bass include i modelli JB, PB e LITTLE BASS&#8230; assicurando che tutte le preferenze siano soddisfatte. Il basso MB YELLOW JB [&hellip;]<\/p>\n","protected":false},"featured_media":28011,"template":"","meta":{"site-sidebar-layout":"default","site-content-layout":"","ast-site-content-layout":"default","site-content-style":"default","site-sidebar-style":"default","ast-global-header-display":"","ast-banner-title-visibility":"","ast-main-header-display":"","ast-hfb-above-header-display":"","ast-hfb-below-header-display":"","ast-hfb-mobile-header-display":"","site-post-title":"","ast-breadcrumbs-content":"","ast-featured-img":"","footer-sml-layout":"","theme-transparent-header-meta":"","adv-header-id-meta":"","stick-header-meta":"","header-above-stick-meta":"","header-main-stick-meta":"","header-below-stick-meta":"","astra-migrate-meta-layouts":"default","ast-page-background-enabled":"default","ast-page-background-meta":{"desktop":{"background-color":"var(--ast-global-color-4)","background-image":"","background-repeat":"repeat","background-position":"center center","background-size":"auto","background-attachment":"scroll","background-type":"","background-media":"","overlay-type":"","overlay-color":"","overlay-opacity":"","overlay-gradient":""},"tablet":{"background-color":"","background-image":"","background-repeat":"repeat","background-position":"center center","background-size":"auto","background-attachment":"scroll","background-type":"","background-media":"","overlay-type":"","overlay-color":"","overlay-opacity":"","overlay-gradient":""},"mobile":{"background-color":"","background-image":"","background-repeat":"repeat","background-position":"center center","background-size":"auto","background-attachment":"scroll","background-type":"","background-media":"","overlay-type":"","overlay-color":"","overlay-opacity":"","overlay-gradient":""}},"ast-content-background-meta":{"desktop":{"background-color":"var(--ast-global-color-5)","background-image":"","background-repeat":"repeat","background-position":"center center","background-size":"auto","background-attachment":"scroll","background-type":"","background-media":"","overlay-type":"","overlay-color":"","overlay-opacity":"","overlay-gradient":""},"tablet":{"background-color":"var(--ast-global-color-5)","background-image":"","background-repeat":"repeat","background-position":"center center","background-size":"auto","background-attachment":"scroll","background-type":"","background-media":"","overlay-type":"","overlay-color":"","overlay-opacity":"","overlay-gradient":""},"mobile":{"background-color":"var(--ast-global-color-5)","background-image":"","background-repeat":"repeat","background-position":"center center","background-size":"auto","background-attachment":"scroll","background-type":"","background-media":"","overlay-type":"","overlay-color":"","overlay-opacity":"","overlay-gradient":""}}},"product_brand":[],"product_cat":[161],"product_tag":[],"class_list":{"0":"post-28009","1":"product","2":"type-product","3":"status-publish","4":"has-post-thumbnail","6":"product_cat-bassi-elettrici-a-4-corde","7":"desktop-align-left","8":"tablet-align-left","9":"mobile-align-left","11":"first","12":"instock","13":"taxable","14":"shipping-taxable","15":"purchasable","16":"product-type-simple"},"_links":{"self":[{"href":"https:\/\/gigionestrumentimusicali.it\/index.php\/wp-json\/wp\/v2\/product\/28009","targetHints":{"allow":["GET"]}}],"collection":[{"href":"https:\/\/gigionestrumentimusicali.it\/index.php\/wp-json\/wp\/v2\/product"}],"about":[{"href":"https:\/\/gigionestrumentimusicali.it\/index.php\/wp-json\/wp\/v2\/types\/product"}],"wp:featuredmedia":[{"embeddable":true,"href":"https:\/\/gigionestrumentimusicali.it\/index.php\/wp-json\/wp\/v2\/media\/28011"}],"wp:attachment":[{"href":"https:\/\/gigionestrumentimusicali.it\/index.php\/wp-json\/wp\/v2\/media?parent=28009"}],"wp:term":[{"taxonomy":"product_brand","embeddable":true,"href":"https:\/\/gigionestrumentimusicali.it\/index.php\/wp-json\/wp\/v2\/product_brand?post=28009"},{"taxonomy":"product_cat","embeddable":true,"href":"https:\/\/gigionestrumentimusicali.it\/index.php\/wp-json\/wp\/v2\/product_cat?post=28009"},{"taxonomy":"product_tag","embeddable":true,"href":"https:\/\/gigionestrumentimusicali.it\/index.php\/wp-json\/wp\/v2\/product_tag?post=28009"}],"curies":[{"name":"wp","href":"https:\/\/api.w.org\/{rel}","templated":true}]}}