{"id":28027,"date":"2026-02-27T15:56:19","date_gmt":"2026-02-27T15:56:19","guid":{"rendered":"https:\/\/gigionestrumentimusicali.it\/index.php\/product\/prodipe-tt1-lanen-microfono-dinamico\/"},"modified":"2026-04-09T19:20:35","modified_gmt":"2026-04-09T19:20:35","slug":"prodipe-tt1-lanen-microfono-dinamico","status":"publish","type":"product","link":"https:\/\/gigionestrumentimusicali.it\/index.php\/product\/prodipe-tt1-lanen-microfono-dinamico\/","title":{"rendered":"PRODIPE TT1 LANEN MICROFONO DINAMICO"},"content":{"rendered":"<p>Specifiche prodotto<br \/>Sensibilit\u00e0 audio\t?493 Decibel<br \/>Fattore di forma microfono\t?Handheld<br \/>Dimensioni articolo: LxPxA\t?27,4 x 9,9 x 5,6 cm<br \/>Sorgente di alimentazione\t?Con cavo<br \/>Numero di batterie\t?1 C (Tipo di pila necessaria)<br \/>Materiale\t?Metallo<br \/>Rapporto segnale-rumore\t?100 dB<br \/>Piattaforma hardware\t?Karaoke<br \/>Numero di canali\t?1<br \/>Risposta in frequenza\t?15 KHz<br \/>Global Trade Identification Number\t?03760010251973<br \/>Produttore\t?Prodipe<br \/>Dimensioni prodotto\t?27,43 x 9,91 x 5,59 cm; 170 grammi<br \/>Pile\t?1 C (Tipo di pila necessaria)<br \/>Numero modello articolo\t?PRO-TT1<br \/>Peso articolo\t?170 g<br \/>Ulteriori informazioni<br \/>ASIN\tB0038VXUDW<br \/>Media recensioni\t4,6 4,6 su 5 stelle   (337)<br \/>4,6 su 5 stelle<br \/>Posizione nella classifica Bestseller di Amazon\t<br \/>n. 26.835 in Strumenti Musicali (Visualizza i Top 100 nella categoria Strumenti Musicali)<br \/>n. 246 in Microfoni dinamici<br \/>Disponibile su Amazon.it a partire dal\t22 agosto 2012<br \/>Garanzia legale, diritto di recesso e politica dei resi<br \/>Garanzia e recesso:Se vuoi restituire un prodotto entro 30 giorni dal ricevimento perch\u00e9 hai cambiato idea, consulta la nostra pagina d&#8217;aiuto sul Diritto di Recesso. Se hai ricevuto un prodotto difettoso o danneggiato consulta la nostra pagina d&#8217;aiuto sulla Garanzia Legale. Per informazioni specifiche sugli acquisti effettuati su Marketplace consulta la nostra pagina d&#8217;aiuto su Resi e rimborsi per articoli Marketplace.<br \/>Feedback<br \/>Vuoi segnalarci un prezzo pi\u00f9 basso? <br \/>Descrizione prodotto<br \/>Prodipe Microfono dinamico TT1: l&#8217;esperienza sonora di Ludovic Lanen e la collaborazione con una delle migliori fabbriche di microfoni. Il risultato \u00e8 un nuovo microfono &#8211; Prodipe TT1 Ludovic Lane. Un microfono bilanciato ad alto livello di uscita. Il TT1 \u00e8 adatto sia per cantanti esigenti che per oratori e presentatori che apprezzano una riproduzione fedele della loro voce. Un microfono di questa qualit\u00e0 avrebbe potuto essere venduto al prezzo di 150. Prodipe lo vende al prezzo di 39. Questo microfono offre un livello di qualit\u00e0 elevato come molti altri prodotti professionali che uso sulle scene pi\u00f9 importanti. Non lasciarti ingannare dal prezzo e, soprattutto, non confrontarlo con microfoni di bassa qualit\u00e0. Questa \u00e8 la mia conclusione dopo aver completato una serie di test in cui ho testato pi\u00f9 di 100 microfoni. Molti prodotti di test erano molto pi\u00f9 costosi e meno efficienti del microfono che ho ottimizzato per la creazione del Prodipe TT1, di cui posso garantire le prestazioni. Ludovic Lanen Le caratteristiche del microfono vocale dinamico Prodipe TT1: riduzione massima dell&#8217;accoppiamento di ritorno grazie alla direttivit\u00e0 cardioide Suono chiaro, senza pop negli alti Materiale robusto e di alta qualit\u00e0 Anti-pop \/ antivento integrato contro vento e rumori respiratori. Stabile e affidabile Tipo: ipercardioide Risposta in frequenza: 50 Hz &#8211; 16 kHz. Impedenza di uscita: 600D 30% (a 1 kHz). Sensibilit\u00e0: 493 dB (0 dB = 1 V\/0,1 Pa a 1 kHz). Dimensioni interruttore on\/off \u00d8 48 x 185 mm.<\/p>\n","protected":false},"excerpt":{"rendered":"<p>Specifiche prodottoSensibilit\u00e0 audio ?493 DecibelFattore di forma microfono ?HandheldDimensioni articolo: LxPxA ?27,4 x 9,9 x 5,6 cmSorgente di alimentazione ?Con cavoNumero di batterie ?1 C (Tipo di pila necessaria)Materiale ?MetalloRapporto segnale-rumore ?100 dBPiattaforma hardware ?KaraokeNumero di canali ?1Risposta in frequenza ?15 KHzGlobal Trade Identification Number ?03760010251973Produttore ?ProdipeDimensioni prodotto ?27,43 x 9,91 x 5,59 cm; 170 [&hellip;]<\/p>\n","protected":false},"featured_media":28029,"template":"","meta":{"site-sidebar-layout":"default","site-content-layout":"","ast-site-content-layout":"default","site-content-style":"default","site-sidebar-style":"default","ast-global-header-display":"","ast-banner-title-visibility":"","ast-main-header-display":"","ast-hfb-above-header-display":"","ast-hfb-below-header-display":"","ast-hfb-mobile-header-display":"","site-post-title":"","ast-breadcrumbs-content":"","ast-featured-img":"","footer-sml-layout":"","theme-transparent-header-meta":"","adv-header-id-meta":"","stick-header-meta":"","header-above-stick-meta":"","header-main-stick-meta":"","header-below-stick-meta":"","astra-migrate-meta-layouts":"default","ast-page-background-enabled":"default","ast-page-background-meta":{"desktop":{"background-color":"var(--ast-global-color-4)","background-image":"","background-repeat":"repeat","background-position":"center center","background-size":"auto","background-attachment":"scroll","background-type":"","background-media":"","overlay-type":"","overlay-color":"","overlay-opacity":"","overlay-gradient":""},"tablet":{"background-color":"","background-image":"","background-repeat":"repeat","background-position":"center center","background-size":"auto","background-attachment":"scroll","background-type":"","background-media":"","overlay-type":"","overlay-color":"","overlay-opacity":"","overlay-gradient":""},"mobile":{"background-color":"","background-image":"","background-repeat":"repeat","background-position":"center center","background-size":"auto","background-attachment":"scroll","background-type":"","background-media":"","overlay-type":"","overlay-color":"","overlay-opacity":"","overlay-gradient":""}},"ast-content-background-meta":{"desktop":{"background-color":"var(--ast-global-color-5)","background-image":"","background-repeat":"repeat","background-position":"center center","background-size":"auto","background-attachment":"scroll","background-type":"","background-media":"","overlay-type":"","overlay-color":"","overlay-opacity":"","overlay-gradient":""},"tablet":{"background-color":"var(--ast-global-color-5)","background-image":"","background-repeat":"repeat","background-position":"center center","background-size":"auto","background-attachment":"scroll","background-type":"","background-media":"","overlay-type":"","overlay-color":"","overlay-opacity":"","overlay-gradient":""},"mobile":{"background-color":"var(--ast-global-color-5)","background-image":"","background-repeat":"repeat","background-position":"center center","background-size":"auto","background-attachment":"scroll","background-type":"","background-media":"","overlay-type":"","overlay-color":"","overlay-opacity":"","overlay-gradient":""}}},"product_brand":[],"product_cat":[624],"product_tag":[],"class_list":{"0":"post-28027","1":"product","2":"type-product","3":"status-publish","4":"has-post-thumbnail","6":"product_cat-microfoni-per-voce","7":"desktop-align-left","8":"tablet-align-left","9":"mobile-align-left","11":"first","12":"instock","13":"taxable","14":"shipping-taxable","15":"purchasable","16":"product-type-simple"},"_links":{"self":[{"href":"https:\/\/gigionestrumentimusicali.it\/index.php\/wp-json\/wp\/v2\/product\/28027","targetHints":{"allow":["GET"]}}],"collection":[{"href":"https:\/\/gigionestrumentimusicali.it\/index.php\/wp-json\/wp\/v2\/product"}],"about":[{"href":"https:\/\/gigionestrumentimusicali.it\/index.php\/wp-json\/wp\/v2\/types\/product"}],"wp:featuredmedia":[{"embeddable":true,"href":"https:\/\/gigionestrumentimusicali.it\/index.php\/wp-json\/wp\/v2\/media\/28029"}],"wp:attachment":[{"href":"https:\/\/gigionestrumentimusicali.it\/index.php\/wp-json\/wp\/v2\/media?parent=28027"}],"wp:term":[{"taxonomy":"product_brand","embeddable":true,"href":"https:\/\/gigionestrumentimusicali.it\/index.php\/wp-json\/wp\/v2\/product_brand?post=28027"},{"taxonomy":"product_cat","embeddable":true,"href":"https:\/\/gigionestrumentimusicali.it\/index.php\/wp-json\/wp\/v2\/product_cat?post=28027"},{"taxonomy":"product_tag","embeddable":true,"href":"https:\/\/gigionestrumentimusicali.it\/index.php\/wp-json\/wp\/v2\/product_tag?post=28027"}],"curies":[{"name":"wp","href":"https:\/\/api.w.org\/{rel}","templated":true}]}}