{"id":28224,"date":"2026-03-14T15:49:16","date_gmt":"2026-03-14T15:49:16","guid":{"rendered":"https:\/\/gigionestrumentimusicali.it\/index.php\/product\/prodipe-bl21-microfono-per-contrabasso\/"},"modified":"2026-04-04T23:33:46","modified_gmt":"2026-04-04T23:33:46","slug":"prodipe-bl21-microfono-per-contrabasso","status":"publish","type":"product","link":"https:\/\/gigionestrumentimusicali.it\/index.php\/product\/prodipe-bl21-microfono-per-contrabasso\/","title":{"rendered":"PRODIPE BL21 MICROFONO PER CONTRABASSO"},"content":{"rendered":"<p>BL21 Lanen Contrebasse<\/p>\n<p>Una nuovissima gamma di microfoni per la ripresa sonora, sul palco, di tutti i vostri strumenti acustici.<\/p>\n<p>Abbiamo messo a punto una cella \u00c9lectret che pu\u00f2 sopportare fino a 140dB e che, grazie a questa performance, sar\u00e0 in grado di conservare tutto l\u2019involucro armonico che conferisce calore al suono del vostro strumento.<\/p>\n<p>Il microfono BL21 Lanen Contrebasse \u00e8 destinato ai contrabbassi e vi offre una pressione acustica ammissibile molto elevata.<\/p>\n<p>L\u2019enorme variet\u00e0 di grandezze dei contrabbassi necessita di un supporto pi\u00f9 adattabile possibile. E\u2019 per questo che abbiamo concepito un clamp flessibile, ingegnoso e facile da fissare. Il suo collo di cigno flessibile vi permette di sistemare il microfono al centro della ripresa sonora.<\/p>\n<p>Il clamp assicura un isolamento ideale, senza rovinare, n\u00e9 rigare il vostro strumento.<\/p>\n<p>I vantaggi di BL21 Lanen Contrebasse<\/p>\n<p>Suono di una naturalezza eccezionale.<br \/>Pressione acustica ammisibile molto elevata (140dB).<br \/>Compatibile UHF (con il DSP-UHF Bodypack Instrument Prodipe venduto separatamente).<br \/>Montaggio facile e rapido grazie al collo di cigno flessibile.<br \/>Clamp in gomma leggera adatto allo strumento.<br \/>Eccellente livello di isolamento delle vibrazioni dello strumento.<br \/>L\u2019adattatore mini XLR\/XLR assicura la connessione e mantiene il cavo del microfono ben attaccato al vostro strumento (alimentazione phantom richiesta 48v).<\/p>\n","protected":false},"excerpt":{"rendered":"<p>BL21 Lanen Contrebasse Una nuovissima gamma di microfoni per la ripresa sonora, sul palco, di tutti i vostri strumenti acustici. Abbiamo messo a punto una cella \u00c9lectret che pu\u00f2 sopportare fino a 140dB e che, grazie a questa performance, sar\u00e0 in grado di conservare tutto l\u2019involucro armonico che conferisce calore al suono del vostro strumento. [&hellip;]<\/p>\n","protected":false},"featured_media":28225,"template":"","meta":{"site-sidebar-layout":"default","site-content-layout":"","ast-site-content-layout":"default","site-content-style":"default","site-sidebar-style":"default","ast-global-header-display":"","ast-banner-title-visibility":"","ast-main-header-display":"","ast-hfb-above-header-display":"","ast-hfb-below-header-display":"","ast-hfb-mobile-header-display":"","site-post-title":"","ast-breadcrumbs-content":"","ast-featured-img":"","footer-sml-layout":"","theme-transparent-header-meta":"","adv-header-id-meta":"","stick-header-meta":"","header-above-stick-meta":"","header-main-stick-meta":"","header-below-stick-meta":"","astra-migrate-meta-layouts":"default","ast-page-background-enabled":"default","ast-page-background-meta":{"desktop":{"background-color":"var(--ast-global-color-4)","background-image":"","background-repeat":"repeat","background-position":"center center","background-size":"auto","background-attachment":"scroll","background-type":"","background-media":"","overlay-type":"","overlay-color":"","overlay-opacity":"","overlay-gradient":""},"tablet":{"background-color":"","background-image":"","background-repeat":"repeat","background-position":"center center","background-size":"auto","background-attachment":"scroll","background-type":"","background-media":"","overlay-type":"","overlay-color":"","overlay-opacity":"","overlay-gradient":""},"mobile":{"background-color":"","background-image":"","background-repeat":"repeat","background-position":"center center","background-size":"auto","background-attachment":"scroll","background-type":"","background-media":"","overlay-type":"","overlay-color":"","overlay-opacity":"","overlay-gradient":""}},"ast-content-background-meta":{"desktop":{"background-color":"var(--ast-global-color-5)","background-image":"","background-repeat":"repeat","background-position":"center center","background-size":"auto","background-attachment":"scroll","background-type":"","background-media":"","overlay-type":"","overlay-color":"","overlay-opacity":"","overlay-gradient":""},"tablet":{"background-color":"var(--ast-global-color-5)","background-image":"","background-repeat":"repeat","background-position":"center center","background-size":"auto","background-attachment":"scroll","background-type":"","background-media":"","overlay-type":"","overlay-color":"","overlay-opacity":"","overlay-gradient":""},"mobile":{"background-color":"var(--ast-global-color-5)","background-image":"","background-repeat":"repeat","background-position":"center center","background-size":"auto","background-attachment":"scroll","background-type":"","background-media":"","overlay-type":"","overlay-color":"","overlay-opacity":"","overlay-gradient":""}}},"product_brand":[],"product_cat":[623],"product_tag":[],"class_list":{"0":"post-28224","1":"product","2":"type-product","3":"status-publish","4":"has-post-thumbnail","6":"product_cat-microfoni-per-strumenti","7":"desktop-align-left","8":"tablet-align-left","9":"mobile-align-left","11":"first","12":"instock","13":"taxable","14":"shipping-taxable","15":"purchasable","16":"product-type-simple"},"_links":{"self":[{"href":"https:\/\/gigionestrumentimusicali.it\/index.php\/wp-json\/wp\/v2\/product\/28224","targetHints":{"allow":["GET"]}}],"collection":[{"href":"https:\/\/gigionestrumentimusicali.it\/index.php\/wp-json\/wp\/v2\/product"}],"about":[{"href":"https:\/\/gigionestrumentimusicali.it\/index.php\/wp-json\/wp\/v2\/types\/product"}],"wp:featuredmedia":[{"embeddable":true,"href":"https:\/\/gigionestrumentimusicali.it\/index.php\/wp-json\/wp\/v2\/media\/28225"}],"wp:attachment":[{"href":"https:\/\/gigionestrumentimusicali.it\/index.php\/wp-json\/wp\/v2\/media?parent=28224"}],"wp:term":[{"taxonomy":"product_brand","embeddable":true,"href":"https:\/\/gigionestrumentimusicali.it\/index.php\/wp-json\/wp\/v2\/product_brand?post=28224"},{"taxonomy":"product_cat","embeddable":true,"href":"https:\/\/gigionestrumentimusicali.it\/index.php\/wp-json\/wp\/v2\/product_cat?post=28224"},{"taxonomy":"product_tag","embeddable":true,"href":"https:\/\/gigionestrumentimusicali.it\/index.php\/wp-json\/wp\/v2\/product_tag?post=28224"}],"curies":[{"name":"wp","href":"https:\/\/api.w.org\/{rel}","templated":true}]}}